{"id":91027,"date":"2025-12-08T19:53:35","date_gmt":"2025-12-08T18:53:35","guid":{"rendered":"https:\/\/langedykvintagewatches.com\/?post_type=product&#038;p=91027"},"modified":"2026-01-04T14:40:58","modified_gmt":"2026-01-04T13:40:58","slug":"rolex-gmt-master-ii-126711chnr-6","status":"publish","type":"product","link":"https:\/\/langedykvintagewatches.com\/nl\/product\/rolex-gmt-master-ii-126711chnr-6\/","title":{"rendered":"NEW Rolex GMT-Master II Rootbeer 126711CHNR 2025 (Vollst\u00e4ndiger Satz)"},"content":{"rendered":"","protected":false},"excerpt":{"rendered":"<p>Rolex GMT-Master II Rootbeer Referenz 126711CHNR aus dem Jahr 2025 inklusive Komplettset. Die GMT-Master II 126711CHNR misst ein 40mm Ros\u00e9gold- und Edelstahlgeh\u00e4use, ein zweifarbiges Oyster-Armband mit Oysterclasp und CH\/NR Keramikl\u00fcnette. Die GMT-Master II 126711CHNR verf\u00fcgt \u00fcber ein Automatikkaliber 3285 mit Schnellverstellung des Datums, ein kratzfestes Saphirglas und ein schwarzes Zifferblatt mit Chromalight-Anzeige.<\/p>\n<p>Jede Uhr, die von Langedyk Vintage Watches verkauft wird, wird mit einer LVW-Uhrenbox, einem Echtheitsbericht und einem kostenlosen weltweiten (versicherten) Versand geliefert. Dar\u00fcber hinaus wird jede gebrauchte Uhr mit unserer 12-monatigen Garantie ab Kaufdatum angeboten.<\/p>\n<p>Wenn Sie Fragen haben oder zus\u00e4tzliche Informationen zu dieser Uhr erhalten m\u00f6chten, k\u00f6nnen Sie uns gerne telefonisch oder per E-Mail kontaktieren. Wir werden Ihre Anfrage so schnell wie m\u00f6glich beantworten.<\/p>\n<p>Werfen Sie auch einen Blick auf unser komplettes Angebot an Rolex GMT-Master II Uhren.<\/p>\n","protected":false},"featured_media":92807,"template":"","meta":{"_acf_changed":false},"product_brand":[],"product_cat":[480,1724,492,499,481,483,484,498,2599],"product_tag":[],"class_list":{"0":"post-91027","1":"product","2":"type-product","3":"status-publish","4":"has-post-thumbnail","5":"product_cat-heren-horloges","6":"product_cat-126711chnr-nl","7":"product_cat-gmt-master-ii","8":"product_cat-horloges","9":"product_cat-nieuw-binnen","10":"product_cat-rolex-nl-2","11":"product_cat-rolex-horloges","12":"product_cat-unisex-horloges","13":"product_cat-verkochte-horloges","15":"first","16":"outofstock","17":"taxable","18":"shipping-taxable","19":"purchasable","20":"product-type-simple"},"acf":[],"_links":{"self":[{"href":"https:\/\/langedykvintagewatches.com\/nl\/wp-json\/wp\/v2\/product\/91027","targetHints":{"allow":["GET"]}}],"collection":[{"href":"https:\/\/langedykvintagewatches.com\/nl\/wp-json\/wp\/v2\/product"}],"about":[{"href":"https:\/\/langedykvintagewatches.com\/nl\/wp-json\/wp\/v2\/types\/product"}],"wp:featuredmedia":[{"embeddable":true,"href":"https:\/\/langedykvintagewatches.com\/nl\/wp-json\/wp\/v2\/media\/92807"}],"wp:attachment":[{"href":"https:\/\/langedykvintagewatches.com\/nl\/wp-json\/wp\/v2\/media?parent=91027"}],"wp:term":[{"taxonomy":"product_brand","embeddable":true,"href":"https:\/\/langedykvintagewatches.com\/nl\/wp-json\/wp\/v2\/product_brand?post=91027"},{"taxonomy":"product_cat","embeddable":true,"href":"https:\/\/langedykvintagewatches.com\/nl\/wp-json\/wp\/v2\/product_cat?post=91027"},{"taxonomy":"product_tag","embeddable":true,"href":"https:\/\/langedykvintagewatches.com\/nl\/wp-json\/wp\/v2\/product_tag?post=91027"}],"curies":[{"name":"wp","href":"https:\/\/api.w.org\/{rel}","templated":true}]}}