{"id":99557,"date":"2026-01-13T10:08:14","date_gmt":"2026-01-13T09:08:14","guid":{"rendered":"https:\/\/langedykvintagewatches.com\/?post_type=product&#038;p=99557"},"modified":"2026-02-01T13:27:56","modified_gmt":"2026-02-01T12:27:56","slug":"rolex-datejust-41-blue-126334-2025-full-set-copy","status":"publish","type":"product","link":"https:\/\/langedykvintagewatches.com\/de\/produkt\/rolex-datejust-41-blue-126334-2025-full-set-copy\/","title":{"rendered":"Rolex Datejust 41 Blue 126334 2026 (Vollst\u00e4ndiger Set)"},"content":{"rendered":"","protected":false},"excerpt":{"rendered":"<p data-start=\"43\" data-end=\"466\">Rolex Oyster Perpetual Datejust Referenz 126334 aus dem Jahr 2026 inklusive Full Set. Die Datejust 126334 verf\u00fcgt \u00fcber ein 41-mm-Edelstahlgeh\u00e4use, ein Edelstahl-Oysterarmband (904L) mit Oysterclasp sowie eine geriffelte L\u00fcnette aus 18 Karat Wei\u00dfgold. Dieses Modell ist mit dem automatischen Uhrwerk Kaliber 3235 ausgestattet, inklusive Schnellverstellung des Datums, kratzfestem Saphirglas und einem blauen Zifferblatt.<\/p>\n<p data-start=\"468\" data-end=\"737\">Jede von uns verkaufte gebrauchte Uhr wird mit einer 12-monatigen Garantie ab dem Kaufdatum geliefert. Jede Uhr von Langedyk Vintage Watches wird mit einer LVW-Uhrenbox, einem Echtheitszertifikat sowie kostenlosem weltweitem (versichertem) Versand ausgeliefert.<\/p>\n<p data-start=\"739\" data-end=\"1025\">Bei Fragen oder wenn Sie weitere Informationen zu dieser Uhr w\u00fcnschen, kontaktieren Sie uns gerne telefonisch oder per E-Mail. Wir werden Ihre Anfrage so schnell wie m\u00f6glich beantworten.<\/p>\n<p data-start=\"739\" data-end=\"1025\">Bitte werfen Sie auch einen Blick auf unsere vollst\u00e4ndige Kollektion an Rolex Datejust Uhren.<\/p>\n","protected":false},"featured_media":102774,"template":"","meta":{"_acf_changed":false},"product_brand":[],"product_cat":[1915,1942,2022,1922,1909,1910,1914],"product_tag":[],"class_list":{"0":"post-99557","1":"product","2":"type-product","3":"status-publish","4":"has-post-thumbnail","5":"product_cat-rolex-brands-de","6":"product_cat-126334-de","7":"product_cat-armbanduhren","8":"product_cat-datejust-de","9":"product_cat-herrenuhren","10":"product_cat-neu-eingetroffen","11":"product_cat-rolex-de","13":"first","14":"instock","15":"taxable","16":"shipping-taxable","17":"purchasable","18":"product-type-simple"},"acf":[],"_links":{"self":[{"href":"https:\/\/langedykvintagewatches.com\/de\/wp-json\/wp\/v2\/product\/99557","targetHints":{"allow":["GET"]}}],"collection":[{"href":"https:\/\/langedykvintagewatches.com\/de\/wp-json\/wp\/v2\/product"}],"about":[{"href":"https:\/\/langedykvintagewatches.com\/de\/wp-json\/wp\/v2\/types\/product"}],"wp:featuredmedia":[{"embeddable":true,"href":"https:\/\/langedykvintagewatches.com\/de\/wp-json\/wp\/v2\/media\/102774"}],"wp:attachment":[{"href":"https:\/\/langedykvintagewatches.com\/de\/wp-json\/wp\/v2\/media?parent=99557"}],"wp:term":[{"taxonomy":"product_brand","embeddable":true,"href":"https:\/\/langedykvintagewatches.com\/de\/wp-json\/wp\/v2\/product_brand?post=99557"},{"taxonomy":"product_cat","embeddable":true,"href":"https:\/\/langedykvintagewatches.com\/de\/wp-json\/wp\/v2\/product_cat?post=99557"},{"taxonomy":"product_tag","embeddable":true,"href":"https:\/\/langedykvintagewatches.com\/de\/wp-json\/wp\/v2\/product_tag?post=99557"}],"curies":[{"name":"wp","href":"https:\/\/api.w.org\/{rel}","templated":true}]}}