{"id":98311,"date":"2025-12-09T10:19:08","date_gmt":"2025-12-09T09:19:08","guid":{"rendered":"https:\/\/langedykvintagewatches.com\/?post_type=product&#038;p=98311"},"modified":"2025-12-09T10:19:20","modified_gmt":"2025-12-09T09:19:20","slug":"cartier-santos-wssa0039-2","status":"publish","type":"product","link":"https:\/\/langedykvintagewatches.com\/de\/produkt\/cartier-santos-wssa0039-2\/","title":{"rendered":"NEW Cartier Santos Black WSSA0039 2025 (vollst\u00e4ndiger Satz)"},"content":{"rendered":"","protected":false},"excerpt":{"rendered":"<div>Cartier Santos schwarz Referenz WSSA0039 einschlie\u00dflich vollst\u00e4ndiger Satz. Die Cartier Santos hat ein 47.5 mm x 39.8 mm gro\u00dfes Edelstahlgeh\u00e4use (9,38mm dick), eine glatte Edelstahll\u00fcnette und ein Armband mit verdeckter Schmetterlingsschlie\u00dfe. Die Cartier Santos WSSA0039 hat ein schwarzes Opalinenzifferblatt mit den klassischen wei\u00dfe r\u00f6mischen Indexen und blauen Zeigern im Cartier-Stil. Diese Cartier Santos WSSA0039 hat ein Automatikwerk mit Saphirglas auf der Oberseite. Zwischen den Kronensch\u00fctzern der Uhr befindet sich die markante blaue Saphirkrone.<\/div>\n<div>Jede Uhr aus unserer Kollektion wird mit einer TF-Uhrenbox, einem Echtheitszertifikat und einer 3-monatigen Garantie geliefert. Au\u00dferdem werden alle unsere Uhren innerhalb Europas kostenlos und versichert verschickt.<\/div>\n<div><\/div>\n<div>Haben Sie Fragen oder m\u00f6chten Sie weitere Informationen zu dieser Uhr erhalten? Bitte z\u00f6gern Sie nicht, uns telefonisch zu kontaktieren oder uns eine E-Mail zu schicken. Wir werden versuchen, Ihre Anfrage so schnell wie m\u00f6glich innerhalb von 24 Stunden zu beantworten.<\/div>\n","protected":false},"featured_media":98690,"template":"","meta":{"_acf_changed":false},"product_brand":[],"product_cat":[1909,2022,3129,1910,2600],"product_tag":[],"class_list":{"0":"post-98311","1":"product","2":"type-product","3":"status-publish","4":"has-post-thumbnail","5":"product_cat-herrenuhren","6":"product_cat-armbanduhren","7":"product_cat-cartier","8":"product_cat-neu-eingetroffen","9":"product_cat-verkaufte-uhren","11":"first","12":"outofstock","13":"taxable","14":"shipping-taxable","15":"purchasable","16":"product-type-simple"},"acf":[],"_links":{"self":[{"href":"https:\/\/langedykvintagewatches.com\/de\/wp-json\/wp\/v2\/product\/98311","targetHints":{"allow":["GET"]}}],"collection":[{"href":"https:\/\/langedykvintagewatches.com\/de\/wp-json\/wp\/v2\/product"}],"about":[{"href":"https:\/\/langedykvintagewatches.com\/de\/wp-json\/wp\/v2\/types\/product"}],"wp:featuredmedia":[{"embeddable":true,"href":"https:\/\/langedykvintagewatches.com\/de\/wp-json\/wp\/v2\/media\/98690"}],"wp:attachment":[{"href":"https:\/\/langedykvintagewatches.com\/de\/wp-json\/wp\/v2\/media?parent=98311"}],"wp:term":[{"taxonomy":"product_brand","embeddable":true,"href":"https:\/\/langedykvintagewatches.com\/de\/wp-json\/wp\/v2\/product_brand?post=98311"},{"taxonomy":"product_cat","embeddable":true,"href":"https:\/\/langedykvintagewatches.com\/de\/wp-json\/wp\/v2\/product_cat?post=98311"},{"taxonomy":"product_tag","embeddable":true,"href":"https:\/\/langedykvintagewatches.com\/de\/wp-json\/wp\/v2\/product_tag?post=98311"}],"curies":[{"name":"wp","href":"https:\/\/api.w.org\/{rel}","templated":true}]}}