{"id":97707,"date":"2026-02-24T11:11:38","date_gmt":"2026-02-24T10:11:38","guid":{"rendered":"https:\/\/langedykvintagewatches.com\/?post_type=product&#038;p=97707"},"modified":"2026-02-24T13:23:47","modified_gmt":"2026-02-24T12:23:47","slug":"rolex-gmt-master-ii-126715chnr-3","status":"publish","type":"product","link":"https:\/\/langedykvintagewatches.com\/de\/produkt\/rolex-gmt-master-ii-126715chnr-3\/","title":{"rendered":"Rolex GMT-Master II 126715CHNR 2020 (Vollst\u00e4ndiger Satz)"},"content":{"rendered":"","protected":false},"excerpt":{"rendered":"<p>Rolex GMT-Master II Referenz 126715CHNR aus dem Jahr 2020 inklusive Komplettset. Die GMT-Master II 126715CHNR misst ein 40mm Ros\u00e9goldgeh\u00e4use, ein Oyster-Armband mit Oysterclasp und CH\/NR Keramikl\u00fcnette. Die GMT-Master II 126715CHNR verf\u00fcgt \u00fcber ein Automatikkaliber 3285 mit Schnellverstellung des Datums, ein kratzfestes Saphirglas und ein schwarzes Zifferblatt mit Chromalight-Anzeige.<\/p>\n<p>Jede Uhr, die von Langedyk Vintage Watches verkauft wird, wird mit einer LVW-Uhrenbox, einem Echtheitsbericht und einem kostenlosen weltweiten (versicherten) Versand geliefert. Dar\u00fcber hinaus wird jede gebrauchte Uhr mit unserer 12-monatigen Garantie ab Kaufdatum angeboten.<\/p>\n<p>Wenn Sie Fragen haben oder zus\u00e4tzliche Informationen zu dieser Uhr erhalten m\u00f6chten, k\u00f6nnen Sie uns gerne telefonisch oder per E-Mail kontaktieren. Wir werden Ihre Anfrage so schnell wie m\u00f6glich beantworten.<\/p>\n<p>Werfen Sie auch einen Blick auf unser komplettes Angebot an Rolex<a href=\"https:\/\/langedykvintagewatches.com\/de\/rolex-brands-de\/gmt-master-ii-de\/\"> GMT-Master II<\/a> Uhren.<\/p>\n","protected":false},"featured_media":104392,"template":"","meta":{"_acf_changed":false},"product_brand":[],"product_cat":[1909,2022,1979,1910,1915,1914,2021],"product_tag":[],"class_list":{"0":"post-97707","1":"product","2":"type-product","3":"status-publish","4":"has-post-thumbnail","5":"product_cat-herrenuhren","6":"product_cat-armbanduhren","7":"product_cat-gmt-master-ii-de","8":"product_cat-neu-eingetroffen","9":"product_cat-rolex-brands-de","10":"product_cat-rolex-de","11":"product_cat-unisex-armbanduhren","13":"first","14":"instock","15":"taxable","16":"shipping-taxable","17":"purchasable","18":"product-type-simple"},"acf":[],"_links":{"self":[{"href":"https:\/\/langedykvintagewatches.com\/de\/wp-json\/wp\/v2\/product\/97707","targetHints":{"allow":["GET"]}}],"collection":[{"href":"https:\/\/langedykvintagewatches.com\/de\/wp-json\/wp\/v2\/product"}],"about":[{"href":"https:\/\/langedykvintagewatches.com\/de\/wp-json\/wp\/v2\/types\/product"}],"wp:featuredmedia":[{"embeddable":true,"href":"https:\/\/langedykvintagewatches.com\/de\/wp-json\/wp\/v2\/media\/104392"}],"wp:attachment":[{"href":"https:\/\/langedykvintagewatches.com\/de\/wp-json\/wp\/v2\/media?parent=97707"}],"wp:term":[{"taxonomy":"product_brand","embeddable":true,"href":"https:\/\/langedykvintagewatches.com\/de\/wp-json\/wp\/v2\/product_brand?post=97707"},{"taxonomy":"product_cat","embeddable":true,"href":"https:\/\/langedykvintagewatches.com\/de\/wp-json\/wp\/v2\/product_cat?post=97707"},{"taxonomy":"product_tag","embeddable":true,"href":"https:\/\/langedykvintagewatches.com\/de\/wp-json\/wp\/v2\/product_tag?post=97707"}],"curies":[{"name":"wp","href":"https:\/\/api.w.org\/{rel}","templated":true}]}}