{"id":97476,"date":"2025-12-03T14:49:02","date_gmt":"2025-12-03T13:49:02","guid":{"rendered":"https:\/\/langedykvintagewatches.com\/?post_type=product&#038;p=97476"},"modified":"2026-03-09T12:35:17","modified_gmt":"2026-03-09T11:35:17","slug":"rolex-submariner-126613lb-5","status":"publish","type":"product","link":"https:\/\/langedykvintagewatches.com\/de\/produkt\/rolex-submariner-126613lb-5\/","title":{"rendered":"Rolex Submariner Blue 126613LB 2025 (Vollst\u00e4ndiger Satz)"},"content":{"rendered":"","protected":false},"excerpt":{"rendered":"<p>Rolex Submariner Date Referenz 126613LB. Die Submariner Date misst ein 41mm Gold \/ Edelstahl-Geh\u00e4use, ein Gold \/ Edelstahl Oyster Armband w \/ Oysterlock Schlie\u00dfe und eine Keramik (drehbar) L\u00fcnette. Die Submariner Date 116613LB verf\u00fcgt \u00fcber ein Automatikwerk Kaliber 3135, ein kratzfestes Saphirglas und ein blaues Zifferblatt mit Chromalight-Anzeige.<\/p>\n<p>Jede Uhr, die von Langedyk Vintage Watches verkauft wird, wird mit einer LVW-Uhrenbox, einem Echtheitsbericht und einem kostenlosen weltweiten (versicherten) Versand geliefert. Dar\u00fcber hinaus wird jede gebrauchte Uhr mit unserer 12-monatigen Garantie ab Kaufdatum angeboten.<\/p>\n<p>Wenn Sie Fragen haben oder weitere Informationen zu dieser Uhr erhalten m\u00f6chten, kontaktieren Sie uns bitte per Telefon oder E-Mail. Wir werden Ihre Anfrage so schnell wie m\u00f6glich beantworten.<\/p>\n<p>Werfen Sie auch einen Blick auf unser komplettes Angebot an Rolex <a href=\"https:\/\/langedykvintagewatches.com\/de\/rolex-brands-de\/submariner-de\/\">Submariner<\/a> Uhren.<\/p>\n","protected":false},"featured_media":92671,"template":"","meta":{"_acf_changed":false},"product_brand":[],"product_cat":[3270,2022,1909,1910,1914,1915,2001],"product_tag":[],"class_list":{"0":"post-97476","1":"product","2":"type-product","3":"status-publish","4":"has-post-thumbnail","5":"product_cat-126613lb","6":"product_cat-armbanduhren","7":"product_cat-herrenuhren","8":"product_cat-neu-eingetroffen","9":"product_cat-rolex-de","10":"product_cat-rolex-brands-de","11":"product_cat-submariner-de","13":"first","14":"instock","15":"taxable","16":"shipping-taxable","17":"purchasable","18":"product-type-simple"},"acf":[],"_links":{"self":[{"href":"https:\/\/langedykvintagewatches.com\/de\/wp-json\/wp\/v2\/product\/97476","targetHints":{"allow":["GET"]}}],"collection":[{"href":"https:\/\/langedykvintagewatches.com\/de\/wp-json\/wp\/v2\/product"}],"about":[{"href":"https:\/\/langedykvintagewatches.com\/de\/wp-json\/wp\/v2\/types\/product"}],"wp:featuredmedia":[{"embeddable":true,"href":"https:\/\/langedykvintagewatches.com\/de\/wp-json\/wp\/v2\/media\/92671"}],"wp:attachment":[{"href":"https:\/\/langedykvintagewatches.com\/de\/wp-json\/wp\/v2\/media?parent=97476"}],"wp:term":[{"taxonomy":"product_brand","embeddable":true,"href":"https:\/\/langedykvintagewatches.com\/de\/wp-json\/wp\/v2\/product_brand?post=97476"},{"taxonomy":"product_cat","embeddable":true,"href":"https:\/\/langedykvintagewatches.com\/de\/wp-json\/wp\/v2\/product_cat?post=97476"},{"taxonomy":"product_tag","embeddable":true,"href":"https:\/\/langedykvintagewatches.com\/de\/wp-json\/wp\/v2\/product_tag?post=97476"}],"curies":[{"name":"wp","href":"https:\/\/api.w.org\/{rel}","templated":true}]}}