{"id":97025,"date":"2025-12-02T11:00:01","date_gmt":"2025-12-02T10:00:01","guid":{"rendered":"https:\/\/langedykvintagewatches.com\/?post_type=product&#038;p=97025"},"modified":"2025-12-02T11:00:23","modified_gmt":"2025-12-02T10:00:23","slug":"rolex-daytona-126618ln","status":"publish","type":"product","link":"https:\/\/langedykvintagewatches.com\/de\/produkt\/rolex-daytona-126618ln\/","title":{"rendered":"Rolex Submariner Black 126618LN 2021 (Vollst\u00e4ndiger Satz)"},"content":{"rendered":"","protected":false},"excerpt":{"rendered":"<p class=\"p1\">Rolex Submariner Referenz 126618LN aus dem Jahr 2021 inklusive Komplettset. Die Rolex Submariner Referenz 126618LN misst ein 40 mm gro\u00dfes Geh\u00e4use aus 18 Karat Gelbgold, verf\u00fcgt \u00fcber ein Gelbgolden Oysterband, eine Keramikl\u00fcnette und ein schwarzes Zifferblatt mit Saphirglas. Die Rolex Submariner 126618LN wird von einem hauseigenen Kaliber 4131 angetrieben, das \u00fcber eine Chronographenfunktion verf\u00fcgt, mit der Sie Ihre Aktivit\u00e4ten pr\u00e4zise und einfach messen k\u00f6nnen.<\/p>\n<p>Jede Uhr, die von Langedyk Vintage Watches verkauft wird, wird mit einer LVW-Uhrenbox, einem Echtheitsbericht und einem kostenlosen weltweiten (versicherten) Versand geliefert. Dar\u00fcber hinaus wird jede gebrauchte Uhr mit unserer 12-monatigen Garantie ab dem Kaufdatum angeboten.<\/p>\n<p>Wenn Sie Fragen haben oder zus\u00e4tzliche Informationen zu dieser Uhr erhalten m\u00f6chten, k\u00f6nnen Sie uns gerne telefonisch oder per E-Mail kontaktieren. Wir werden Ihre Anfrage so schnell wie m\u00f6glich beantworten.<\/p>\n<p>Werfen Sie bitte auch einen Blick auf unser komplettes Angebot an <a href=\"https:\/\/langedykvintagewatches.com\/de\/rolex-brands-de\/daytona-de\/\">Rolex <\/a>Uhren.<\/p>\n","protected":false},"featured_media":97187,"template":"","meta":{"_acf_changed":false},"product_brand":[],"product_cat":[1909,2022,1910,1914,1915,2001,2600],"product_tag":[],"class_list":{"0":"post-97025","1":"product","2":"type-product","3":"status-publish","4":"has-post-thumbnail","5":"product_cat-herrenuhren","6":"product_cat-armbanduhren","7":"product_cat-neu-eingetroffen","8":"product_cat-rolex-de","9":"product_cat-rolex-brands-de","10":"product_cat-submariner-de","11":"product_cat-verkaufte-uhren","13":"first","14":"outofstock","15":"purchasable","16":"product-type-simple"},"acf":[],"_links":{"self":[{"href":"https:\/\/langedykvintagewatches.com\/de\/wp-json\/wp\/v2\/product\/97025","targetHints":{"allow":["GET"]}}],"collection":[{"href":"https:\/\/langedykvintagewatches.com\/de\/wp-json\/wp\/v2\/product"}],"about":[{"href":"https:\/\/langedykvintagewatches.com\/de\/wp-json\/wp\/v2\/types\/product"}],"wp:featuredmedia":[{"embeddable":true,"href":"https:\/\/langedykvintagewatches.com\/de\/wp-json\/wp\/v2\/media\/97187"}],"wp:attachment":[{"href":"https:\/\/langedykvintagewatches.com\/de\/wp-json\/wp\/v2\/media?parent=97025"}],"wp:term":[{"taxonomy":"product_brand","embeddable":true,"href":"https:\/\/langedykvintagewatches.com\/de\/wp-json\/wp\/v2\/product_brand?post=97025"},{"taxonomy":"product_cat","embeddable":true,"href":"https:\/\/langedykvintagewatches.com\/de\/wp-json\/wp\/v2\/product_cat?post=97025"},{"taxonomy":"product_tag","embeddable":true,"href":"https:\/\/langedykvintagewatches.com\/de\/wp-json\/wp\/v2\/product_tag?post=97025"}],"curies":[{"name":"wp","href":"https:\/\/api.w.org\/{rel}","templated":true}]}}