{"id":95624,"date":"2025-11-19T10:20:07","date_gmt":"2025-11-19T09:20:07","guid":{"rendered":"https:\/\/langedykvintagewatches.com\/?post_type=product&#038;p=95624"},"modified":"2025-11-19T22:08:21","modified_gmt":"2025-11-19T21:08:21","slug":"cartier-santos-medium-wgsa0030-2","status":"publish","type":"product","link":"https:\/\/langedykvintagewatches.com\/de\/produkt\/cartier-santos-medium-wgsa0030-2\/","title":{"rendered":"NEW Cartier Santos Medium WGSA0030 2025(Komplettset)"},"content":{"rendered":"","protected":false},"excerpt":{"rendered":"<div>Cartier Santos mittel Referenz WGSA0030 einschlie\u00dflich vollst\u00e4ndiger Satz. Die Cartier Santos hat ein 41,9 \u00d7 35,1 mm gro\u00dfes Gelbgoldgeh\u00e4use (8,8 mm dick), eine glatte Gelbgoldll\u00fcnette und ein Armband mit verdeckter Schmetterlingsschlie\u00dfe. Die Cartier Santos WGSA0030 hat ein silberfarbenes Opalinenzifferblatt mit den klassischen schwarzen r\u00f6mischen Indexen und blauen Zeigern im Cartier-Stil. Diese Cartier Santos WGSA0030 hat ein Automatikwerk mit Saphirglas auf der Oberseite. Zwischen den Kronensch\u00fctzern der Uhr befindet sich die markante blaue Saphirkrone.<\/div>\n<div>Jede Uhr aus unserer Kollektion wird mit einer TF-Uhrenbox, einem Echtheitszertifikat und einer 3-monatigen Garantie geliefert. Au\u00dferdem werden alle unsere Uhren innerhalb Europas kostenlos und versichert verschickt.<\/div>\n<div><\/div>\n<div>Haben Sie Fragen oder m\u00f6chten Sie weitere Informationen zu dieser Uhr erhalten? Bitte z\u00f6gern Sie nicht, uns telefonisch zu kontaktieren oder uns eine E-Mail zu schicken. Wir werden versuchen, Ihre Anfrage so schnell wie m\u00f6glich innerhalb von 24 Stunden zu beantworten.<\/div>\n","protected":false},"featured_media":95024,"template":"","meta":{"_acf_changed":false},"product_brand":[],"product_cat":[1909,2022,3129,2023,1910,2021,2600],"product_tag":[],"class_list":{"0":"post-95624","1":"product","2":"type-product","3":"status-publish","4":"has-post-thumbnail","5":"product_cat-herrenuhren","6":"product_cat-armbanduhren","7":"product_cat-cartier","8":"product_cat-damenuhren","9":"product_cat-neu-eingetroffen","10":"product_cat-unisex-armbanduhren","11":"product_cat-verkaufte-uhren","13":"first","14":"outofstock","15":"taxable","16":"shipping-taxable","17":"purchasable","18":"product-type-simple"},"acf":[],"_links":{"self":[{"href":"https:\/\/langedykvintagewatches.com\/de\/wp-json\/wp\/v2\/product\/95624","targetHints":{"allow":["GET"]}}],"collection":[{"href":"https:\/\/langedykvintagewatches.com\/de\/wp-json\/wp\/v2\/product"}],"about":[{"href":"https:\/\/langedykvintagewatches.com\/de\/wp-json\/wp\/v2\/types\/product"}],"wp:featuredmedia":[{"embeddable":true,"href":"https:\/\/langedykvintagewatches.com\/de\/wp-json\/wp\/v2\/media\/95024"}],"wp:attachment":[{"href":"https:\/\/langedykvintagewatches.com\/de\/wp-json\/wp\/v2\/media?parent=95624"}],"wp:term":[{"taxonomy":"product_brand","embeddable":true,"href":"https:\/\/langedykvintagewatches.com\/de\/wp-json\/wp\/v2\/product_brand?post=95624"},{"taxonomy":"product_cat","embeddable":true,"href":"https:\/\/langedykvintagewatches.com\/de\/wp-json\/wp\/v2\/product_cat?post=95624"},{"taxonomy":"product_tag","embeddable":true,"href":"https:\/\/langedykvintagewatches.com\/de\/wp-json\/wp\/v2\/product_tag?post=95624"}],"curies":[{"name":"wp","href":"https:\/\/api.w.org\/{rel}","templated":true}]}}