{"id":92409,"date":"2025-10-28T09:31:50","date_gmt":"2025-10-28T08:31:50","guid":{"rendered":"https:\/\/langedykvintagewatches.com\/?post_type=product&#038;p=92409"},"modified":"2025-10-28T09:32:08","modified_gmt":"2025-10-28T08:32:08","slug":"rolex-oyster-perpetual-277200-3","status":"publish","type":"product","link":"https:\/\/langedykvintagewatches.com\/de\/produkt\/rolex-oyster-perpetual-277200-3\/","title":{"rendered":"NEW Rolex Oyster Perpetual Green 277200 Tiffany 2025 (Vollst\u00e4ndiger Satz)"},"content":{"rendered":"","protected":false},"excerpt":{"rendered":"<p>Rolex Oyster Perpetual Referenz 277200 inklusive Komplettset. Die Oyster Perpetual Referenz 277200 misst ein 31mm Edelstahlgeh\u00e4use, ein Edelstahl-Oyster-Armband mit Oysterclasp und glatter Edelstahll\u00fcnette. Die Oyster Perpetual Referenz 277200 besitzt ein Automatikwerk Kaliber 2232, ein kratzfestes Saphirglas und ein Gr\u00fcnes Zifferblatt mit Chromalight-Anzeige.<\/p>\n<p>Auf jede gebrauchte Uhr, die wir verkaufen, gew\u00e4hren wir 12 Monate Garantie ab Kaufdatum. Jede von Langedyk Vintage Watches verkaufte Uhr wird mit einer LVW-Uhrenbox, einem Echtheitsbericht und einem kostenlosen weltweiten (versicherten) Versand geliefert.<\/p>\n<p>Wenn Sie Fragen haben oder weitere Informationen zu dieser Uhr erhalten m\u00f6chten, k\u00f6nnen Sie uns gerne telefonisch oder per E-Mail kontaktieren. Wir werden so schnell wie m\u00f6glich auf Ihre Anfrage reagieren.<\/p>\n<p>Werfen Sie auch einen Blick auf unsere komplette Kollektion von Rolex <a href=\"https:\/\/langedykvintagewatches.com\/de\/rolex-brands-de\/oyster-perpetual-de\/\">Oyster Perpetual<\/a> Uhren.<\/p>\n","protected":false},"featured_media":98189,"template":"","meta":{"_acf_changed":false},"product_brand":[],"product_cat":[1909,2022,1910,1988,1914,1915],"product_tag":[],"class_list":{"0":"post-92409","1":"product","2":"type-product","3":"status-publish","4":"has-post-thumbnail","5":"product_cat-herrenuhren","6":"product_cat-armbanduhren","7":"product_cat-neu-eingetroffen","8":"product_cat-oyster-perpetual-de","9":"product_cat-rolex-de","10":"product_cat-rolex-brands-de","12":"first","13":"instock","14":"taxable","15":"shipping-taxable","16":"purchasable","17":"product-type-simple"},"acf":[],"_links":{"self":[{"href":"https:\/\/langedykvintagewatches.com\/de\/wp-json\/wp\/v2\/product\/92409","targetHints":{"allow":["GET"]}}],"collection":[{"href":"https:\/\/langedykvintagewatches.com\/de\/wp-json\/wp\/v2\/product"}],"about":[{"href":"https:\/\/langedykvintagewatches.com\/de\/wp-json\/wp\/v2\/types\/product"}],"wp:featuredmedia":[{"embeddable":true,"href":"https:\/\/langedykvintagewatches.com\/de\/wp-json\/wp\/v2\/media\/98189"}],"wp:attachment":[{"href":"https:\/\/langedykvintagewatches.com\/de\/wp-json\/wp\/v2\/media?parent=92409"}],"wp:term":[{"taxonomy":"product_brand","embeddable":true,"href":"https:\/\/langedykvintagewatches.com\/de\/wp-json\/wp\/v2\/product_brand?post=92409"},{"taxonomy":"product_cat","embeddable":true,"href":"https:\/\/langedykvintagewatches.com\/de\/wp-json\/wp\/v2\/product_cat?post=92409"},{"taxonomy":"product_tag","embeddable":true,"href":"https:\/\/langedykvintagewatches.com\/de\/wp-json\/wp\/v2\/product_tag?post=92409"}],"curies":[{"name":"wp","href":"https:\/\/api.w.org\/{rel}","templated":true}]}}