{"id":92398,"date":"2026-02-17T10:19:42","date_gmt":"2026-02-17T09:19:42","guid":{"rendered":"https:\/\/langedykvintagewatches.com\/?post_type=product&#038;p=92398"},"modified":"2026-02-17T10:19:42","modified_gmt":"2026-02-17T09:19:42","slug":"rolex-gmt-master-ii-126720vtnr-6","status":"publish","type":"product","link":"https:\/\/langedykvintagewatches.com\/de\/produkt\/rolex-gmt-master-ii-126720vtnr-6\/","title":{"rendered":"NEW Rolex GMT-Master II &#8222;Sprite&#8220; 126720VTNR 2026 (Vollst\u00e4ndiger Satz)"},"content":{"rendered":"","protected":false},"excerpt":{"rendered":"<p class=\"p1\">Rolex Oyster Perpetual GMT-Master II Referenz 126720VTNR aus dem Jahr 2026 inklusive Box und Papieren. Die GMT-Master II misst ein 40mm Edelstahlgeh\u00e4use, Edelstahl-Oyster armband mit Fliplock-Schlie\u00dfe und eine drehbare L\u00fcnette. Die GMT-Master II 126720VTNR verf\u00fcgt \u00fcber ein Automatikwerk Kaliber 3285 mit GMT-Funktion, ein kratzfestes Saphirglas und ein schwarzes Stabzifferblatt mit Chromalight.<\/p>\n<p>Jede Uhr, die von Langedyk Vintage Watches verkauft wird, wird mit einer LVW-Uhrenbox, einem Echtheitsbericht und einem kostenlosen weltweiten (versicherten) Versand geliefert. Dar\u00fcber hinaus wird jede gebrauchte Uhr mit unserer 12-monatigen Garantie ab dem Kaufdatum angeboten.<\/p>\n<p>Wenn Sie Fragen haben oder zus\u00e4tzliche Informationen zu dieser Uhr erhalten m\u00f6chten, k\u00f6nnen Sie uns gerne telefonisch oder per E-Mail kontaktieren. Wir werden Ihre Anfrage so schnell wie m\u00f6glich beantworten.<\/p>\n<p>Werfen Sie auch einen Blick auf unser komplettes Angebot an Rolex <a href=\"https:\/\/langedykvintagewatches.com\/de\/rolex-brands-de\/gmt-master-ii-de\/\">GMT-Master<\/a> II Uhren.<\/p>\n","protected":false},"featured_media":103859,"template":"","meta":{"_acf_changed":false},"product_brand":[],"product_cat":[1979,3220,2022,1977,1909,1910,1914,1915],"product_tag":[],"class_list":{"0":"post-92398","1":"product","2":"type-product","3":"status-publish","4":"has-post-thumbnail","5":"product_cat-gmt-master-ii-de","6":"product_cat-126720vtnr","7":"product_cat-armbanduhren","8":"product_cat-gmt-master-de","9":"product_cat-herrenuhren","10":"product_cat-neu-eingetroffen","11":"product_cat-rolex-de","12":"product_cat-rolex-brands-de","14":"first","15":"outofstock","16":"purchasable","17":"product-type-simple"},"acf":[],"_links":{"self":[{"href":"https:\/\/langedykvintagewatches.com\/de\/wp-json\/wp\/v2\/product\/92398","targetHints":{"allow":["GET"]}}],"collection":[{"href":"https:\/\/langedykvintagewatches.com\/de\/wp-json\/wp\/v2\/product"}],"about":[{"href":"https:\/\/langedykvintagewatches.com\/de\/wp-json\/wp\/v2\/types\/product"}],"wp:featuredmedia":[{"embeddable":true,"href":"https:\/\/langedykvintagewatches.com\/de\/wp-json\/wp\/v2\/media\/103859"}],"wp:attachment":[{"href":"https:\/\/langedykvintagewatches.com\/de\/wp-json\/wp\/v2\/media?parent=92398"}],"wp:term":[{"taxonomy":"product_brand","embeddable":true,"href":"https:\/\/langedykvintagewatches.com\/de\/wp-json\/wp\/v2\/product_brand?post=92398"},{"taxonomy":"product_cat","embeddable":true,"href":"https:\/\/langedykvintagewatches.com\/de\/wp-json\/wp\/v2\/product_cat?post=92398"},{"taxonomy":"product_tag","embeddable":true,"href":"https:\/\/langedykvintagewatches.com\/de\/wp-json\/wp\/v2\/product_tag?post=92398"}],"curies":[{"name":"wp","href":"https:\/\/api.w.org\/{rel}","templated":true}]}}