{"id":91854,"date":"2026-05-05T09:50:19","date_gmt":"2026-05-05T07:50:19","guid":{"rendered":"https:\/\/langedykvintagewatches.com\/?post_type=product&#038;p=91854"},"modified":"2026-05-05T09:50:19","modified_gmt":"2026-05-05T07:50:19","slug":"rolex-oyster-perpetual-134300-2","status":"publish","type":"product","link":"https:\/\/langedykvintagewatches.com\/de\/produkt\/rolex-oyster-perpetual-134300-2\/","title":{"rendered":"NEW Rolex Oyster Perpetual Pistachio 134300 2026 (Vollst\u00e4ndiger Satz)"},"content":{"rendered":"","protected":false},"excerpt":{"rendered":"<p>Rolex Oyster Perpetual Referenz 134300 aus dem Jahr 2026 inklusive Komplettset. Die Oyster Perpetual Referenz 134300 misst ein 41mm Edelstahlgeh\u00e4use, ein Edelstahl-Oyster-Armband mit Oysterclasp und glatter Edelstahll\u00fcnette. Die Oyster Perpetual Referenz 134300 besitzt ein Automatikwerk Kaliber 3230, ein kratzfestes Saphirglas und ein pistachio Zifferblatt mit Chromalight-Anzeige.<\/p>\n<p>Auf jede gebrauchte Uhr, die wir verkaufen, gew\u00e4hren wir 12 Monate Garantie ab Kaufdatum. Jede von Langedyk Vintage Watches verkaufte Uhr wird mit einer LVW-Uhrenbox, einem Echtheitsbericht und einem kostenlosen weltweiten (versicherten) Versand geliefert.<\/p>\n<p>Wenn Sie Fragen haben oder weitere Informationen zu dieser Uhr erhalten m\u00f6chten, k\u00f6nnen Sie uns gerne telefonisch oder per E-Mail kontaktieren. Wir werden so schnell wie m\u00f6glich auf Ihre Anfrage reagieren.<\/p>\n<p>Werfen Sie auch einen Blick auf unsere komplette Kollektion von Rolex <a href=\"https:\/\/langedykvintagewatches.com\/de\/rolex-brands-de\/oyster-perpetual-de\/\">Oyster Perpetual<\/a> Uhren.<\/p>\n","protected":false},"featured_media":109235,"template":"","meta":{"_acf_changed":false},"product_brand":[],"product_cat":[1909,2022,1910,1988,1914,1915],"product_tag":[],"class_list":{"0":"post-91854","1":"product","2":"type-product","3":"status-publish","4":"has-post-thumbnail","5":"product_cat-herrenuhren","6":"product_cat-armbanduhren","7":"product_cat-neu-eingetroffen","8":"product_cat-oyster-perpetual-de","9":"product_cat-rolex-de","10":"product_cat-rolex-brands-de","12":"first","13":"instock","14":"taxable","15":"shipping-taxable","16":"purchasable","17":"product-type-simple"},"acf":[],"_links":{"self":[{"href":"https:\/\/langedykvintagewatches.com\/de\/wp-json\/wp\/v2\/product\/91854","targetHints":{"allow":["GET"]}}],"collection":[{"href":"https:\/\/langedykvintagewatches.com\/de\/wp-json\/wp\/v2\/product"}],"about":[{"href":"https:\/\/langedykvintagewatches.com\/de\/wp-json\/wp\/v2\/types\/product"}],"wp:featuredmedia":[{"embeddable":true,"href":"https:\/\/langedykvintagewatches.com\/de\/wp-json\/wp\/v2\/media\/109235"}],"wp:attachment":[{"href":"https:\/\/langedykvintagewatches.com\/de\/wp-json\/wp\/v2\/media?parent=91854"}],"wp:term":[{"taxonomy":"product_brand","embeddable":true,"href":"https:\/\/langedykvintagewatches.com\/de\/wp-json\/wp\/v2\/product_brand?post=91854"},{"taxonomy":"product_cat","embeddable":true,"href":"https:\/\/langedykvintagewatches.com\/de\/wp-json\/wp\/v2\/product_cat?post=91854"},{"taxonomy":"product_tag","embeddable":true,"href":"https:\/\/langedykvintagewatches.com\/de\/wp-json\/wp\/v2\/product_tag?post=91854"}],"curies":[{"name":"wp","href":"https:\/\/api.w.org\/{rel}","templated":true}]}}