{"id":90511,"date":"2025-09-30T10:03:07","date_gmt":"2025-09-30T08:03:07","guid":{"rendered":"https:\/\/langedykvintagewatches.com\/?post_type=product&#038;p=90511"},"modified":"2025-09-30T10:03:10","modified_gmt":"2025-09-30T08:03:10","slug":"rolex-daytona-116506","status":"publish","type":"product","link":"https:\/\/langedykvintagewatches.com\/de\/produkt\/rolex-daytona-116506\/","title":{"rendered":"Rolex Daytona Blue 116506 2021 (Vollst\u00e4ndiger Satz)"},"content":{"rendered":"","protected":false},"excerpt":{"rendered":"<p>Rolex Daytona Referenz 116506 aus dem Jahr 2021 mit komplettem Set. Die Rolex Daytona Referenz 116506 misst ein 40-mm-Geh\u00e4use aus Platin, verf\u00fcgt \u00fcber ein Oyster-Armband aus Platin und eine Tachymeter-L\u00fcnette aus Keramik. Die Rolex Daytona 116506 wird von einem hauseigenen 4130 Kaliber angetrieben, das \u00fcber eine Chronographenfunktion verf\u00fcgt, mit der Sie Ihre Aktivit\u00e4ten pr\u00e4zise und einfach messen k\u00f6nnen.<\/p>\n<p>Jede Uhr, die von Langedyk Vintage Watches verkauft wird, wird mit einer LVW-Uhrenbox, einem Echtheitsbericht und einem kostenlosen weltweiten (versicherten) Versand geliefert. Dar\u00fcber hinaus wird jede gebrauchte Uhr mit unserer 12-monatigen Garantie ab dem Kaufdatum angeboten.<\/p>\n<p>Wenn Sie Fragen haben oder zus\u00e4tzliche Informationen zu dieser Uhr erhalten m\u00f6chten, k\u00f6nnen Sie uns gerne telefonisch oder per E-Mail kontaktieren. Wir werden Ihre Anfrage so schnell wie m\u00f6glich beantworten.<\/p>\n<p>Werfen Sie bitte auch einen Blick auf unser komplettes Angebot an <a href=\"https:\/\/langedykvintagewatches.com\/de\/rolex-brands-de\/daytona-de\/\">Rolex Daytona<\/a> Uhren.<\/p>\n","protected":false},"featured_media":92841,"template":"","meta":{"_acf_changed":false},"product_brand":[],"product_cat":[1909,2022,1963,1910,1914,1915,2600],"product_tag":[],"class_list":{"0":"post-90511","1":"product","2":"type-product","3":"status-publish","4":"has-post-thumbnail","5":"product_cat-herrenuhren","6":"product_cat-armbanduhren","7":"product_cat-daytona-de","8":"product_cat-neu-eingetroffen","9":"product_cat-rolex-de","10":"product_cat-rolex-brands-de","11":"product_cat-verkaufte-uhren","13":"first","14":"outofstock","15":"taxable","16":"shipping-taxable","17":"purchasable","18":"product-type-simple"},"acf":[],"_links":{"self":[{"href":"https:\/\/langedykvintagewatches.com\/de\/wp-json\/wp\/v2\/product\/90511","targetHints":{"allow":["GET"]}}],"collection":[{"href":"https:\/\/langedykvintagewatches.com\/de\/wp-json\/wp\/v2\/product"}],"about":[{"href":"https:\/\/langedykvintagewatches.com\/de\/wp-json\/wp\/v2\/types\/product"}],"wp:featuredmedia":[{"embeddable":true,"href":"https:\/\/langedykvintagewatches.com\/de\/wp-json\/wp\/v2\/media\/92841"}],"wp:attachment":[{"href":"https:\/\/langedykvintagewatches.com\/de\/wp-json\/wp\/v2\/media?parent=90511"}],"wp:term":[{"taxonomy":"product_brand","embeddable":true,"href":"https:\/\/langedykvintagewatches.com\/de\/wp-json\/wp\/v2\/product_brand?post=90511"},{"taxonomy":"product_cat","embeddable":true,"href":"https:\/\/langedykvintagewatches.com\/de\/wp-json\/wp\/v2\/product_cat?post=90511"},{"taxonomy":"product_tag","embeddable":true,"href":"https:\/\/langedykvintagewatches.com\/de\/wp-json\/wp\/v2\/product_tag?post=90511"}],"curies":[{"name":"wp","href":"https:\/\/api.w.org\/{rel}","templated":true}]}}