{"id":89786,"date":"2026-03-03T09:59:26","date_gmt":"2026-03-03T08:59:26","guid":{"rendered":"https:\/\/langedykvintagewatches.com\/?post_type=product&#038;p=89786"},"modified":"2026-03-03T09:59:26","modified_gmt":"2026-03-03T08:59:26","slug":"rolex-lady-datejust-68278-10","status":"publish","type":"product","link":"https:\/\/langedykvintagewatches.com\/de\/produkt\/rolex-lady-datejust-68278-10\/","title":{"rendered":"Rolex Lady-Datejust Silver Diamond 68278 1990 (Komplettes Set)"},"content":{"rendered":"","protected":false},"excerpt":{"rendered":"<p>Rolex Oyster Perpetual Lady-Datejust Referenz 68278 aus dem Jahr 1990. Die Lady-Datejust 68278 misst ein 31-mm-Goldgeh\u00e4use, ein goldenes President-Armband und eine kannelierte L\u00fcnette aus 18 Karat Gold. Die Lady-Datejust 68278 verf\u00fcgt \u00fcber ein Automatikwerk Kaliber 2135 mit Schnellverstellung Datum Funktion, Saphirglas und einem Silbernes Zifferblatt mit Diamant markierungen.<\/p>\n<p>Jede Uhr, die von Langedyk Vintage Watches verkauft wird, wird mit einer LVW-Uhrenbox, einem Echtheitsbericht und einem kostenlosen weltweiten (versicherten) Versand geliefert. Dar\u00fcber hinaus wird jede gebrauchte Uhr mit unserer 12-monatigen Garantie ab dem Kaufdatum angeboten.<\/p>\n<p>Wenn Sie Fragen haben oder zus\u00e4tzliche Informationen zu dieser Uhr erhalten m\u00f6chten, k\u00f6nnen Sie uns gerne telefonisch oder per E-Mail kontaktieren. Wir werden Ihre Anfrage so schnell wie m\u00f6glich beantworten.<\/p>\n<p>Werfen Sie auch einen Blick auf unser komplettes Angebot an Rolex <a href=\"https:\/\/langedykvintagewatches.com\/de\/rolex-brands-de\/datejust-lady-de\/\">Lady-Datejust<\/a> Uhren.<\/p>\n","protected":false},"featured_media":105187,"template":"","meta":{"_acf_changed":false},"product_brand":[],"product_cat":[1910,2650,2022,2023,1943,1915,1914,2021],"product_tag":[],"class_list":{"0":"post-89786","1":"product","2":"type-product","3":"status-publish","4":"has-post-thumbnail","5":"product_cat-neu-eingetroffen","6":"product_cat-68278-de","7":"product_cat-armbanduhren","8":"product_cat-damenuhren","9":"product_cat-datejust-lady-de","10":"product_cat-rolex-brands-de","11":"product_cat-rolex-de","12":"product_cat-unisex-armbanduhren","14":"first","15":"outofstock","16":"taxable","17":"shipping-taxable","18":"purchasable","19":"product-type-simple"},"acf":[],"_links":{"self":[{"href":"https:\/\/langedykvintagewatches.com\/de\/wp-json\/wp\/v2\/product\/89786","targetHints":{"allow":["GET"]}}],"collection":[{"href":"https:\/\/langedykvintagewatches.com\/de\/wp-json\/wp\/v2\/product"}],"about":[{"href":"https:\/\/langedykvintagewatches.com\/de\/wp-json\/wp\/v2\/types\/product"}],"wp:featuredmedia":[{"embeddable":true,"href":"https:\/\/langedykvintagewatches.com\/de\/wp-json\/wp\/v2\/media\/105187"}],"wp:attachment":[{"href":"https:\/\/langedykvintagewatches.com\/de\/wp-json\/wp\/v2\/media?parent=89786"}],"wp:term":[{"taxonomy":"product_brand","embeddable":true,"href":"https:\/\/langedykvintagewatches.com\/de\/wp-json\/wp\/v2\/product_brand?post=89786"},{"taxonomy":"product_cat","embeddable":true,"href":"https:\/\/langedykvintagewatches.com\/de\/wp-json\/wp\/v2\/product_cat?post=89786"},{"taxonomy":"product_tag","embeddable":true,"href":"https:\/\/langedykvintagewatches.com\/de\/wp-json\/wp\/v2\/product_tag?post=89786"}],"curies":[{"name":"wp","href":"https:\/\/api.w.org\/{rel}","templated":true}]}}