{"id":89693,"date":"2025-10-30T11:39:31","date_gmt":"2025-10-30T10:39:31","guid":{"rendered":"https:\/\/langedykvintagewatches.com\/?post_type=product&#038;p=89693"},"modified":"2025-09-16T11:52:00","modified_gmt":"2025-09-16T09:52:00","slug":"rolex-datejust-126231-5","status":"publish","type":"product","link":"https:\/\/langedykvintagewatches.com\/de\/produkt\/rolex-datejust-126231-5\/","title":{"rendered":"Rolex Oyster Perpetual Datejust White Palm 126231 2021 (Vollst\u00e4ndiger Satz)"},"content":{"rendered":"","protected":false},"excerpt":{"rendered":"<p>Rolex Oyster Perpetual Datejust Referenz 126231 aus dem Jahr 2021 mit komplettem Set. Die Datejust 126231 misst ein 36-mm-Edelstahlgeh\u00e4use, ein Ros\u00e9gold\/Edelstahl-Jubilee-Armband mit Oysterclasp und eine Ros\u00e9gold geriffelte L\u00fcnette. Diese Datejust 126231 verf\u00fcgt \u00fcber ein Automatikwerk Kaliber 3235 mit Quickset-Datum-Funktion, kratzfestes Saphirglas und wei\u00dfes Zifferblatt mit Palmenmuster mit Chromalight-Index. Auf jede gebrauchte Uhr, die wir verkaufen, gew\u00e4hren wir 12 Monate Garantie ab Kaufdatum. Jede von Langedyk Vintage Watches verkaufte Uhr wird mit einer LVW-Uhrenbox, einem Echtheitsbericht und einem kostenlosen weltweiten (versicherten) Versand geliefert.<\/p>\n","protected":false},"featured_media":89717,"template":"","meta":{"_acf_changed":false},"product_brand":[],"product_cat":[1909,1935,2022,2023,1922,1910,1914,1915,2021],"product_tag":[],"class_list":{"0":"post-89693","1":"product","2":"type-product","3":"status-publish","4":"has-post-thumbnail","5":"product_cat-herrenuhren","6":"product_cat-126231-de","7":"product_cat-armbanduhren","8":"product_cat-damenuhren","9":"product_cat-datejust-de","10":"product_cat-neu-eingetroffen","11":"product_cat-rolex-de","12":"product_cat-rolex-brands-de","13":"product_cat-unisex-armbanduhren","15":"first","16":"instock","17":"taxable","18":"shipping-taxable","19":"purchasable","20":"product-type-simple"},"acf":[],"_links":{"self":[{"href":"https:\/\/langedykvintagewatches.com\/de\/wp-json\/wp\/v2\/product\/89693","targetHints":{"allow":["GET"]}}],"collection":[{"href":"https:\/\/langedykvintagewatches.com\/de\/wp-json\/wp\/v2\/product"}],"about":[{"href":"https:\/\/langedykvintagewatches.com\/de\/wp-json\/wp\/v2\/types\/product"}],"wp:featuredmedia":[{"embeddable":true,"href":"https:\/\/langedykvintagewatches.com\/de\/wp-json\/wp\/v2\/media\/89717"}],"wp:attachment":[{"href":"https:\/\/langedykvintagewatches.com\/de\/wp-json\/wp\/v2\/media?parent=89693"}],"wp:term":[{"taxonomy":"product_brand","embeddable":true,"href":"https:\/\/langedykvintagewatches.com\/de\/wp-json\/wp\/v2\/product_brand?post=89693"},{"taxonomy":"product_cat","embeddable":true,"href":"https:\/\/langedykvintagewatches.com\/de\/wp-json\/wp\/v2\/product_cat?post=89693"},{"taxonomy":"product_tag","embeddable":true,"href":"https:\/\/langedykvintagewatches.com\/de\/wp-json\/wp\/v2\/product_tag?post=89693"}],"curies":[{"name":"wp","href":"https:\/\/api.w.org\/{rel}","templated":true}]}}