{"id":89225,"date":"2025-10-21T09:52:11","date_gmt":"2025-10-21T07:52:11","guid":{"rendered":"https:\/\/langedykvintagewatches.com\/?post_type=product&#038;p=89225"},"modified":"2025-10-21T09:52:15","modified_gmt":"2025-10-21T07:52:15","slug":"rolex-daytona-116503-3","status":"publish","type":"product","link":"https:\/\/langedykvintagewatches.com\/de\/produkt\/rolex-daytona-116503-3\/","title":{"rendered":"Rolex Daytona Black 116503 2023 (Vollst\u00e4ndiger Satz)"},"content":{"rendered":"","protected":false},"excerpt":{"rendered":"<p>Rolex Daytona Referenz 116503 aus dem Jahr 2023 mit komplettem Set. Die Rolex Daytona Referenz 116503 misst ein 40-mm-Geh\u00e4use aus Gold\/Edelstahl, verf\u00fcgt \u00fcber ein Oyster-Armband aus Gold\/Edelstahl und eine Tachymeter-L\u00fcnette aus Gelbgold. Die Rolex Daytona 116503 wird von einem hauseigenen 4130 Kaliber angetrieben, das \u00fcber eine Chronographenfunktion verf\u00fcgt, mit der Sie Ihre Aktivit\u00e4ten pr\u00e4zise und einfach messen k\u00f6nnen.<\/p>\n<p>Jede Uhr, die von Langedyk Vintage Watches verkauft wird, wird mit einer LVW-Uhrenbox, einem Echtheitsbericht und einem kostenlosen weltweiten (versicherten) Versand geliefert. Dar\u00fcber hinaus wird jede gebrauchte Uhr mit unserer 12-monatigen Garantie ab dem Kaufdatum angeboten.<\/p>\n<p>Wenn Sie Fragen haben oder zus\u00e4tzliche Informationen zu dieser Uhr erhalten m\u00f6chten, k\u00f6nnen Sie uns gerne telefonisch oder per E-Mail kontaktieren. Wir werden Ihre Anfrage so schnell wie m\u00f6glich beantworten.<\/p>\n<p>Werfen Sie bitte auch einen Blick auf unser komplettes Angebot an <a href=\"https:\/\/langedykvintagewatches.com\/de\/rolex-brands-de\/daytona-de\/\">Rolex Daytona<\/a> Uhren.<\/p>\n","protected":false},"featured_media":92665,"template":"","meta":{"_acf_changed":false},"product_brand":[],"product_cat":[1909,1970,2022,1963,1910,1914,1915],"product_tag":[],"class_list":{"0":"post-89225","1":"product","2":"type-product","3":"status-publish","4":"has-post-thumbnail","5":"product_cat-herrenuhren","6":"product_cat-116523-de","7":"product_cat-armbanduhren","8":"product_cat-daytona-de","9":"product_cat-neu-eingetroffen","10":"product_cat-rolex-de","11":"product_cat-rolex-brands-de","13":"first","14":"outofstock","15":"taxable","16":"shipping-taxable","17":"purchasable","18":"product-type-simple"},"acf":[],"_links":{"self":[{"href":"https:\/\/langedykvintagewatches.com\/de\/wp-json\/wp\/v2\/product\/89225","targetHints":{"allow":["GET"]}}],"collection":[{"href":"https:\/\/langedykvintagewatches.com\/de\/wp-json\/wp\/v2\/product"}],"about":[{"href":"https:\/\/langedykvintagewatches.com\/de\/wp-json\/wp\/v2\/types\/product"}],"wp:featuredmedia":[{"embeddable":true,"href":"https:\/\/langedykvintagewatches.com\/de\/wp-json\/wp\/v2\/media\/92665"}],"wp:attachment":[{"href":"https:\/\/langedykvintagewatches.com\/de\/wp-json\/wp\/v2\/media?parent=89225"}],"wp:term":[{"taxonomy":"product_brand","embeddable":true,"href":"https:\/\/langedykvintagewatches.com\/de\/wp-json\/wp\/v2\/product_brand?post=89225"},{"taxonomy":"product_cat","embeddable":true,"href":"https:\/\/langedykvintagewatches.com\/de\/wp-json\/wp\/v2\/product_cat?post=89225"},{"taxonomy":"product_tag","embeddable":true,"href":"https:\/\/langedykvintagewatches.com\/de\/wp-json\/wp\/v2\/product_tag?post=89225"}],"curies":[{"name":"wp","href":"https:\/\/api.w.org\/{rel}","templated":true}]}}