{"id":87872,"date":"2026-01-06T10:10:41","date_gmt":"2026-01-06T09:10:41","guid":{"rendered":"https:\/\/langedykvintagewatches.com\/?post_type=product&#038;p=87872"},"modified":"2026-01-13T15:07:07","modified_gmt":"2026-01-13T14:07:07","slug":"new-rolex-lady-datejust-mint-green-278274-2025-vollstandiger-satz-copy","status":"publish","type":"product","link":"https:\/\/langedykvintagewatches.com\/de\/produkt\/new-rolex-lady-datejust-mint-green-278274-2025-vollstandiger-satz-copy\/","title":{"rendered":"NEW Rolex Lady-Datejust Pink Roman 278274 2025 (Vollst\u00e4ndiger Satz)"},"content":{"rendered":"","protected":false},"excerpt":{"rendered":"<p class=\"p2\">Rolex Oyster Perpetual Lady-Datejust Referenz 278274 aus dem Jahr 2025 einschlie\u00dflich voller Satz. Die Lady-Datejust 278274 misst ein 31mm Edelstahl \/ Wei\u00dfgold Geh\u00e4use, ein Edelstahl \/ Wei\u00dfgold Jubil\u00e4umsarmband mit verdeckter Kronenschlie\u00dfe, und eine kannelierte18k Wei\u00dfgold L\u00fcnette. Diese Lady-Datejust 278274 verf\u00fcgt \u00fcber ein Automatikwerk Kaliber 2235 mit Schnellverstellung des Datums, ein kratzfestes Saphirglas und ein Pinkes Zifferblatt mit r\u00f6mischen Markierungen.<\/p>\n<p>Jede Uhr, die von Langedyk Vintage Watches verkauft wird, wird mit einer LVW-Uhrenbox, einem Echtheitsbericht und einem kostenlosen weltweiten (versicherten) Versand geliefert. Dar\u00fcber hinaus wird jede gebrauchte Uhr mit unserer 12-monatigen Garantie ab dem Kaufdatum angeboten.<\/p>\n<p>Wenn Sie Fragen haben oder zus\u00e4tzliche Informationen zu dieser Uhr erhalten m\u00f6chten, k\u00f6nnen Sie uns gerne telefonisch oder per E-Mail kontaktieren. Wir werden Ihre Anfrage so schnell wie m\u00f6glich beantworten.<\/p>\n<p>Werfen Sie auch einen Blick auf unser komplettes Angebot an Rolex <a href=\"https:\/\/langedykvintagewatches.com\/de\/rolex-brands-de\/datejust-lady-de\/\">Datejust<\/a> Uhren.<\/p>\n","protected":false},"featured_media":100436,"template":"","meta":{"_acf_changed":false},"product_brand":[],"product_cat":[1910,1950,2022,2023,1943,1914,1915,2021,2600],"product_tag":[],"class_list":{"0":"post-87872","1":"product","2":"type-product","3":"status-publish","4":"has-post-thumbnail","5":"product_cat-neu-eingetroffen","6":"product_cat-278274-de","7":"product_cat-armbanduhren","8":"product_cat-damenuhren","9":"product_cat-datejust-lady-de","10":"product_cat-rolex-de","11":"product_cat-rolex-brands-de","12":"product_cat-unisex-armbanduhren","13":"product_cat-verkaufte-uhren","15":"first","16":"outofstock","17":"taxable","18":"shipping-taxable","19":"purchasable","20":"product-type-simple"},"acf":[],"_links":{"self":[{"href":"https:\/\/langedykvintagewatches.com\/de\/wp-json\/wp\/v2\/product\/87872","targetHints":{"allow":["GET"]}}],"collection":[{"href":"https:\/\/langedykvintagewatches.com\/de\/wp-json\/wp\/v2\/product"}],"about":[{"href":"https:\/\/langedykvintagewatches.com\/de\/wp-json\/wp\/v2\/types\/product"}],"wp:featuredmedia":[{"embeddable":true,"href":"https:\/\/langedykvintagewatches.com\/de\/wp-json\/wp\/v2\/media\/100436"}],"wp:attachment":[{"href":"https:\/\/langedykvintagewatches.com\/de\/wp-json\/wp\/v2\/media?parent=87872"}],"wp:term":[{"taxonomy":"product_brand","embeddable":true,"href":"https:\/\/langedykvintagewatches.com\/de\/wp-json\/wp\/v2\/product_brand?post=87872"},{"taxonomy":"product_cat","embeddable":true,"href":"https:\/\/langedykvintagewatches.com\/de\/wp-json\/wp\/v2\/product_cat?post=87872"},{"taxonomy":"product_tag","embeddable":true,"href":"https:\/\/langedykvintagewatches.com\/de\/wp-json\/wp\/v2\/product_tag?post=87872"}],"curies":[{"name":"wp","href":"https:\/\/api.w.org\/{rel}","templated":true}]}}