{"id":86303,"date":"2025-08-12T09:35:44","date_gmt":"2025-08-12T07:35:44","guid":{"rendered":"https:\/\/langedykvintagewatches.com\/?post_type=product&#038;p=86303"},"modified":"2025-08-12T09:35:48","modified_gmt":"2025-08-12T07:35:48","slug":"rolex-lady-datejust-69173-98","status":"publish","type":"product","link":"https:\/\/langedykvintagewatches.com\/de\/produkt\/rolex-lady-datejust-69173-98\/","title":{"rendered":"Rolex Lady-Datejust White Roman 69173 1995 (Papiere)"},"content":{"rendered":"<p>If you are looking at the Lady-Datejust 69713, you have a great appreciation for the craftsmanship and thoughtful design that embodies the Rolex brand of watches. When you choose to purchase such classic timepieces with which to adorn your wrist, you join the ranks of women who are known for their timeless style and sense of class such as Charlize Theron, Jennifer Aniston, and Victoria Beckham. Investing in a Rolex Datejust-Lady watch is certainly a fashion-forward decision.<\/p>\n<p>This masterful styling is fully evident in the Rolex Datejust-Lady 69173 making it a trusted choice in a wristwatch for women across the globe who are looking to make a bold statement through their choice of a wearable timepiece. This ladies\u2019 model of the Rolex Datejust collection was produced to the same carefully developed standards as the men\u2019s line, but in a more delicate 26mm case that complemented a woman\u2019s smaller wrist size. Its styling allows for versatility in wear, as it is suitable for both casual and formal occasions. It truly is the perfect Rolex to add to your jewelry box.<\/p>\n<p>The Datejust-Lady 69173 can be found in a variety of bracelet options that show off Rolex\u2019s patented Rolesor finish that blends yellow gold and stainless steel and is part of Rolex\u2019s signature style. Additionally, this model features the brand\u2019s self-winding Perpetual movement and changing date window. The 69173&#8217;s movement runs at 28,800 beats an hour, allowing for a perfectly smooth sweep of the second hand that keeps you in perfect time through its 42-hour dependable power reserve. These are just a few of the reasons that the Datejust-Lady is one of the all-time top sellers for the Rolex brand.<\/p>\n<p>Experience the notable difference in artisanship, style, and attention to detail that the Datejust-Lady 69173 provides while giving you an heirloom-quality piece that pairs well with nearly every outfit you may want to wear.<\/p>\n","protected":false},"excerpt":{"rendered":"<p>Rolex Oyster Perpetual Lady-Datejust Referenz 69173 aus dem Jahr 1995 einschlie\u00dflich der vollst\u00e4ndigen Satz. Die Lady-Datejust 69173 misst eine 26mm Gold und Edelstahl-Geh\u00e4use, zwei-Ton-Jubil\u00e4um Armband und geriffelte 14k Gold L\u00fcnette. Diese Lady-Datejust 69173 verf\u00fcgt \u00fcber ein Automatikwerk Kaliber 2135 mit Quickset Datum Funktion, eine Kratzfestigkeit Saphirglas und ein wei\u00dfes Zifferblatt mit Tritium Zeiger und R\u00f6mische Markierungen.<\/p>\n<p>Jede Uhr, die von Langedyk Vintage Watches verkauft wird, wird mit einer LVW-Uhrenbox, einem Echtheitsbericht und einem kostenlosen weltweiten (versicherten) Versand geliefert. Dar\u00fcber hinaus wird jede gebrauchte Uhr mit unserer 12-monatigen Garantie ab dem Kaufdatum angeboten.<\/p>\n<p>Wenn Sie Fragen haben oder zus\u00e4tzliche Informationen zu dieser Uhr erhalten m\u00f6chten, k\u00f6nnen Sie uns gerne telefonisch oder per E-Mail kontaktieren. Wir werden Ihre Anfrage so schnell wie m\u00f6glich beantworten.<\/p>\n<p>Werfen Sie bitte auch einen Blick auf unser komplettes Angebot an Rolex <a href=\"https:\/\/langedykvintagewatches.com\/de\/rolex-brands-de\/datejust-lady-de\/\">Datejust<\/a> Uhren.<\/p>\n","protected":false},"featured_media":86932,"template":"","meta":{"_acf_changed":false},"product_brand":[],"product_cat":[1910,1946,2022,2023,1943,1914,1915,2021],"product_tag":[],"class_list":{"0":"post-86303","1":"product","2":"type-product","3":"status-publish","4":"has-post-thumbnail","5":"product_cat-neu-eingetroffen","6":"product_cat-69173-de","7":"product_cat-armbanduhren","8":"product_cat-damenuhren","9":"product_cat-datejust-lady-de","10":"product_cat-rolex-de","11":"product_cat-rolex-brands-de","12":"product_cat-unisex-armbanduhren","14":"first","15":"outofstock","16":"taxable","17":"shipping-taxable","18":"purchasable","19":"product-type-simple"},"acf":[],"_links":{"self":[{"href":"https:\/\/langedykvintagewatches.com\/de\/wp-json\/wp\/v2\/product\/86303","targetHints":{"allow":["GET"]}}],"collection":[{"href":"https:\/\/langedykvintagewatches.com\/de\/wp-json\/wp\/v2\/product"}],"about":[{"href":"https:\/\/langedykvintagewatches.com\/de\/wp-json\/wp\/v2\/types\/product"}],"wp:featuredmedia":[{"embeddable":true,"href":"https:\/\/langedykvintagewatches.com\/de\/wp-json\/wp\/v2\/media\/86932"}],"wp:attachment":[{"href":"https:\/\/langedykvintagewatches.com\/de\/wp-json\/wp\/v2\/media?parent=86303"}],"wp:term":[{"taxonomy":"product_brand","embeddable":true,"href":"https:\/\/langedykvintagewatches.com\/de\/wp-json\/wp\/v2\/product_brand?post=86303"},{"taxonomy":"product_cat","embeddable":true,"href":"https:\/\/langedykvintagewatches.com\/de\/wp-json\/wp\/v2\/product_cat?post=86303"},{"taxonomy":"product_tag","embeddable":true,"href":"https:\/\/langedykvintagewatches.com\/de\/wp-json\/wp\/v2\/product_tag?post=86303"}],"curies":[{"name":"wp","href":"https:\/\/api.w.org\/{rel}","templated":true}]}}