{"id":86296,"date":"2025-08-12T09:35:16","date_gmt":"2025-08-12T07:35:16","guid":{"rendered":"https:\/\/langedykvintagewatches.com\/?post_type=product&#038;p=86296"},"modified":"2025-08-12T09:35:19","modified_gmt":"2025-08-12T07:35:19","slug":"rolex-lady-datejust-79173-8-2","status":"publish","type":"product","link":"https:\/\/langedykvintagewatches.com\/de\/produkt\/rolex-lady-datejust-79173-8-2\/","title":{"rendered":"Rolex Lady-Datejust Silver Diamond 79173 2002 (Papiere)"},"content":{"rendered":"","protected":false},"excerpt":{"rendered":"<p>Rolex Oyster Perpetual Lady-Datejust Referenz 79173 aus dem Jahr 2003 mit Papiere. Die Lady-Datejust 79173 misst ein 26mm Gold und Edelstahlgeh\u00e4use, ein zweifarbiges Jubil\u00e4umsarmband und eine geriffelte 14k Goldl\u00fcnette. Diese Lady-Datejust 79173 verf\u00fcgt \u00fcber ein Automatikwerk Kaliber 2235 mit Quickset-Datum-Funktion, ein kratzfestes Saphirglas und ein Silbernes zifferblatt mit Diamantmarkierungen.<\/p>\n<p>Jede Uhr, die von Langedyk Vintage Watches verkauft wird, wird mit einer LVW-Uhrenbox, einem Echtheitsbericht und einem kostenlosen weltweiten (versicherten) Versand geliefert. Dar\u00fcber hinaus gilt f\u00fcr jede gebrauchte Uhr unsere 12-monatige Garantie ab dem Kaufdatum.<\/p>\n<p>Wenn Sie Fragen haben oder zus\u00e4tzliche Informationen zu dieser Uhr erhalten m\u00f6chten, k\u00f6nnen Sie uns gerne telefonisch oder per E-Mail kontaktieren. Wir werden Ihre Anfrage so schnell wie m\u00f6glich beantworten.<\/p>\n<p>Werfen Sie auch einen Blick auf unser komplettes Angebot an Rolex <a href=\"https:\/\/langedykvintagewatches.com\/de\/rolex-brands-de\/datejust-lady-de\/\">Datejust<\/a> Uhren.<\/p>\n","protected":false},"featured_media":87100,"template":"","meta":{"_acf_changed":false},"product_brand":[],"product_cat":[1910,1948,2022,2023,1943,1914,1915,2021],"product_tag":[],"class_list":{"0":"post-86296","1":"product","2":"type-product","3":"status-publish","4":"has-post-thumbnail","5":"product_cat-neu-eingetroffen","6":"product_cat-79173-de","7":"product_cat-armbanduhren","8":"product_cat-damenuhren","9":"product_cat-datejust-lady-de","10":"product_cat-rolex-de","11":"product_cat-rolex-brands-de","12":"product_cat-unisex-armbanduhren","14":"first","15":"outofstock","16":"taxable","17":"shipping-taxable","18":"purchasable","19":"product-type-simple"},"acf":[],"_links":{"self":[{"href":"https:\/\/langedykvintagewatches.com\/de\/wp-json\/wp\/v2\/product\/86296","targetHints":{"allow":["GET"]}}],"collection":[{"href":"https:\/\/langedykvintagewatches.com\/de\/wp-json\/wp\/v2\/product"}],"about":[{"href":"https:\/\/langedykvintagewatches.com\/de\/wp-json\/wp\/v2\/types\/product"}],"wp:featuredmedia":[{"embeddable":true,"href":"https:\/\/langedykvintagewatches.com\/de\/wp-json\/wp\/v2\/media\/87100"}],"wp:attachment":[{"href":"https:\/\/langedykvintagewatches.com\/de\/wp-json\/wp\/v2\/media?parent=86296"}],"wp:term":[{"taxonomy":"product_brand","embeddable":true,"href":"https:\/\/langedykvintagewatches.com\/de\/wp-json\/wp\/v2\/product_brand?post=86296"},{"taxonomy":"product_cat","embeddable":true,"href":"https:\/\/langedykvintagewatches.com\/de\/wp-json\/wp\/v2\/product_cat?post=86296"},{"taxonomy":"product_tag","embeddable":true,"href":"https:\/\/langedykvintagewatches.com\/de\/wp-json\/wp\/v2\/product_tag?post=86296"}],"curies":[{"name":"wp","href":"https:\/\/api.w.org\/{rel}","templated":true}]}}