{"id":86118,"date":"2026-01-13T10:03:48","date_gmt":"2026-01-13T09:03:48","guid":{"rendered":"https:\/\/langedykvintagewatches.com\/?post_type=product&#038;p=86118"},"modified":"2026-01-13T10:03:56","modified_gmt":"2026-01-13T09:03:56","slug":"rolex-submariner-126610ln-11","status":"publish","type":"product","link":"https:\/\/langedykvintagewatches.com\/de\/produkt\/rolex-submariner-126610ln-11\/","title":{"rendered":"NEW Tudor Black Bay Black 7941A1A0NU 2025 (Full Set)"},"content":{"rendered":"","protected":false},"excerpt":{"rendered":"<p>Tudor Black Bay 7941A1A0NU aus 2025 einschlie\u00dflich vollst\u00e4ndiger satz. Die Black Bay verf\u00fcgt \u00fcber ein 41 mm Edelstahlgeh\u00e4use, ein Edelstahlarmband mit Klappverschluss und eine Keramikkrone. Das Tudor Black Bay 7941A1A0NU ist mit einem automatischen Uhrwerk, Kaliber MT5612, einem kratzfesten Saphirglas und einem schwarzen Zifferblatt mit Chromalight-Anzeige ausgestattet.<\/p>\n<p>Jede Uhr, die von Langedyk Vintage Watches verkauft wird, wird mit einer LVW-Uhrenbox, einem Echtheitsbericht und einem kostenlosen weltweiten (versicherten) Versand geliefert. Dar\u00fcber hinaus wird jede gebrauchte Uhr mit unserer 12-monatigen Garantie ab Kaufdatum angeboten.<\/p>\n<p>Wenn Sie Fragen haben oder weitere Informationen zu dieser Uhr erhalten m\u00f6chten, kontaktieren Sie uns bitte per Telefon oder E-Mail. Wir werden Ihre Anfrage so schnell wie m\u00f6glich beantworten.<\/p>\n<p>Werfen Sie auch einen Blick auf unser komplettes Angebot Uhren.<\/p>\n","protected":false},"featured_media":101445,"template":"","meta":{"_acf_changed":false},"product_brand":[],"product_cat":[2009,2022,1909,1910,2001],"product_tag":[],"class_list":{"0":"post-86118","1":"product","2":"type-product","3":"status-publish","4":"has-post-thumbnail","5":"product_cat-126610-de","6":"product_cat-armbanduhren","7":"product_cat-herrenuhren","8":"product_cat-neu-eingetroffen","9":"product_cat-submariner-de","11":"first","12":"instock","13":"taxable","14":"shipping-taxable","15":"purchasable","16":"product-type-simple"},"acf":[],"_links":{"self":[{"href":"https:\/\/langedykvintagewatches.com\/de\/wp-json\/wp\/v2\/product\/86118","targetHints":{"allow":["GET"]}}],"collection":[{"href":"https:\/\/langedykvintagewatches.com\/de\/wp-json\/wp\/v2\/product"}],"about":[{"href":"https:\/\/langedykvintagewatches.com\/de\/wp-json\/wp\/v2\/types\/product"}],"wp:featuredmedia":[{"embeddable":true,"href":"https:\/\/langedykvintagewatches.com\/de\/wp-json\/wp\/v2\/media\/101445"}],"wp:attachment":[{"href":"https:\/\/langedykvintagewatches.com\/de\/wp-json\/wp\/v2\/media?parent=86118"}],"wp:term":[{"taxonomy":"product_brand","embeddable":true,"href":"https:\/\/langedykvintagewatches.com\/de\/wp-json\/wp\/v2\/product_brand?post=86118"},{"taxonomy":"product_cat","embeddable":true,"href":"https:\/\/langedykvintagewatches.com\/de\/wp-json\/wp\/v2\/product_cat?post=86118"},{"taxonomy":"product_tag","embeddable":true,"href":"https:\/\/langedykvintagewatches.com\/de\/wp-json\/wp\/v2\/product_tag?post=86118"}],"curies":[{"name":"wp","href":"https:\/\/api.w.org\/{rel}","templated":true}]}}