{"id":86014,"date":"2025-08-12T09:36:20","date_gmt":"2025-08-12T07:36:20","guid":{"rendered":"https:\/\/langedykvintagewatches.com\/?post_type=product&#038;p=86014"},"modified":"2025-08-12T09:36:24","modified_gmt":"2025-08-12T07:36:24","slug":"rolex-datejust-16203-2","status":"publish","type":"product","link":"https:\/\/langedykvintagewatches.com\/de\/produkt\/rolex-datejust-16203-2\/","title":{"rendered":"Rolex Oyster Perpetual Datejust Champagne 16203 2000 (Vollst\u00e4ndiger Satz)"},"content":{"rendered":"","protected":false},"excerpt":{"rendered":"<p>Rolex Oyster Perpetual Datejust Referenz 16203 aus dem Jahr 2000 mit komplettem Satz. Die Datejust 16203 misst ein 36mm Edelstahlgeh\u00e4use, Gold\/Edelstahl Oyster-Armband und eine goldene glatte L\u00fcnette. Die 16203 verf\u00fcgt \u00fcber ein Automatikwerk Kaliber 3135 mit Schnellverstellung des Datums, wasserdichtes Saphirglas und ein champager Zifferblatt mit Tritiumzeigern.<\/p>\n<p>Jede Uhr, die von Langedyk Vintage Watches verkauft wird, wird mit einer LVW-Uhrenbox, einem Echtheitsbericht und einem kostenlosen weltweiten (versicherten) Versand geliefert. Dar\u00fcber hinaus wird jede gebrauchte Uhr mit unserer 12-monatigen Garantie ab Kaufdatum angeboten.<\/p>\n<p>Wenn Sie Fragen haben oder zus\u00e4tzliche Informationen zu dieser Uhr erhalten m\u00f6chten, k\u00f6nnen Sie uns gerne telefonisch oder per E-Mail kontaktieren. Wir werden Ihre Anfrage so schnell wie m\u00f6glich beantworten.<\/p>\n<p>Werfen Sie auch einen Blick auf unser komplettes Angebot an Rolex Datejust Uhren<\/p>\n","protected":false},"featured_media":86668,"template":"","meta":{"_acf_changed":false},"product_brand":[],"product_cat":[1909,2022,2023,1922,1910,1914,1915,2021],"product_tag":[],"class_list":{"0":"post-86014","1":"product","2":"type-product","3":"status-publish","4":"has-post-thumbnail","5":"product_cat-herrenuhren","6":"product_cat-armbanduhren","7":"product_cat-damenuhren","8":"product_cat-datejust-de","9":"product_cat-neu-eingetroffen","10":"product_cat-rolex-de","11":"product_cat-rolex-brands-de","12":"product_cat-unisex-armbanduhren","14":"first","15":"instock","16":"taxable","17":"shipping-taxable","18":"purchasable","19":"product-type-simple"},"acf":[],"_links":{"self":[{"href":"https:\/\/langedykvintagewatches.com\/de\/wp-json\/wp\/v2\/product\/86014","targetHints":{"allow":["GET"]}}],"collection":[{"href":"https:\/\/langedykvintagewatches.com\/de\/wp-json\/wp\/v2\/product"}],"about":[{"href":"https:\/\/langedykvintagewatches.com\/de\/wp-json\/wp\/v2\/types\/product"}],"wp:featuredmedia":[{"embeddable":true,"href":"https:\/\/langedykvintagewatches.com\/de\/wp-json\/wp\/v2\/media\/86668"}],"wp:attachment":[{"href":"https:\/\/langedykvintagewatches.com\/de\/wp-json\/wp\/v2\/media?parent=86014"}],"wp:term":[{"taxonomy":"product_brand","embeddable":true,"href":"https:\/\/langedykvintagewatches.com\/de\/wp-json\/wp\/v2\/product_brand?post=86014"},{"taxonomy":"product_cat","embeddable":true,"href":"https:\/\/langedykvintagewatches.com\/de\/wp-json\/wp\/v2\/product_cat?post=86014"},{"taxonomy":"product_tag","embeddable":true,"href":"https:\/\/langedykvintagewatches.com\/de\/wp-json\/wp\/v2\/product_tag?post=86014"}],"curies":[{"name":"wp","href":"https:\/\/api.w.org\/{rel}","templated":true}]}}