{"id":85241,"date":"2025-07-22T09:53:43","date_gmt":"2025-07-22T07:53:43","guid":{"rendered":"https:\/\/langedykvintagewatches.com\/?post_type=product&#038;p=85241"},"modified":"2025-07-22T09:53:43","modified_gmt":"2025-07-22T07:53:43","slug":"rolex-sea-dweller-126603-2","status":"publish","type":"product","link":"https:\/\/langedykvintagewatches.com\/de\/produkt\/rolex-sea-dweller-126603-2\/","title":{"rendered":"Rolex Sea-Dweller Black 126603 2022 (Vollst\u00e4ndiger Satz)"},"content":{"rendered":"","protected":false},"excerpt":{"rendered":"<p>Rolex Sea-Dweller Reference 126603 aus dem Jahr 2022 mit komplettem Set. Die Sea-Dweller Reference 126603 misst ein 43mm Gold\/Edelstahl-Geh\u00e4use mit Heliumauslassventil, ein Edelstahl-Oysterbracelet mit Glidelock und schwarzer drehbarer Keramikl\u00fcnette. Die Sea-Dweller Referenz 126603 verf\u00fcgt \u00fcber ein Automatikwerk Kaliber 3235 mit Quickset-Datumsfunktion, ein kratzfestes Saphirglas und ein schwarzes Zifferblatt mit Chromalight-Anzeige.<\/p>\n<p>Jede Uhr aus unserer Kollektion wird mit einer LVW-Uhrenbox, einem Echtheitszertifikat und einer 12-monatigen Garantie geliefert. Dar\u00fcber hinaus werden alle unsere Uhren innerhalb Europas kostenlos und versichert versandt. Haben Sie Fragen oder m\u00f6chten Sie weitere Informationen zu dieser Uhr erhalten?<\/p>\n<p>Bitte z\u00f6gern Sie nicht, uns telefonisch zu kontaktieren oder uns eine E-Mail zu schicken. Wir werden versuchen, Ihre Anfrage so schnell wie m\u00f6glich innerhalb von 24 Stunden zu beantworten. Werfen Sie auch einen Blick auf unser komplettes Angebot an Rolex <a href=\"https:\/\/langedykvintagewatches.com\/de\/rolex-brands-de\/sea-dweller-de\/\">Sea-Dweller<\/a> Uhren.<\/p>\n","protected":false},"featured_media":85347,"template":"","meta":{"_acf_changed":false},"product_brand":[],"product_cat":[1909,2847,2022,1910,1914,1915,1993],"product_tag":[],"class_list":{"0":"post-85241","1":"product","2":"type-product","3":"status-publish","4":"has-post-thumbnail","5":"product_cat-herrenuhren","6":"product_cat-126603-de","7":"product_cat-armbanduhren","8":"product_cat-neu-eingetroffen","9":"product_cat-rolex-de","10":"product_cat-rolex-brands-de","11":"product_cat-sea-dweller-de","13":"first","14":"outofstock","15":"taxable","16":"shipping-taxable","17":"purchasable","18":"product-type-simple"},"acf":[],"_links":{"self":[{"href":"https:\/\/langedykvintagewatches.com\/de\/wp-json\/wp\/v2\/product\/85241","targetHints":{"allow":["GET"]}}],"collection":[{"href":"https:\/\/langedykvintagewatches.com\/de\/wp-json\/wp\/v2\/product"}],"about":[{"href":"https:\/\/langedykvintagewatches.com\/de\/wp-json\/wp\/v2\/types\/product"}],"wp:featuredmedia":[{"embeddable":true,"href":"https:\/\/langedykvintagewatches.com\/de\/wp-json\/wp\/v2\/media\/85347"}],"wp:attachment":[{"href":"https:\/\/langedykvintagewatches.com\/de\/wp-json\/wp\/v2\/media?parent=85241"}],"wp:term":[{"taxonomy":"product_brand","embeddable":true,"href":"https:\/\/langedykvintagewatches.com\/de\/wp-json\/wp\/v2\/product_brand?post=85241"},{"taxonomy":"product_cat","embeddable":true,"href":"https:\/\/langedykvintagewatches.com\/de\/wp-json\/wp\/v2\/product_cat?post=85241"},{"taxonomy":"product_tag","embeddable":true,"href":"https:\/\/langedykvintagewatches.com\/de\/wp-json\/wp\/v2\/product_tag?post=85241"}],"curies":[{"name":"wp","href":"https:\/\/api.w.org\/{rel}","templated":true}]}}