{"id":84690,"date":"2025-07-08T09:30:44","date_gmt":"2025-07-08T07:30:44","guid":{"rendered":"https:\/\/langedykvintagewatches.com\/?post_type=product&#038;p=84690"},"modified":"2025-07-08T09:30:44","modified_gmt":"2025-07-08T07:30:44","slug":"rolex-yacht-master-126621-4","status":"publish","type":"product","link":"https:\/\/langedykvintagewatches.com\/de\/produkt\/rolex-yacht-master-126621-4\/","title":{"rendered":"Rolex Yacht-Master 40 Black 126621 2025 (Vollst\u00e4ndiger Satz)"},"content":{"rendered":"","protected":false},"excerpt":{"rendered":"<p>Rolex Oyster Perpetual Yacht-Master Referenz 126621 aus dem Jahr 2025 mit komplettem Set. Die Yacht-Master 126621 hat ein 40-mm-Geh\u00e4use aus Gold\/Edelstahl, ein Oyster-Armband aus Edelstahl\/Rosegold mit Oysterlock-Schlie\u00dfe und eine bidirektionale L\u00fcnette aus Rosegold. Die Yacht-Master 126621 verf\u00fcgt \u00fcber ein Automatikwerk Kaliber 3235 mit Schnellverstellung des Datums, ein kratzfestes Saphirglas und ein schwarzes Zifferblatt mit Chromalight-Anzeige.<\/p>\n<p>Jede Uhr, die von Langedyk Vintage Watches verkauft wird, wird mit einer LVW-Uhrenbox, einem Echtheitsbericht und einem kostenlosen weltweiten (versicherten) Versand geliefert. Dar\u00fcber hinaus wird jede gebrauchte Uhr mit unserer 12-monatigen Garantie ab dem Kaufdatum angeboten.<\/p>\n<p>Wenn Sie Fragen haben oder zus\u00e4tzliche Informationen zu dieser Uhr erhalten m\u00f6chten, k\u00f6nnen Sie uns gerne telefonisch oder per E-Mail kontaktieren. Wir werden Ihre Anfrage so schnell wie m\u00f6glich beantworten.<\/p>\n<p>Werfen Sie auch einen Blick auf unser komplettes Angebot an Rolex <a href=\"https:\/\/langedykvintagewatches.com\/de\/rolex-brands-de\/yacht-master-de\/\">Yacht-Master<\/a> Uhren.<\/p>\n","protected":false},"featured_media":84977,"template":"","meta":{"_acf_changed":false},"product_brand":[],"product_cat":[1909,2015,2022,1910,1914,1915,2010],"product_tag":[],"class_list":{"0":"post-84690","1":"product","2":"type-product","3":"status-publish","4":"has-post-thumbnail","5":"product_cat-herrenuhren","6":"product_cat-126621-de","7":"product_cat-armbanduhren","8":"product_cat-neu-eingetroffen","9":"product_cat-rolex-de","10":"product_cat-rolex-brands-de","11":"product_cat-yacht-master-de","13":"first","14":"outofstock","15":"taxable","16":"shipping-taxable","17":"purchasable","18":"product-type-simple"},"acf":[],"_links":{"self":[{"href":"https:\/\/langedykvintagewatches.com\/de\/wp-json\/wp\/v2\/product\/84690","targetHints":{"allow":["GET"]}}],"collection":[{"href":"https:\/\/langedykvintagewatches.com\/de\/wp-json\/wp\/v2\/product"}],"about":[{"href":"https:\/\/langedykvintagewatches.com\/de\/wp-json\/wp\/v2\/types\/product"}],"wp:featuredmedia":[{"embeddable":true,"href":"https:\/\/langedykvintagewatches.com\/de\/wp-json\/wp\/v2\/media\/84977"}],"wp:attachment":[{"href":"https:\/\/langedykvintagewatches.com\/de\/wp-json\/wp\/v2\/media?parent=84690"}],"wp:term":[{"taxonomy":"product_brand","embeddable":true,"href":"https:\/\/langedykvintagewatches.com\/de\/wp-json\/wp\/v2\/product_brand?post=84690"},{"taxonomy":"product_cat","embeddable":true,"href":"https:\/\/langedykvintagewatches.com\/de\/wp-json\/wp\/v2\/product_cat?post=84690"},{"taxonomy":"product_tag","embeddable":true,"href":"https:\/\/langedykvintagewatches.com\/de\/wp-json\/wp\/v2\/product_tag?post=84690"}],"curies":[{"name":"wp","href":"https:\/\/api.w.org\/{rel}","templated":true}]}}