{"id":84193,"date":"2025-07-08T09:30:44","date_gmt":"2025-07-08T07:30:44","guid":{"rendered":"https:\/\/langedykvintagewatches.com\/?post_type=product&#038;p=84193"},"modified":"2025-07-08T09:30:45","modified_gmt":"2025-07-08T07:30:45","slug":"rolex-yacht-master-126622-4","status":"publish","type":"product","link":"https:\/\/langedykvintagewatches.com\/de\/produkt\/rolex-yacht-master-126622-4\/","title":{"rendered":"NEW Rolex Oyster Perpetual Yacht-Master Blue 126622 2025 (Vollst\u00e4ndiger Satz)"},"content":{"rendered":"","protected":false},"excerpt":{"rendered":"<p>Rolex Oyster Perpetual Yacht-Master Referenz 126622 aus dem Jahr 2025 inklusive Komplettset. Die Yacht-Master 126622 misst ein 40mm Edelstahlgeh\u00e4use, ein Edelstahl-Oyster-Armband mit Fliplock-Schlie\u00dfe und eine bidirektionale Zeitrafferl\u00fcnette aus Platin. Die Yacht-Master 126622 verf\u00fcgt \u00fcber ein Automatikwerk Kaliber 3235 mit Schnellverstellung des Datums, ein kratzfestes Saphirglas und ein blaues Zifferblatt mit Chomalight-Anzeige.<\/p>\n<p>Jede Uhr, die von Langedyk Vintage Watches verkauft wird, wird mit einer LVW-Uhrenbox, einem Echtheitsbericht und einem kostenlosen weltweiten (versicherten) Versand geliefert. Dar\u00fcber hinaus wird jede gebrauchte Uhr mit unserer 12-monatigen Garantie ab dem Kaufdatum angeboten.<\/p>\n<p>Wenn Sie Fragen haben oder zus\u00e4tzliche Informationen zu dieser Uhr erhalten m\u00f6chten, k\u00f6nnen Sie uns gerne telefonisch oder per E-Mail kontaktieren. Wir werden Ihre Anfrage so schnell wie m\u00f6glich beantworten.<\/p>\n<p>Werfen Sie auch einen Blick auf unser komplettes Angebot an Rolex <a href=\"https:\/\/langedykvintagewatches.com\/de\/rolex-brands-de\/yacht-master-de\/\">Yacht-Master<\/a> Uhren.<\/p>\n","protected":false},"featured_media":84929,"template":"","meta":{"_acf_changed":false},"product_brand":[],"product_cat":[1909,2016,2022,1910,1914,1915,2600,2010],"product_tag":[],"class_list":{"0":"post-84193","1":"product","2":"type-product","3":"status-publish","4":"has-post-thumbnail","5":"product_cat-herrenuhren","6":"product_cat-126622-de","7":"product_cat-armbanduhren","8":"product_cat-neu-eingetroffen","9":"product_cat-rolex-de","10":"product_cat-rolex-brands-de","11":"product_cat-verkaufte-uhren","12":"product_cat-yacht-master-de","14":"first","15":"outofstock","16":"taxable","17":"shipping-taxable","18":"purchasable","19":"product-type-simple"},"acf":[],"_links":{"self":[{"href":"https:\/\/langedykvintagewatches.com\/de\/wp-json\/wp\/v2\/product\/84193","targetHints":{"allow":["GET"]}}],"collection":[{"href":"https:\/\/langedykvintagewatches.com\/de\/wp-json\/wp\/v2\/product"}],"about":[{"href":"https:\/\/langedykvintagewatches.com\/de\/wp-json\/wp\/v2\/types\/product"}],"wp:featuredmedia":[{"embeddable":true,"href":"https:\/\/langedykvintagewatches.com\/de\/wp-json\/wp\/v2\/media\/84929"}],"wp:attachment":[{"href":"https:\/\/langedykvintagewatches.com\/de\/wp-json\/wp\/v2\/media?parent=84193"}],"wp:term":[{"taxonomy":"product_brand","embeddable":true,"href":"https:\/\/langedykvintagewatches.com\/de\/wp-json\/wp\/v2\/product_brand?post=84193"},{"taxonomy":"product_cat","embeddable":true,"href":"https:\/\/langedykvintagewatches.com\/de\/wp-json\/wp\/v2\/product_cat?post=84193"},{"taxonomy":"product_tag","embeddable":true,"href":"https:\/\/langedykvintagewatches.com\/de\/wp-json\/wp\/v2\/product_tag?post=84193"}],"curies":[{"name":"wp","href":"https:\/\/api.w.org\/{rel}","templated":true}]}}