{"id":83864,"date":"2025-06-24T09:45:23","date_gmt":"2025-06-19T13:51:28","guid":{"rendered":"https:\/\/langedykvintagewatches.com\/?post_type=product&#038;p=83864"},"modified":"2025-06-24T09:45:23","modified_gmt":"2025-06-24T07:45:23","slug":"rolex-datejust-126334-54","status":"publish","type":"product","link":"https:\/\/langedykvintagewatches.com\/de\/produkt\/rolex-datejust-126334-54\/","title":{"rendered":"NEW Rolex Datejust 41 Mint Green 126334 2025 (Vollst\u00e4ndiger Satz)"},"content":{"rendered":"","protected":false},"excerpt":{"rendered":"<p>Rolex Oyster Perpetual Datejust Referenz 126334 aus dem Jahr 2025 inklusive komplettem Set. Die Datejust 126334 misst ein 41-mm-Edelstahlgeh\u00e4use, ein Edelstahl (904L) Jubilee-Armband mit Oysterclasp und eine kannelierte 18K Wei\u00dfgold-L\u00fcnette. Diese Datejust 126334 verf\u00fcgt \u00fcber ein Automatikwerk Kaliber 3235 mit einem Quickset-Datum-Funktion, eine Kratzfestigkeit Saphirglas und mintgr\u00fcnes Zifferblatt.<\/p>\n<p>Auf jede von uns verkaufte Uhr aus zweiter Hand gew\u00e4hren wir eine 12-monatige Garantie ab dem Kaufdatum. Jede von Langedyk Vintage Watches verkaufte Uhr wird mit einer LVW-Uhrenbox, einem Echtheitsbericht und einem kostenlosen weltweiten (versicherten) Versand geliefert.<\/p>\n<p>Wenn Sie Fragen haben oder weitere Informationen zu dieser Uhr erhalten m\u00f6chten, k\u00f6nnen Sie uns gerne telefonisch oder per E-Mail kontaktieren. Wir werden so schnell wie m\u00f6glich auf Ihre Anfrage reagieren.<\/p>\n<p>Bitte schauen Sie sich auch unsere komplette Kollektion von Rolex <a href=\"https:\/\/langedykvintagewatches.com\/de\/rolex-brands-de\/datejust-de\/\">Datejust<\/a> Uhren an.<\/p>\n","protected":false},"featured_media":83879,"template":"","meta":{"_acf_changed":false},"product_brand":[],"product_cat":[1915,1942,2022,1922,1909,1910,1914,2600],"product_tag":[],"class_list":{"0":"post-83864","1":"product","2":"type-product","3":"status-publish","4":"has-post-thumbnail","5":"product_cat-rolex-brands-de","6":"product_cat-126334-de","7":"product_cat-armbanduhren","8":"product_cat-datejust-de","9":"product_cat-herrenuhren","10":"product_cat-neu-eingetroffen","11":"product_cat-rolex-de","12":"product_cat-verkaufte-uhren","14":"first","15":"outofstock","16":"taxable","17":"shipping-taxable","18":"purchasable","19":"product-type-simple"},"acf":[],"_links":{"self":[{"href":"https:\/\/langedykvintagewatches.com\/de\/wp-json\/wp\/v2\/product\/83864","targetHints":{"allow":["GET"]}}],"collection":[{"href":"https:\/\/langedykvintagewatches.com\/de\/wp-json\/wp\/v2\/product"}],"about":[{"href":"https:\/\/langedykvintagewatches.com\/de\/wp-json\/wp\/v2\/types\/product"}],"wp:featuredmedia":[{"embeddable":true,"href":"https:\/\/langedykvintagewatches.com\/de\/wp-json\/wp\/v2\/media\/83879"}],"wp:attachment":[{"href":"https:\/\/langedykvintagewatches.com\/de\/wp-json\/wp\/v2\/media?parent=83864"}],"wp:term":[{"taxonomy":"product_brand","embeddable":true,"href":"https:\/\/langedykvintagewatches.com\/de\/wp-json\/wp\/v2\/product_brand?post=83864"},{"taxonomy":"product_cat","embeddable":true,"href":"https:\/\/langedykvintagewatches.com\/de\/wp-json\/wp\/v2\/product_cat?post=83864"},{"taxonomy":"product_tag","embeddable":true,"href":"https:\/\/langedykvintagewatches.com\/de\/wp-json\/wp\/v2\/product_tag?post=83864"}],"curies":[{"name":"wp","href":"https:\/\/api.w.org\/{rel}","templated":true}]}}