{"id":82988,"date":"2025-06-03T12:35:12","date_gmt":"2025-06-03T10:35:12","guid":{"rendered":"https:\/\/langedykvintagewatches.com\/?post_type=product&#038;p=82988"},"modified":"2025-06-03T12:35:12","modified_gmt":"2025-06-03T10:35:12","slug":"rolex-lady-datejust-279174-2","status":"publish","type":"product","link":"https:\/\/langedykvintagewatches.com\/de\/produkt\/rolex-lady-datejust-279174-2\/","title":{"rendered":"NEW Rolex Lady-Datejust MOP Diamond 279174 2025 (Vollst\u00e4ndiger Satz)"},"content":{"rendered":"","protected":false},"excerpt":{"rendered":"<p>Rolex Oyster Perpetual Lady-Datejust Referenz 279174 aus dem Jahr 2025 inklusive Komplettset. Die Lady-Datejust 279174 hat ein 28-mm-Stahlgeh\u00e4use, ein Oyster-Stahlband mit Faltschlie\u00dfe und eine geriffelte L\u00fcnette aus 18 Karat Wei\u00dfgold. Die 279174 verf\u00fcgt \u00fcber ein Automatikwerk Kaliber 2236 mit Schnellverstellung des Datums, ein kratzfestes Saphirglas und ein MOP-Zifferblatt mit Tritiumzeigern und Diamantmarkierungen.<\/p>\n<p>Jede Uhr aus unserer Kollektion wird mit einer LVW-Uhrenbox, einem Echtheitszertifikat und einer 12-monatigen Garantie geliefert. Dar\u00fcber hinaus werden alle unsere Uhren innerhalb Europas kostenlos und versichert versandt.<\/p>\n<p>Haben Sie Fragen oder m\u00f6chten Sie weitere Informationen zu dieser Uhr erhalten? Bitte z\u00f6gern Sie nicht, uns telefonisch zu kontaktieren oder eine E-Mail zu schicken. Wir werden versuchen, Ihre Anfrage so schnell wie m\u00f6glich innerhalb von 24 Stunden zu beantworten.<\/p>\n<p>Werfen Sie auch einen Blick auf unser komplettes Angebot an Rolex Datejust Uhren<\/p>\n","protected":false},"featured_media":93000,"template":"","meta":{"_acf_changed":false},"product_brand":[],"product_cat":[1910,2662,2022,2023,1943,1914,1915,2021],"product_tag":[],"class_list":{"0":"post-82988","1":"product","2":"type-product","3":"status-publish","4":"has-post-thumbnail","5":"product_cat-neu-eingetroffen","6":"product_cat-179174-de","7":"product_cat-armbanduhren","8":"product_cat-damenuhren","9":"product_cat-datejust-lady-de","10":"product_cat-rolex-de","11":"product_cat-rolex-brands-de","12":"product_cat-unisex-armbanduhren","14":"first","15":"outofstock","16":"taxable","17":"shipping-taxable","18":"purchasable","19":"product-type-simple"},"acf":[],"_links":{"self":[{"href":"https:\/\/langedykvintagewatches.com\/de\/wp-json\/wp\/v2\/product\/82988","targetHints":{"allow":["GET"]}}],"collection":[{"href":"https:\/\/langedykvintagewatches.com\/de\/wp-json\/wp\/v2\/product"}],"about":[{"href":"https:\/\/langedykvintagewatches.com\/de\/wp-json\/wp\/v2\/types\/product"}],"wp:featuredmedia":[{"embeddable":true,"href":"https:\/\/langedykvintagewatches.com\/de\/wp-json\/wp\/v2\/media\/93000"}],"wp:attachment":[{"href":"https:\/\/langedykvintagewatches.com\/de\/wp-json\/wp\/v2\/media?parent=82988"}],"wp:term":[{"taxonomy":"product_brand","embeddable":true,"href":"https:\/\/langedykvintagewatches.com\/de\/wp-json\/wp\/v2\/product_brand?post=82988"},{"taxonomy":"product_cat","embeddable":true,"href":"https:\/\/langedykvintagewatches.com\/de\/wp-json\/wp\/v2\/product_cat?post=82988"},{"taxonomy":"product_tag","embeddable":true,"href":"https:\/\/langedykvintagewatches.com\/de\/wp-json\/wp\/v2\/product_tag?post=82988"}],"curies":[{"name":"wp","href":"https:\/\/api.w.org\/{rel}","templated":true}]}}