{"id":81301,"date":"2025-05-27T09:32:29","date_gmt":"2025-05-08T13:11:34","guid":{"rendered":"https:\/\/langedykvintagewatches.com\/?post_type=product&#038;p=81301"},"modified":"2025-05-27T09:32:31","modified_gmt":"2025-05-27T07:32:31","slug":"rolex-oysterperpetual-116000","status":"publish","type":"product","link":"https:\/\/langedykvintagewatches.com\/de\/produkt\/rolex-oysterperpetual-116000\/","title":{"rendered":"Rolex Oyster Perpetual Grey 116000 2020 (Vollst\u00e4ndiger Satz)"},"content":{"rendered":"","protected":false},"excerpt":{"rendered":"<p>Rolex Oyster Perpetual Referenz 116000 aus dem Jahr 2020 inklusive Komplettset. Die Oyster Perpetual Referenz 116000 misst ein 36mm Edelstahlgeh\u00e4use, ein Edelstahl-Oyster-Armband mit Oysterclasp und glatter Edelstahll\u00fcnette. Die Oyster Perpetual Referenz 116000 besitzt ein Automatikwerk Kaliber 3130, ein kratzfestes Saphirglas und ein graues Zifferblatt mit Chromalight-Anzeige.<\/p>\n<p>Auf jede gebrauchte Uhr, die wir verkaufen, gew\u00e4hren wir 12 Monate Garantie ab Kaufdatum. Jede von Langedyk Vintage Watches verkaufte Uhr wird mit einer LVW-Uhrenbox, einem Echtheitsbericht und einem kostenlosen weltweiten (versicherten) Versand geliefert.<\/p>\n<p>Wenn Sie Fragen haben oder weitere Informationen zu dieser Uhr erhalten m\u00f6chten, k\u00f6nnen Sie uns gerne telefonisch oder per E-Mail kontaktieren. Wir werden so schnell wie m\u00f6glich auf Ihre Anfrage reagieren.<\/p>\n<p>Werfen Sie auch einen Blick auf unsere komplette Kollektion von Rolex <a href=\"https:\/\/langedykvintagewatches.com\/de\/rolex-brands-de\/oyster-perpetual-de\/\">Oyster Perpetual<\/a> Uhren.<\/p>\n","protected":false},"featured_media":81908,"template":"","meta":{"_acf_changed":false},"product_brand":[],"product_cat":[1909,1991,2022,1910,1988,1914,1915],"product_tag":[],"class_list":{"0":"post-81301","1":"product","2":"type-product","3":"status-publish","4":"has-post-thumbnail","5":"product_cat-herrenuhren","6":"product_cat-116000-de","7":"product_cat-armbanduhren","8":"product_cat-neu-eingetroffen","9":"product_cat-oyster-perpetual-de","10":"product_cat-rolex-de","11":"product_cat-rolex-brands-de","13":"first","14":"outofstock","15":"taxable","16":"shipping-taxable","17":"purchasable","18":"product-type-simple"},"acf":[],"_links":{"self":[{"href":"https:\/\/langedykvintagewatches.com\/de\/wp-json\/wp\/v2\/product\/81301","targetHints":{"allow":["GET"]}}],"collection":[{"href":"https:\/\/langedykvintagewatches.com\/de\/wp-json\/wp\/v2\/product"}],"about":[{"href":"https:\/\/langedykvintagewatches.com\/de\/wp-json\/wp\/v2\/types\/product"}],"wp:featuredmedia":[{"embeddable":true,"href":"https:\/\/langedykvintagewatches.com\/de\/wp-json\/wp\/v2\/media\/81908"}],"wp:attachment":[{"href":"https:\/\/langedykvintagewatches.com\/de\/wp-json\/wp\/v2\/media?parent=81301"}],"wp:term":[{"taxonomy":"product_brand","embeddable":true,"href":"https:\/\/langedykvintagewatches.com\/de\/wp-json\/wp\/v2\/product_brand?post=81301"},{"taxonomy":"product_cat","embeddable":true,"href":"https:\/\/langedykvintagewatches.com\/de\/wp-json\/wp\/v2\/product_cat?post=81301"},{"taxonomy":"product_tag","embeddable":true,"href":"https:\/\/langedykvintagewatches.com\/de\/wp-json\/wp\/v2\/product_tag?post=81301"}],"curies":[{"name":"wp","href":"https:\/\/api.w.org\/{rel}","templated":true}]}}