{"id":80936,"date":"2025-05-06T11:01:56","date_gmt":"2025-05-01T12:37:52","guid":{"rendered":"https:\/\/langedykvintagewatches.com\/?post_type=product&#038;p=80936"},"modified":"2025-05-06T11:01:57","modified_gmt":"2025-05-06T09:01:57","slug":"rolex-datejust-116233-11","status":"publish","type":"product","link":"https:\/\/langedykvintagewatches.com\/de\/produkt\/rolex-datejust-116233-11\/","title":{"rendered":"Rolex Oyster Perpetual Datejust Grey Diamond 116233 2009 (Vollst\u00e4ndiger Satz)"},"content":{"rendered":"","protected":false},"excerpt":{"rendered":"<p class=\"p1\">Rolex Oyster Perpetual Datejust Referenz 116233 aus dem Jahr 2009 einschlie\u00dflich voller Satz. Die Datejust 116233 misst eine 36mm Gold und Edelstahl Geh\u00e4use, eine zweifarbige Jubilee Armband mit Kronenverschluss und kannelierte 18k Gold L\u00fcnette. Diese Datejust 116233 verf\u00fcgt \u00fcber ein Automatikwerk Kaliber 3135 mit Quickset-Datum-Funktion, ein kratzfestes Saphirglas und ein Graues Stick-Zifferblatt mit Chromalight-Anzeige und diamanten markierungen.<\/p>\n<p class=\"p1\">Jede Uhr, die von Langedyk Vintage Watches verkauft wird, wird mit einer LVW-Uhrenbox, einem Echtheitsbericht und einem kostenlosen weltweiten (versicherten) Versand geliefert. Dar\u00fcber hinaus wird jede gebrauchte Uhr mit unserer 12-monatigen Garantie ab Kaufdatum angeboten.<\/p>\n<p class=\"p1\">Wenn Sie Fragen haben oder zus\u00e4tzliche Informationen zu dieser Uhr erhalten m\u00f6chten, k\u00f6nnen Sie uns gerne telefonisch oder per E-Mail kontaktieren. Wir werden Ihre Anfrage so schnell wie m\u00f6glich beantworten.<\/p>\n<p class=\"p1\">Werfen Sie auch einen Blick auf unser komplettes Angebot an Rolex Datejust Uhren.<\/p>\n","protected":false},"featured_media":81052,"template":"","meta":{"_acf_changed":false},"product_brand":[],"product_cat":[1932,2022,1922,1909,1910,1914,1915,2021],"product_tag":[],"class_list":{"0":"post-80936","1":"product","2":"type-product","3":"status-publish","4":"has-post-thumbnail","5":"product_cat-116233-de","6":"product_cat-armbanduhren","7":"product_cat-datejust-de","8":"product_cat-herrenuhren","9":"product_cat-neu-eingetroffen","10":"product_cat-rolex-de","11":"product_cat-rolex-brands-de","12":"product_cat-unisex-armbanduhren","14":"first","15":"outofstock","16":"taxable","17":"shipping-taxable","18":"purchasable","19":"product-type-simple"},"acf":[],"_links":{"self":[{"href":"https:\/\/langedykvintagewatches.com\/de\/wp-json\/wp\/v2\/product\/80936","targetHints":{"allow":["GET"]}}],"collection":[{"href":"https:\/\/langedykvintagewatches.com\/de\/wp-json\/wp\/v2\/product"}],"about":[{"href":"https:\/\/langedykvintagewatches.com\/de\/wp-json\/wp\/v2\/types\/product"}],"wp:featuredmedia":[{"embeddable":true,"href":"https:\/\/langedykvintagewatches.com\/de\/wp-json\/wp\/v2\/media\/81052"}],"wp:attachment":[{"href":"https:\/\/langedykvintagewatches.com\/de\/wp-json\/wp\/v2\/media?parent=80936"}],"wp:term":[{"taxonomy":"product_brand","embeddable":true,"href":"https:\/\/langedykvintagewatches.com\/de\/wp-json\/wp\/v2\/product_brand?post=80936"},{"taxonomy":"product_cat","embeddable":true,"href":"https:\/\/langedykvintagewatches.com\/de\/wp-json\/wp\/v2\/product_cat?post=80936"},{"taxonomy":"product_tag","embeddable":true,"href":"https:\/\/langedykvintagewatches.com\/de\/wp-json\/wp\/v2\/product_tag?post=80936"}],"curies":[{"name":"wp","href":"https:\/\/api.w.org\/{rel}","templated":true}]}}