{"id":80647,"date":"2025-04-22T14:53:32","date_gmt":"2025-04-22T12:53:33","guid":{"rendered":"https:\/\/langedykvintagewatches.com\/?post_type=product&#038;p=80647"},"modified":"2025-04-22T15:32:42","modified_gmt":"2025-04-22T13:32:42","slug":"rolex-datejust-116334","status":"publish","type":"product","link":"https:\/\/langedykvintagewatches.com\/de\/produkt\/rolex-datejust-116334\/","title":{"rendered":"Rolex Datejust 41 Grey Roman 116334 2014 (Vollst\u00e4ndiger Satz)"},"content":{"rendered":"","protected":false},"excerpt":{"rendered":"<p>Rolex Oyster Perpetual Datejust Referenz 116334 aus dem Jahr 2014 einschlie\u00dflich voller Satz. Die Datejust 116334 misst ein 41-mm-Edelstahlgeh\u00e4use, ein Edelstahl-Oyster-Armband mit Oysterclasp und kannelierte 18k Wei\u00dfgold L\u00fcnette. Diese Datejust 116334 verf\u00fcgt \u00fcber ein Automatikwerk Kaliber 3135 mit einem Quickset-Datum-Funktion, eine Kratzfestigkeit Saphirglas und grau-farbigen Zifferblatt mit schwarzen r\u00f6mischen Ziffern.<\/p>\n<p>Auf jede gebrauchte Uhr, die wir verkaufen, gew\u00e4hren wir 12 Monate Garantie ab Kaufdatum. Jede von Langedyk Vintage Watches verkaufte Uhr wird mit einer LVW-Uhrenbox, einem Echtheitsbericht und einem kostenlosen weltweiten (versicherten) Versand geliefert.<\/p>\n","protected":false},"featured_media":80583,"template":"","meta":{"_acf_changed":false},"product_brand":[],"product_cat":[1915,2717,2022,1922,1909,1910,1914,2600],"product_tag":[],"class_list":{"0":"post-80647","1":"product","2":"type-product","3":"status-publish","4":"has-post-thumbnail","5":"product_cat-rolex-brands-de","6":"product_cat-116334-de","7":"product_cat-armbanduhren","8":"product_cat-datejust-de","9":"product_cat-herrenuhren","10":"product_cat-neu-eingetroffen","11":"product_cat-rolex-de","12":"product_cat-verkaufte-uhren","14":"first","15":"outofstock","16":"taxable","17":"shipping-taxable","18":"purchasable","19":"product-type-simple"},"acf":[],"_links":{"self":[{"href":"https:\/\/langedykvintagewatches.com\/de\/wp-json\/wp\/v2\/product\/80647","targetHints":{"allow":["GET"]}}],"collection":[{"href":"https:\/\/langedykvintagewatches.com\/de\/wp-json\/wp\/v2\/product"}],"about":[{"href":"https:\/\/langedykvintagewatches.com\/de\/wp-json\/wp\/v2\/types\/product"}],"wp:featuredmedia":[{"embeddable":true,"href":"https:\/\/langedykvintagewatches.com\/de\/wp-json\/wp\/v2\/media\/80583"}],"wp:attachment":[{"href":"https:\/\/langedykvintagewatches.com\/de\/wp-json\/wp\/v2\/media?parent=80647"}],"wp:term":[{"taxonomy":"product_brand","embeddable":true,"href":"https:\/\/langedykvintagewatches.com\/de\/wp-json\/wp\/v2\/product_brand?post=80647"},{"taxonomy":"product_cat","embeddable":true,"href":"https:\/\/langedykvintagewatches.com\/de\/wp-json\/wp\/v2\/product_cat?post=80647"},{"taxonomy":"product_tag","embeddable":true,"href":"https:\/\/langedykvintagewatches.com\/de\/wp-json\/wp\/v2\/product_tag?post=80647"}],"curies":[{"name":"wp","href":"https:\/\/api.w.org\/{rel}","templated":true}]}}