{"id":79940,"date":"2025-04-29T09:41:44","date_gmt":"2025-04-10T12:42:35","guid":{"rendered":"https:\/\/langedykvintagewatches.com\/?post_type=product&#038;p=79940"},"modified":"2025-04-29T09:41:48","modified_gmt":"2025-04-29T07:41:48","slug":"rolex-explorer-i-214270","status":"publish","type":"product","link":"https:\/\/langedykvintagewatches.com\/de\/produkt\/rolex-explorer-i-214270\/","title":{"rendered":"Rolex Explorer I Black 214270 2020 (Vollst\u00e4ndiger Satz)"},"content":{"rendered":"","protected":false},"excerpt":{"rendered":"<p>Rolex Explorer I Referenz 214270 aus dem Jahr 2020 inklusive Komplettset. Die Explorer 214270 hat ein 39mm Edelstahlgeh\u00e4use, ein Edelstahl-Oyster-Armband mit Fliplock-Schlie\u00dfe und eine glatte Edelstahll\u00fcnette. Die Explorer 214270 verf\u00fcgt \u00fcber ein Automatikwerk Kaliber 3230, ein kratzfestes Saphirglas und ein schwarzes Zifferblatt mit arabischer 6 &amp; 9 und Chromalight-Anzeige.<\/p>\n<p>Diese Explorer wird mit einer 5-Jahres-Garantie von Rolex ab dem urspr\u00fcnglichen Kaufdatum auf der Rolex-Karte geliefert. Auf jede gebrauchte Uhr, die wir verkaufen, gew\u00e4hren wir 12 Monate Garantie ab dem Kaufdatum. Jede von Langedyk Vintage Watches verkaufte Uhr wird mit einer LVW-Uhrenbox, einem Echtheitsbericht und einem kostenlosen weltweiten (versicherten) Versand geliefert.<\/p>\n<p>Haben Sie Fragen oder m\u00f6chten Sie weitere Informationen zu dieser Uhr erhalten? Bitte kontaktieren Sie uns telefonisch oder senden Sie uns eine E-Mail. Wir werden versuchen, Ihre Anfrage so schnell wie m\u00f6glich innerhalb von 24 Stunden zu beantworten.<\/p>\n<p>Bitte schauen Sie sich auch unsere komplette Kollektion von Rolex <a href=\"https:\/\/langedykvintagewatches.com\/de\/rolex-brands-de\/explorer-de\/\">Explorer<\/a> Uhren an.<\/p>\n","protected":false},"featured_media":80824,"template":"","meta":{"_acf_changed":false},"product_brand":[],"product_cat":[1914,1974,2022,2023,1971,1909,1915,2021,2600],"product_tag":[],"class_list":{"0":"post-79940","1":"product","2":"type-product","3":"status-publish","4":"has-post-thumbnail","5":"product_cat-rolex-de","6":"product_cat-124270-de","7":"product_cat-armbanduhren","8":"product_cat-damenuhren","9":"product_cat-explorer-de","10":"product_cat-herrenuhren","11":"product_cat-rolex-brands-de","12":"product_cat-unisex-armbanduhren","13":"product_cat-verkaufte-uhren","15":"first","16":"outofstock","17":"purchasable","18":"product-type-simple"},"acf":[],"_links":{"self":[{"href":"https:\/\/langedykvintagewatches.com\/de\/wp-json\/wp\/v2\/product\/79940","targetHints":{"allow":["GET"]}}],"collection":[{"href":"https:\/\/langedykvintagewatches.com\/de\/wp-json\/wp\/v2\/product"}],"about":[{"href":"https:\/\/langedykvintagewatches.com\/de\/wp-json\/wp\/v2\/types\/product"}],"wp:featuredmedia":[{"embeddable":true,"href":"https:\/\/langedykvintagewatches.com\/de\/wp-json\/wp\/v2\/media\/80824"}],"wp:attachment":[{"href":"https:\/\/langedykvintagewatches.com\/de\/wp-json\/wp\/v2\/media?parent=79940"}],"wp:term":[{"taxonomy":"product_brand","embeddable":true,"href":"https:\/\/langedykvintagewatches.com\/de\/wp-json\/wp\/v2\/product_brand?post=79940"},{"taxonomy":"product_cat","embeddable":true,"href":"https:\/\/langedykvintagewatches.com\/de\/wp-json\/wp\/v2\/product_cat?post=79940"},{"taxonomy":"product_tag","embeddable":true,"href":"https:\/\/langedykvintagewatches.com\/de\/wp-json\/wp\/v2\/product_tag?post=79940"}],"curies":[{"name":"wp","href":"https:\/\/api.w.org\/{rel}","templated":true}]}}