{"id":79441,"date":"2025-04-22T11:04:11","date_gmt":"2025-04-22T09:04:11","guid":{"rendered":"https:\/\/langedykvintagewatches.com\/?post_type=product&#038;p=79441"},"modified":"2025-04-22T11:04:11","modified_gmt":"2025-04-22T09:04:11","slug":"rolex-datejust-68273-22","status":"publish","type":"product","link":"https:\/\/langedykvintagewatches.com\/de\/produkt\/rolex-datejust-68273-22\/","title":{"rendered":"Rolex Oyster Perpetual Datejust Mid-Size Black Logo Diamond 68273 1988 (Vollst\u00e4ndiger Satz)"},"content":{"rendered":"","protected":false},"excerpt":{"rendered":"<p>Rolex Oyster Perpetual Datejust Mid-Size Referenz 68273 aus dem Jahr 1988 mit komplettem Set. Die Datejust 68273 misst ein 31mm Gold\/Edelstahl-Geh\u00e4use, ein Gold\/Edelstahl-Jubilee-Armband und eine geriffelte 18k Goldl\u00fcnette. Diese Datejust 68273 verf\u00fcgt \u00fcber ein Automatikwerk Kaliber 3135 mit Schnellverstellung des Datums, ein kratzfestes Saphirglas und ein schwarzes logo zifferblatt mit tritiumzeigern und diamantmarkierungen.<\/p>\n<p>Auf jede gebrauchte Uhr, die wir verkaufen, gew\u00e4hren wir 12 Monate Garantie ab Kaufdatum. Jede von Langedyk Vintage Watches verkaufte Uhr wird mit einer LVW-Uhrenbox, einem Echtheitsbericht und einem kostenlosen weltweiten (versicherten) Versand geliefert.<\/p>\n<p>Wenn Sie Fragen haben oder weitere Informationen zu dieser Uhr erhalten m\u00f6chten, k\u00f6nnen Sie uns gerne telefonisch oder per E-Mail kontaktieren. Wir werden so schnell wie m\u00f6glich auf Ihre Anfrage reagieren.<\/p>\n<p>Bitte schauen Sie sich auch unsere komplette Kollektion von Rolex <a href=\"https:\/\/langedykvintagewatches.com\/de\/rolex-brands-de\/datejust-de\/\">Datejust<\/a> Uhren an.<\/p>\n","protected":false},"featured_media":93015,"template":"","meta":{"_acf_changed":false},"product_brand":[],"product_cat":[1910,1944,2022,2023,1922,1943,1915,1914,2021,2600],"product_tag":[],"class_list":{"0":"post-79441","1":"product","2":"type-product","3":"status-publish","4":"has-post-thumbnail","5":"product_cat-neu-eingetroffen","6":"product_cat-68273-de","7":"product_cat-armbanduhren","8":"product_cat-damenuhren","9":"product_cat-datejust-de","10":"product_cat-datejust-lady-de","11":"product_cat-rolex-brands-de","12":"product_cat-rolex-de","13":"product_cat-unisex-armbanduhren","14":"product_cat-verkaufte-uhren","16":"first","17":"outofstock","18":"virtual","19":"taxable","20":"purchasable","21":"product-type-simple"},"acf":[],"_links":{"self":[{"href":"https:\/\/langedykvintagewatches.com\/de\/wp-json\/wp\/v2\/product\/79441","targetHints":{"allow":["GET"]}}],"collection":[{"href":"https:\/\/langedykvintagewatches.com\/de\/wp-json\/wp\/v2\/product"}],"about":[{"href":"https:\/\/langedykvintagewatches.com\/de\/wp-json\/wp\/v2\/types\/product"}],"wp:featuredmedia":[{"embeddable":true,"href":"https:\/\/langedykvintagewatches.com\/de\/wp-json\/wp\/v2\/media\/93015"}],"wp:attachment":[{"href":"https:\/\/langedykvintagewatches.com\/de\/wp-json\/wp\/v2\/media?parent=79441"}],"wp:term":[{"taxonomy":"product_brand","embeddable":true,"href":"https:\/\/langedykvintagewatches.com\/de\/wp-json\/wp\/v2\/product_brand?post=79441"},{"taxonomy":"product_cat","embeddable":true,"href":"https:\/\/langedykvintagewatches.com\/de\/wp-json\/wp\/v2\/product_cat?post=79441"},{"taxonomy":"product_tag","embeddable":true,"href":"https:\/\/langedykvintagewatches.com\/de\/wp-json\/wp\/v2\/product_tag?post=79441"}],"curies":[{"name":"wp","href":"https:\/\/api.w.org\/{rel}","templated":true}]}}