{"id":79433,"date":"2026-04-07T09:39:47","date_gmt":"2026-04-07T07:39:47","guid":{"rendered":"https:\/\/langedykvintagewatches.com\/?post_type=product&#038;p=79433"},"modified":"2026-04-07T09:39:55","modified_gmt":"2026-04-07T07:39:55","slug":"rolex-daytona-126515","status":"publish","type":"product","link":"https:\/\/langedykvintagewatches.com\/de\/produkt\/rolex-daytona-126515\/","title":{"rendered":"NEW Rolex Daytona Ghost 126539TBR 2026 (Vollst\u00e4ndiger Satz)"},"content":{"rendered":"","protected":false},"excerpt":{"rendered":"<p data-start=\"1088\" data-end=\"1569\">Rolex Daytona Referenz 126539TBR aus 2026 in neuwertigem Zustand, inklusive Full Set. Die Rolex Daytona Referenz 126539TBR verf\u00fcgt \u00fcber ein 40-mm-Geh\u00e4use aus 18 Karat Wei\u00dfgold, ein Oysterflex-Band, eine diamantbesetzte L\u00fcnette sowie ein Zifferblatt mit Diamantdetails, gesch\u00fctzt durch ein Saphirglas. Die Rolex Daytona 126539TBR wird von dem hauseigenen Kaliber 4131 angetrieben, das \u00fcber eine Chronographenfunktion verf\u00fcgt und eine pr\u00e4zise und einfache Zeitmessung erm\u00f6glicht.<\/p>\n<p data-start=\"1571\" data-end=\"1832\">Jede von Langedyk Vintage Watches verkaufte Uhr wird mit einer LVW watch box, einem Echtheitsbericht sowie kostenlosem weltweitem versichertem Versand geliefert. Dar\u00fcber hinaus wird jede gebrauchte Uhr mit einer 12-monatigen Garantie ab Kaufdatum angeboten.<\/p>\n<p data-start=\"1834\" data-end=\"2035\">Wenn Sie Fragen haben oder weitere Informationen zu dieser Uhr erhalten m\u00f6chten, k\u00f6nnen Sie uns gerne telefonisch oder per E-Mail kontaktieren. Wir werden Ihre Anfrage schnellstm\u00f6glich beantworten.<\/p>\n<p>Werfen Sie bitte auch einen Blick auf unser komplettes Angebot an <a href=\"https:\/\/langedykvintagewatches.com\/de\/rolex-brands-de\/daytona-de\/\">Rolex Daytona<\/a> Uhren.<\/p>\n","protected":false},"featured_media":108222,"template":"","meta":{"_acf_changed":false},"product_brand":[],"product_cat":[1909,2022,1963,1910,1915,1914],"product_tag":[],"class_list":{"0":"post-79433","1":"product","2":"type-product","3":"status-publish","4":"has-post-thumbnail","5":"product_cat-herrenuhren","6":"product_cat-armbanduhren","7":"product_cat-daytona-de","8":"product_cat-neu-eingetroffen","9":"product_cat-rolex-brands-de","10":"product_cat-rolex-de","12":"first","13":"instock","14":"taxable","15":"shipping-taxable","16":"purchasable","17":"product-type-simple"},"acf":[],"_links":{"self":[{"href":"https:\/\/langedykvintagewatches.com\/de\/wp-json\/wp\/v2\/product\/79433","targetHints":{"allow":["GET"]}}],"collection":[{"href":"https:\/\/langedykvintagewatches.com\/de\/wp-json\/wp\/v2\/product"}],"about":[{"href":"https:\/\/langedykvintagewatches.com\/de\/wp-json\/wp\/v2\/types\/product"}],"wp:featuredmedia":[{"embeddable":true,"href":"https:\/\/langedykvintagewatches.com\/de\/wp-json\/wp\/v2\/media\/108222"}],"wp:attachment":[{"href":"https:\/\/langedykvintagewatches.com\/de\/wp-json\/wp\/v2\/media?parent=79433"}],"wp:term":[{"taxonomy":"product_brand","embeddable":true,"href":"https:\/\/langedykvintagewatches.com\/de\/wp-json\/wp\/v2\/product_brand?post=79433"},{"taxonomy":"product_cat","embeddable":true,"href":"https:\/\/langedykvintagewatches.com\/de\/wp-json\/wp\/v2\/product_cat?post=79433"},{"taxonomy":"product_tag","embeddable":true,"href":"https:\/\/langedykvintagewatches.com\/de\/wp-json\/wp\/v2\/product_tag?post=79433"}],"curies":[{"name":"wp","href":"https:\/\/api.w.org\/{rel}","templated":true}]}}