{"id":79409,"date":"2025-04-08T09:47:23","date_gmt":"2025-04-08T07:47:23","guid":{"rendered":"https:\/\/langedykvintagewatches.com\/?post_type=product&#038;p=79409"},"modified":"2025-04-08T09:47:23","modified_gmt":"2025-04-08T07:47:23","slug":"rolex-datejust-126300-9","status":"publish","type":"product","link":"https:\/\/langedykvintagewatches.com\/de\/produkt\/rolex-datejust-126300-9\/","title":{"rendered":"Rolex Datejust 41 Wimbledon 126300 2024 (Vollst\u00e4ndiger Satz)"},"content":{"rendered":"","protected":false},"excerpt":{"rendered":"<p>Rolex Oyster Perpetual Datejust Referenz 126300 aus dem Jahr 2024 inklusive Komplettset. Die Datejust 126300 misst ein 41-mm-Edelstahlgeh\u00e4use, ein Edelstahl (904L) Jubilee-Armband mit Oysterclasp und eine glatte Edelstahl-L\u00fcnette. Diese Datejust 126300 verf\u00fcgt \u00fcber ein automatisches Uhrwerk Kaliber 3235 mit einem Quickset Datum Funktion, eine Kratzfestigkeit Saphirglas und Wimbledon Zifferblatt mit r\u00f6mischen Markierungen. Auf jede gebrauchte Uhr, die wir verkaufen, gew\u00e4hren wir 12 Monate Garantie ab Kaufdatum. Jede Uhr, die von Langedyk Vintage Watches verkauft wird, wird mit einer LVW-Uhrenbox, einem Echtheitsbericht und einem kostenlosen weltweiten (versicherten) Versand geliefert.<\/p>\n<p>Wenn Sie Fragen haben oder weitere Informationen zu dieser Uhr erhalten m\u00f6chten, k\u00f6nnen Sie uns gerne telefonisch oder per E-Mail kontaktieren. Wir werden so schnell wie m\u00f6glich auf Ihre Anfrage reagieren.<\/p>\n<p>Bitte schauen Sie sich auch unsere komplette Kollektion von Rolex <a href=\"https:\/\/langedykvintagewatches.com\/de\/rolex-brands-de\/datejust-de\/\">Datejust<\/a> Uhren an.<\/p>\n","protected":false},"featured_media":79811,"template":"","meta":{"_acf_changed":false},"product_brand":[],"product_cat":[1915,1938,2022,1922,1909,1910,1914,2600],"product_tag":[],"class_list":{"0":"post-79409","1":"product","2":"type-product","3":"status-publish","4":"has-post-thumbnail","5":"product_cat-rolex-brands-de","6":"product_cat-126300-de","7":"product_cat-armbanduhren","8":"product_cat-datejust-de","9":"product_cat-herrenuhren","10":"product_cat-neu-eingetroffen","11":"product_cat-rolex-de","12":"product_cat-verkaufte-uhren","14":"first","15":"outofstock","16":"taxable","17":"shipping-taxable","18":"purchasable","19":"product-type-simple"},"acf":[],"_links":{"self":[{"href":"https:\/\/langedykvintagewatches.com\/de\/wp-json\/wp\/v2\/product\/79409","targetHints":{"allow":["GET"]}}],"collection":[{"href":"https:\/\/langedykvintagewatches.com\/de\/wp-json\/wp\/v2\/product"}],"about":[{"href":"https:\/\/langedykvintagewatches.com\/de\/wp-json\/wp\/v2\/types\/product"}],"wp:featuredmedia":[{"embeddable":true,"href":"https:\/\/langedykvintagewatches.com\/de\/wp-json\/wp\/v2\/media\/79811"}],"wp:attachment":[{"href":"https:\/\/langedykvintagewatches.com\/de\/wp-json\/wp\/v2\/media?parent=79409"}],"wp:term":[{"taxonomy":"product_brand","embeddable":true,"href":"https:\/\/langedykvintagewatches.com\/de\/wp-json\/wp\/v2\/product_brand?post=79409"},{"taxonomy":"product_cat","embeddable":true,"href":"https:\/\/langedykvintagewatches.com\/de\/wp-json\/wp\/v2\/product_cat?post=79409"},{"taxonomy":"product_tag","embeddable":true,"href":"https:\/\/langedykvintagewatches.com\/de\/wp-json\/wp\/v2\/product_tag?post=79409"}],"curies":[{"name":"wp","href":"https:\/\/api.w.org\/{rel}","templated":true}]}}