{"id":78997,"date":"2026-02-17T10:19:39","date_gmt":"2026-02-17T09:19:39","guid":{"rendered":"https:\/\/langedykvintagewatches.com\/?post_type=product&#038;p=78997"},"modified":"2026-03-30T15:55:59","modified_gmt":"2026-03-30T13:55:59","slug":"cartier-santos-medium-wssa0029","status":"publish","type":"product","link":"https:\/\/langedykvintagewatches.com\/de\/produkt\/cartier-santos-medium-wssa0029\/","title":{"rendered":"NEW Cartier Santos Medium WGSA0107 2025 (Full Set)"},"content":{"rendered":"","protected":false},"excerpt":{"rendered":"<p data-start=\"1124\" data-end=\"1381\">Cartier Santos Medium Referenz WGSA0107, inklusive Full Set. Die Cartier Santos verf\u00fcgt \u00fcber ein 41,9 \u00d7 35,1 mm Geh\u00e4use aus 18 Karat Wei\u00dfgold (8,8 mm H\u00f6he) mit einer glatten Wei\u00dfgold-L\u00fcnette sowie einem passenden Armband mit verdeckter Faltschlie\u00dfe.<\/p>\n<p data-start=\"1383\" data-end=\"1564\">Die Cartier WGSA0107 besitzt ein wei\u00dfes Zifferblatt mit den klassischen schwarzen r\u00f6mischen Stundenindizes im Cartier-Stil und blauen Zeigern \u2013 ganz im ikonischen Santos-Design.<\/p>\n<p data-start=\"1566\" data-end=\"1848\">Diese Cartier Santos WGSA0107 wird von einem Automatikwerk (Kaliber 1847 MC) angetrieben und ist mit einem Saphirglas ausgestattet. Zwischen den Kronensch\u00fctzern befindet sich die charakteristische Krone mit blauem Saphir-Cabochon, ein typisches Detail der Santos-Kollektion.<\/p>\n<p data-start=\"1850\" data-end=\"2088\">Jede von uns verkaufte gebrauchte Uhr wird mit einer 12-monatigen Garantie ab Kaufdatum angeboten. Jede von Timeless Finders verkaufte Uhr wird mit einem Echtheitsbericht sowie kostenfreiem weltweitem (versichertem) Versand geliefert.<\/p>\n","protected":false},"featured_media":104051,"template":"","meta":{"_acf_changed":false},"product_brand":[],"product_cat":[1909,2022,3129,2023,1910,2021,2600],"product_tag":[],"class_list":{"0":"post-78997","1":"product","2":"type-product","3":"status-publish","4":"has-post-thumbnail","5":"product_cat-herrenuhren","6":"product_cat-armbanduhren","7":"product_cat-cartier","8":"product_cat-damenuhren","9":"product_cat-neu-eingetroffen","10":"product_cat-unisex-armbanduhren","11":"product_cat-verkaufte-uhren","13":"first","14":"outofstock","15":"taxable","16":"shipping-taxable","17":"purchasable","18":"product-type-simple"},"acf":[],"_links":{"self":[{"href":"https:\/\/langedykvintagewatches.com\/de\/wp-json\/wp\/v2\/product\/78997","targetHints":{"allow":["GET"]}}],"collection":[{"href":"https:\/\/langedykvintagewatches.com\/de\/wp-json\/wp\/v2\/product"}],"about":[{"href":"https:\/\/langedykvintagewatches.com\/de\/wp-json\/wp\/v2\/types\/product"}],"wp:featuredmedia":[{"embeddable":true,"href":"https:\/\/langedykvintagewatches.com\/de\/wp-json\/wp\/v2\/media\/104051"}],"wp:attachment":[{"href":"https:\/\/langedykvintagewatches.com\/de\/wp-json\/wp\/v2\/media?parent=78997"}],"wp:term":[{"taxonomy":"product_brand","embeddable":true,"href":"https:\/\/langedykvintagewatches.com\/de\/wp-json\/wp\/v2\/product_brand?post=78997"},{"taxonomy":"product_cat","embeddable":true,"href":"https:\/\/langedykvintagewatches.com\/de\/wp-json\/wp\/v2\/product_cat?post=78997"},{"taxonomy":"product_tag","embeddable":true,"href":"https:\/\/langedykvintagewatches.com\/de\/wp-json\/wp\/v2\/product_tag?post=78997"}],"curies":[{"name":"wp","href":"https:\/\/api.w.org\/{rel}","templated":true}]}}