{"id":78744,"date":"2025-03-25T09:40:57","date_gmt":"2025-03-24T11:37:59","guid":{"rendered":"https:\/\/langedykvintagewatches.com\/?post_type=product&#038;p=78744"},"modified":"2025-04-15T20:17:12","modified_gmt":"2025-04-15T18:17:12","slug":"rolex-submariner-date-126610ln","status":"publish","type":"product","link":"https:\/\/langedykvintagewatches.com\/de\/produkt\/rolex-submariner-date-126610ln\/","title":{"rendered":"NEW Rolex Submariner Date Black 126610LN 2025 (Vollst\u00e4ndiger Satz)"},"content":{"rendered":"","protected":false},"excerpt":{"rendered":"<p>NUE Rolex Submariner Date Referenz 126610LN aus dem Jahr 2025 einschlie\u00dflich voller Satz. Die Submariner Date misst ein 41mm Edelstahlgeh\u00e4use, ein Edelstahl-Oyster-Armband mit Oysterlock-Schlie\u00dfe und eine drehbare Keramikl\u00fcnette. Die Submariner Date 126610LN besitzt ein Automatikwerk Kaliber 3235, ein kratzfestes Saphirglas und ein schwarzes Zifferblatt mit Chromalight-Anzeige.<\/p>\n<p>Jede Uhr, die von Langedyk Vintage Watches verkauft wird, wird mit einer LVW-Uhrenbox, einem Echtheitsbericht und einem kostenlosen weltweiten (versicherten) Versand geliefert. Dar\u00fcber hinaus wird jede gebrauchte Uhr mit unserer 12-monatigen Garantie ab Kaufdatum angeboten.<\/p>\n<p>Wenn Sie Fragen haben oder weitere Informationen zu dieser Uhr erhalten m\u00f6chten, kontaktieren Sie uns bitte per Telefon oder E-Mail. Wir werden Ihre Anfrage so schnell wie m\u00f6glich beantworten.<\/p>\n<p>Werfen Sie auch einen Blick auf unser komplettes Angebot an Rolex <a href=\"https:\/\/langedykvintagewatches.com\/de\/rolex-brands-de\/submariner-de\/\">Submariner<\/a> Uhren.<\/p>\n","protected":false},"featured_media":78769,"template":"","meta":{"_acf_changed":false},"product_brand":[],"product_cat":[2009,2022,1909,1910,1915,1914,2001,2600],"product_tag":[],"class_list":{"0":"post-78744","1":"product","2":"type-product","3":"status-publish","4":"has-post-thumbnail","5":"product_cat-126610-de","6":"product_cat-armbanduhren","7":"product_cat-herrenuhren","8":"product_cat-neu-eingetroffen","9":"product_cat-rolex-brands-de","10":"product_cat-rolex-de","11":"product_cat-submariner-de","12":"product_cat-verkaufte-uhren","14":"first","15":"outofstock","16":"taxable","17":"shipping-taxable","18":"purchasable","19":"product-type-simple"},"acf":[],"_links":{"self":[{"href":"https:\/\/langedykvintagewatches.com\/de\/wp-json\/wp\/v2\/product\/78744","targetHints":{"allow":["GET"]}}],"collection":[{"href":"https:\/\/langedykvintagewatches.com\/de\/wp-json\/wp\/v2\/product"}],"about":[{"href":"https:\/\/langedykvintagewatches.com\/de\/wp-json\/wp\/v2\/types\/product"}],"wp:featuredmedia":[{"embeddable":true,"href":"https:\/\/langedykvintagewatches.com\/de\/wp-json\/wp\/v2\/media\/78769"}],"wp:attachment":[{"href":"https:\/\/langedykvintagewatches.com\/de\/wp-json\/wp\/v2\/media?parent=78744"}],"wp:term":[{"taxonomy":"product_brand","embeddable":true,"href":"https:\/\/langedykvintagewatches.com\/de\/wp-json\/wp\/v2\/product_brand?post=78744"},{"taxonomy":"product_cat","embeddable":true,"href":"https:\/\/langedykvintagewatches.com\/de\/wp-json\/wp\/v2\/product_cat?post=78744"},{"taxonomy":"product_tag","embeddable":true,"href":"https:\/\/langedykvintagewatches.com\/de\/wp-json\/wp\/v2\/product_tag?post=78744"}],"curies":[{"name":"wp","href":"https:\/\/api.w.org\/{rel}","templated":true}]}}