{"id":78602,"date":"2025-03-25T09:40:53","date_gmt":"2025-03-25T08:40:53","guid":{"rendered":"https:\/\/langedykvintagewatches.com\/?post_type=product&#038;p=78602"},"modified":"2025-05-30T12:17:50","modified_gmt":"2025-05-30T10:17:50","slug":"rolex-lady-datejust-69158","status":"publish","type":"product","link":"https:\/\/langedykvintagewatches.com\/de\/produkt\/rolex-lady-datejust-69158\/","title":{"rendered":"Rolex Lady-Datejust Champagne Logo Diamond 69158 1990 (Vollst\u00e4ndiger Satz)"},"content":{"rendered":"","protected":false},"excerpt":{"rendered":"<div>Rolex Oyster Perpetual Lady-Datejust Referenz 69158 aus dem Jahr 1990 mit komplettem Set. Die Lady-Datejust 69158 misst ein 26mm Goldgeh\u00e4use mit diamantbesetzten Bandanst\u00f6\u00dfen, goldenem Jubil\u00e4umsarmband und diamantbesetzter L\u00fcnette. Diese Lady-Datejust 69158 verf\u00fcgt \u00fcber ein Automatikwerk Kaliber 2135 mit Schnellverstellung des Datums, Saphirglas und ein champagnerfarbenes Logo-Zifferblatt mit Diamantmarkierungen.<\/div>\n<div><\/div>\n<div>Jede Uhr, die von Langedyk Vintage Watches verkauft wird, wird mit einer LVW-Uhrenbox, einem Echtheitsbericht und einem kostenlosen weltweiten (versicherten) Versand geliefert. Dar\u00fcber hinaus wird jede gebrauchte Uhr mit unserer 12-monatigen Garantie ab dem Kaufdatum angeboten.<\/div>\n<div><\/div>\n<div>Wenn Sie Fragen haben oder zus\u00e4tzliche Informationen zu dieser Uhr erhalten m\u00f6chten, k\u00f6nnen Sie uns gerne telefonisch oder per E-Mail kontaktieren. Wir werden Ihre Anfrage so schnell wie m\u00f6glich beantworten.<\/div>\n<div><\/div>\n<div>Werfen Sie auch einen Blick auf unser komplettes Angebot an Rolex Datejust Uhren.<\/div>\n<div><\/div>\n","protected":false},"featured_media":78865,"template":"","meta":{"_acf_changed":false},"product_brand":[],"product_cat":[1910,1947,2022,2023,1943,1915,1914,2021],"product_tag":[],"class_list":{"0":"post-78602","1":"product","2":"type-product","3":"status-publish","4":"has-post-thumbnail","5":"product_cat-neu-eingetroffen","6":"product_cat-69178-de","7":"product_cat-armbanduhren","8":"product_cat-damenuhren","9":"product_cat-datejust-lady-de","10":"product_cat-rolex-brands-de","11":"product_cat-rolex-de","12":"product_cat-unisex-armbanduhren","14":"first","15":"outofstock","16":"taxable","17":"shipping-taxable","18":"purchasable","19":"product-type-simple"},"acf":[],"_links":{"self":[{"href":"https:\/\/langedykvintagewatches.com\/de\/wp-json\/wp\/v2\/product\/78602","targetHints":{"allow":["GET"]}}],"collection":[{"href":"https:\/\/langedykvintagewatches.com\/de\/wp-json\/wp\/v2\/product"}],"about":[{"href":"https:\/\/langedykvintagewatches.com\/de\/wp-json\/wp\/v2\/types\/product"}],"wp:featuredmedia":[{"embeddable":true,"href":"https:\/\/langedykvintagewatches.com\/de\/wp-json\/wp\/v2\/media\/78865"}],"wp:attachment":[{"href":"https:\/\/langedykvintagewatches.com\/de\/wp-json\/wp\/v2\/media?parent=78602"}],"wp:term":[{"taxonomy":"product_brand","embeddable":true,"href":"https:\/\/langedykvintagewatches.com\/de\/wp-json\/wp\/v2\/product_brand?post=78602"},{"taxonomy":"product_cat","embeddable":true,"href":"https:\/\/langedykvintagewatches.com\/de\/wp-json\/wp\/v2\/product_cat?post=78602"},{"taxonomy":"product_tag","embeddable":true,"href":"https:\/\/langedykvintagewatches.com\/de\/wp-json\/wp\/v2\/product_tag?post=78602"}],"curies":[{"name":"wp","href":"https:\/\/api.w.org\/{rel}","templated":true}]}}