{"id":78086,"date":"2025-03-18T10:09:05","date_gmt":"2025-03-13T14:34:36","guid":{"rendered":"https:\/\/langedykvintagewatches.com\/?post_type=product&#038;p=78086"},"modified":"2025-03-18T10:09:06","modified_gmt":"2025-03-18T10:09:06","slug":"rolex-submariner-16800-3","status":"publish","type":"product","link":"https:\/\/langedykvintagewatches.com\/de\/produkt\/rolex-submariner-16800-3\/","title":{"rendered":"Rolex Submariner Date 16800 1986 (Vollst\u00e4ndiger Satz)"},"content":{"rendered":"","protected":false},"excerpt":{"rendered":"<p>Rolex Oyster Perpetual Submariner Date Reference 16800 aus dem Jahr 1986 mit komplettem Set. Die Submariner 16800 misst ein 40mm Edelstahlgeh\u00e4use, ein Edelstahl-Oyster-Armband mit Fliplock-Schlie\u00dfe und schwarzer drehbarer L\u00fcnette. Die Submariner 16800 verf\u00fcgt \u00fcber ein Automatikkaliber 3035 mit Schnellverstellung des Datums, ein kratzfestes Saphirglas und ein schwarzes Zifferblat.<\/p>\n<p>Jede Uhr, die von Langedyk Vintage Watches verkauft wird, wird mit einer LVW-Uhrenbox, einem Echtheitsbericht und einem kostenlosen weltweiten (versicherten) Versand geliefert. Dar\u00fcber hinaus wird jede gebrauchte Uhr mit unserer 12-monatigen Garantie ab dem Kaufdatum angeboten.<\/p>\n<p>Werfen Sie auch einen Blick auf unsere komplette Kollektion von Rolex <a href=\"https:\/\/langedykvintagewatches.com\/de\/rolex-brands-de\/submariner-de\/\">Submariner<\/a> Uhren.<\/p>\n","protected":false},"featured_media":78302,"template":"","meta":{"_acf_changed":false},"product_brand":[],"product_cat":[1909,2006,2022,1910,1915,1914,2001,2021],"product_tag":[],"class_list":{"0":"post-78086","1":"product","2":"type-product","3":"status-publish","4":"has-post-thumbnail","5":"product_cat-herrenuhren","6":"product_cat-16800-de","7":"product_cat-armbanduhren","8":"product_cat-neu-eingetroffen","9":"product_cat-rolex-brands-de","10":"product_cat-rolex-de","11":"product_cat-submariner-de","12":"product_cat-unisex-armbanduhren","14":"first","15":"outofstock","16":"taxable","17":"shipping-taxable","18":"purchasable","19":"product-type-simple"},"acf":[],"_links":{"self":[{"href":"https:\/\/langedykvintagewatches.com\/de\/wp-json\/wp\/v2\/product\/78086","targetHints":{"allow":["GET"]}}],"collection":[{"href":"https:\/\/langedykvintagewatches.com\/de\/wp-json\/wp\/v2\/product"}],"about":[{"href":"https:\/\/langedykvintagewatches.com\/de\/wp-json\/wp\/v2\/types\/product"}],"wp:featuredmedia":[{"embeddable":true,"href":"https:\/\/langedykvintagewatches.com\/de\/wp-json\/wp\/v2\/media\/78302"}],"wp:attachment":[{"href":"https:\/\/langedykvintagewatches.com\/de\/wp-json\/wp\/v2\/media?parent=78086"}],"wp:term":[{"taxonomy":"product_brand","embeddable":true,"href":"https:\/\/langedykvintagewatches.com\/de\/wp-json\/wp\/v2\/product_brand?post=78086"},{"taxonomy":"product_cat","embeddable":true,"href":"https:\/\/langedykvintagewatches.com\/de\/wp-json\/wp\/v2\/product_cat?post=78086"},{"taxonomy":"product_tag","embeddable":true,"href":"https:\/\/langedykvintagewatches.com\/de\/wp-json\/wp\/v2\/product_tag?post=78086"}],"curies":[{"name":"wp","href":"https:\/\/api.w.org\/{rel}","templated":true}]}}