{"id":76859,"date":"2025-03-04T08:43:08","date_gmt":"2025-02-20T12:05:15","guid":{"rendered":"https:\/\/langedykvintagewatches.com\/?post_type=product&#038;p=76859"},"modified":"2025-03-04T08:43:09","modified_gmt":"2025-03-04T08:43:09","slug":"rolex-datejust-mid-size-68274-3","status":"publish","type":"product","link":"https:\/\/langedykvintagewatches.com\/de\/produkt\/rolex-datejust-mid-size-68274-3\/","title":{"rendered":"Rolex Datejust Mid-Size Grau Arabisch 68274 1996 (Vollst\u00e4ndiger Satz)"},"content":{"rendered":"","protected":false},"excerpt":{"rendered":"<p>Rolex Oyster Perpetual Datejust Mid-Size Referenz 68274 aus dem Jahr 1996 mit komplettem Set. Die Datejust 68274 misst ein 31mm Edelstahlgeh\u00e4use, ein Edelstahl-Jubil\u00e4umsarmband und eine kannelierte 18k Wei\u00dfgoldl\u00fcnette. Diese Datejust 68274 verf\u00fcgt \u00fcber ein Automatikwerk Kaliber 3135 mit Quickset-Datum-Funktion, eine Kratzfestigkeit Saphirglas und ein graues Zifferblatt mit Tritium Zeiger.<\/p>\n<p>Auf jede gebrauchte Uhr, die wir verkaufen, gew\u00e4hren wir 12 Monate Garantie ab Kaufdatum. Jede von Langedyk Vintage Watches verkaufte Uhr wird mit einer LVW-Uhrenbox, einem Echtheitsbericht und einem kostenlosen weltweiten (versicherten) Versand geliefert.<\/p>\n<p>Wenn Sie Fragen haben oder weitere Informationen zu dieser Uhr erhalten m\u00f6chten, k\u00f6nnen Sie uns gerne telefonisch oder per E-Mail kontaktieren. Wir werden so schnell wie m\u00f6glich auf Ihre Anfrage reagieren.<\/p>\n<p>Bitte schauen Sie sich auch unsere komplette Kollektion von Rolex <a href=\"https:\/\/langedykvintagewatches.com\/de\/rolex-brands-de\/datejust-de\/\">Datejust<\/a> Uhren an.<\/p>\n","protected":false},"featured_media":81704,"template":"","meta":{"_acf_changed":false},"product_brand":[],"product_cat":[1945,2022,2023,1922,1943,1910,1914,1915,2021],"product_tag":[],"class_list":{"0":"post-76859","1":"product","2":"type-product","3":"status-publish","4":"has-post-thumbnail","5":"product_cat-68274-de","6":"product_cat-armbanduhren","7":"product_cat-damenuhren","8":"product_cat-datejust-de","9":"product_cat-datejust-lady-de","10":"product_cat-neu-eingetroffen","11":"product_cat-rolex-de","12":"product_cat-rolex-brands-de","13":"product_cat-unisex-armbanduhren","15":"first","16":"instock","17":"virtual","18":"taxable","19":"purchasable","20":"product-type-simple"},"acf":[],"_links":{"self":[{"href":"https:\/\/langedykvintagewatches.com\/de\/wp-json\/wp\/v2\/product\/76859","targetHints":{"allow":["GET"]}}],"collection":[{"href":"https:\/\/langedykvintagewatches.com\/de\/wp-json\/wp\/v2\/product"}],"about":[{"href":"https:\/\/langedykvintagewatches.com\/de\/wp-json\/wp\/v2\/types\/product"}],"wp:featuredmedia":[{"embeddable":true,"href":"https:\/\/langedykvintagewatches.com\/de\/wp-json\/wp\/v2\/media\/81704"}],"wp:attachment":[{"href":"https:\/\/langedykvintagewatches.com\/de\/wp-json\/wp\/v2\/media?parent=76859"}],"wp:term":[{"taxonomy":"product_brand","embeddable":true,"href":"https:\/\/langedykvintagewatches.com\/de\/wp-json\/wp\/v2\/product_brand?post=76859"},{"taxonomy":"product_cat","embeddable":true,"href":"https:\/\/langedykvintagewatches.com\/de\/wp-json\/wp\/v2\/product_cat?post=76859"},{"taxonomy":"product_tag","embeddable":true,"href":"https:\/\/langedykvintagewatches.com\/de\/wp-json\/wp\/v2\/product_tag?post=76859"}],"curies":[{"name":"wp","href":"https:\/\/api.w.org\/{rel}","templated":true}]}}