{"id":76821,"date":"2026-02-17T10:19:40","date_gmt":"2026-02-17T09:19:40","guid":{"rendered":"https:\/\/langedykvintagewatches.com\/product\/audemars-piguet-25860st\/"},"modified":"2026-04-07T09:01:50","modified_gmt":"2026-04-07T07:01:50","slug":"audemars-piguet-26331or","status":"publish","type":"product","link":"https:\/\/langedykvintagewatches.com\/de\/produkt\/audemars-piguet-26331or\/","title":{"rendered":"Audemars Piguet Royal Oak Chocolate 26331OR 2017 (Vollst\u00e4ndiger Satz)"},"content":{"rendered":"","protected":false},"excerpt":{"rendered":"<p data-start=\"1412\" data-end=\"1908\">Die Audemars Piguet Royal Oak 26331OR verbindet nahtlos das ikonische Royal Oak-Design mit pr\u00e4ziser Chronographenfunktionalit\u00e4t. Mit einem 41 mm Geh\u00e4use aus 18 Karat Ros\u00e9gold und entspiegeltem Saphirglas bietet dieser Zeitmesser sowohl Stil als auch Langlebigkeit. Das beeindruckende schokoladenbraune Grande-Tapisserie-Zifferblatt verf\u00fcgt \u00fcber drei Hilfszifferbl\u00e4tter, ein Datumsfenster sowie leuchtende Stundenmarkierungen und Zeiger aus Ros\u00e9gold \u2013 ganz im typischen Royal Oak-Stil.<\/p>\n<p data-start=\"1910\" data-end=\"2195\">Angetrieben vom automatischen Kaliber 2385 verf\u00fcgt sie \u00fcber Chronographen- und Datumsfunktionen sowie eine Gangreserve von bis zu 40 Stunden. Die Uhr ist mit einem integrierten Armband aus 18 Karat Ros\u00e9gold mit Faltschlie\u00dfe ausgestattet und bis zu 50 Meter wasserdicht.<\/p>\n<p data-start=\"2197\" data-end=\"2462\">Jede von Langedyk Vintage Watches verkaufte Uhr wird mit einer LVW-Uhrenbox, einem Echtheitsbericht sowie kostenfreiem weltweitem (versichertem) Versand geliefert. Dar\u00fcber hinaus wird jede gebrauchte Uhr mit unserer 12-monatigen Garantie ab Kaufdatum angeboten.<\/p>\n<p data-start=\"2464\" data-end=\"2658\">Wenn Sie Fragen haben oder zus\u00e4tzliche Informationen zu dieser Uhr erhalten m\u00f6chten, kontaktieren Sie uns gerne telefonisch oder per E-Mail. Wir werden Ihre Anfrage schnellstm\u00f6glich beantworten.<\/p>\n","protected":false},"featured_media":103883,"template":"","meta":{"_acf_changed":false},"product_brand":[],"product_cat":[2022,2996,1909,1910],"product_tag":[],"class_list":{"0":"post-76821","1":"product","2":"type-product","3":"status-publish","4":"has-post-thumbnail","5":"product_cat-armbanduhren","6":"product_cat-audemars-piguet-de","7":"product_cat-herrenuhren","8":"product_cat-neu-eingetroffen","10":"first","11":"outofstock","12":"taxable","13":"shipping-taxable","14":"purchasable","15":"product-type-simple"},"acf":[],"_links":{"self":[{"href":"https:\/\/langedykvintagewatches.com\/de\/wp-json\/wp\/v2\/product\/76821","targetHints":{"allow":["GET"]}}],"collection":[{"href":"https:\/\/langedykvintagewatches.com\/de\/wp-json\/wp\/v2\/product"}],"about":[{"href":"https:\/\/langedykvintagewatches.com\/de\/wp-json\/wp\/v2\/types\/product"}],"wp:featuredmedia":[{"embeddable":true,"href":"https:\/\/langedykvintagewatches.com\/de\/wp-json\/wp\/v2\/media\/103883"}],"wp:attachment":[{"href":"https:\/\/langedykvintagewatches.com\/de\/wp-json\/wp\/v2\/media?parent=76821"}],"wp:term":[{"taxonomy":"product_brand","embeddable":true,"href":"https:\/\/langedykvintagewatches.com\/de\/wp-json\/wp\/v2\/product_brand?post=76821"},{"taxonomy":"product_cat","embeddable":true,"href":"https:\/\/langedykvintagewatches.com\/de\/wp-json\/wp\/v2\/product_cat?post=76821"},{"taxonomy":"product_tag","embeddable":true,"href":"https:\/\/langedykvintagewatches.com\/de\/wp-json\/wp\/v2\/product_tag?post=76821"}],"curies":[{"name":"wp","href":"https:\/\/api.w.org\/{rel}","templated":true}]}}