{"id":76814,"date":"2025-02-18T12:53:14","date_gmt":"2025-02-18T12:53:14","guid":{"rendered":"https:\/\/langedykvintagewatches.com\/product\/new-patek-philippe-5205g-013-annual-calander-blue-2024-full-set\/"},"modified":"2026-04-07T08:55:57","modified_gmt":"2026-04-07T06:55:57","slug":"new-patek-philippe-5205g-013-annual-calander-blue-2024-full-set","status":"publish","type":"product","link":"https:\/\/langedykvintagewatches.com\/de\/produkt\/new-patek-philippe-5205g-013-annual-calander-blue-2024-full-set\/","title":{"rendered":"NEW Patek Philippe 5205G-013 Annual Calander Blue 2024 (Full Set)"},"content":{"rendered":"","protected":false},"excerpt":{"rendered":"<div>Die Patek Philippe Annual Calendar 5205G-013 ist ein atemberaubender Zeitmesser, der Eleganz und Pr\u00e4zision nahtlos miteinander verbindet. Die aus 18 Karat Wei\u00dfgold gefertigte Uhr verf\u00fcgt \u00fcber ein schlankes 40-mm-Geh\u00e4use und ein luxuri\u00f6ses, zweifarbiges blaues Zifferblatt mit applizierten Strichindizes. Das Automatikwerk Kaliber 324 von Patek Philippe verf\u00fcgt \u00fcber eine Gangreserve von 48 Stunden und bietet eine Vielzahl von Funktionen: Tag, Datum, Monat, Mondphase und eine 24-Stunden-Anzeige bei 6 Uhr.<\/div>\n<div><\/div>\n<div>Dieses raffinierte Modell verf\u00fcgt au\u00dferdem \u00fcber einen zentralen Sekundenzeiger, Saphirglas und einen transparenten Geh\u00e4useboden. Die bis zu 30 Meter wasserdichte Uhr ist so konzipiert, dass sie dem t\u00e4glichen Tragen standh\u00e4lt und dabei ihren zeitlosen Reiz beh\u00e4lt. Die Uhr befindet sich in einem neuen Zustand und wird mit der originalen Patek Philippe Box und den Papieren geliefert.<\/div>\n","protected":false},"featured_media":76771,"template":"","meta":{"_acf_changed":false},"product_brand":[],"product_cat":[2022,1909,1910,2997,2600],"product_tag":[],"class_list":{"0":"post-76814","1":"product","2":"type-product","3":"status-publish","4":"has-post-thumbnail","5":"product_cat-armbanduhren","6":"product_cat-herrenuhren","7":"product_cat-neu-eingetroffen","8":"product_cat-patek-philippe-de","9":"product_cat-verkaufte-uhren","11":"first","12":"outofstock","13":"taxable","14":"shipping-taxable","15":"purchasable","16":"product-type-simple"},"acf":[],"_links":{"self":[{"href":"https:\/\/langedykvintagewatches.com\/de\/wp-json\/wp\/v2\/product\/76814","targetHints":{"allow":["GET"]}}],"collection":[{"href":"https:\/\/langedykvintagewatches.com\/de\/wp-json\/wp\/v2\/product"}],"about":[{"href":"https:\/\/langedykvintagewatches.com\/de\/wp-json\/wp\/v2\/types\/product"}],"wp:featuredmedia":[{"embeddable":true,"href":"https:\/\/langedykvintagewatches.com\/de\/wp-json\/wp\/v2\/media\/76771"}],"wp:attachment":[{"href":"https:\/\/langedykvintagewatches.com\/de\/wp-json\/wp\/v2\/media?parent=76814"}],"wp:term":[{"taxonomy":"product_brand","embeddable":true,"href":"https:\/\/langedykvintagewatches.com\/de\/wp-json\/wp\/v2\/product_brand?post=76814"},{"taxonomy":"product_cat","embeddable":true,"href":"https:\/\/langedykvintagewatches.com\/de\/wp-json\/wp\/v2\/product_cat?post=76814"},{"taxonomy":"product_tag","embeddable":true,"href":"https:\/\/langedykvintagewatches.com\/de\/wp-json\/wp\/v2\/product_tag?post=76814"}],"curies":[{"name":"wp","href":"https:\/\/api.w.org\/{rel}","templated":true}]}}