{"id":76353,"date":"2025-02-18T08:36:30","date_gmt":"2025-02-13T14:40:56","guid":{"rendered":"https:\/\/langedykvintagewatches.com\/?post_type=product&#038;p=76353"},"modified":"2026-04-07T09:11:19","modified_gmt":"2026-04-07T07:11:19","slug":"rolex-lady-datejust-69173-65","status":"publish","type":"product","link":"https:\/\/langedykvintagewatches.com\/de\/produkt\/rolex-lady-datejust-69173-65\/","title":{"rendered":"Rolex Lady-Datejust Champagne Diamond 69173 1987 (Vollst\u00e4ndiger Satz)"},"content":{"rendered":"","protected":false},"excerpt":{"rendered":"<p>Rolex Oyster Perpetual Lady-Datejust Referenz 69173 aus dem Jahr 1987 mit komplettem Set. Die Lady-Datejust 69173 misst eine 26mm Gold und Edelstahl-Geh\u00e4use, zwei-Ton-Jubil\u00e4um Armband und geriffelte 14k Gold L\u00fcnette. Diese Lady-Datejust 69173 verf\u00fcgt \u00fcber ein Automatikwerk Kaliber 2135 mit Quickset Datum Funktion, eine Kratzfestigkeit Saphirglas und ein Champagner Zifferblatt mit Tritium Zeiger.<\/p>\n<p>Jede Uhr, die von Langedyk Vintage Watches verkauft wird, wird mit einer LVW-Uhrenbox, einem Echtheitsbericht und einem kostenlosen weltweiten (versicherten) Versand geliefert. Dar\u00fcber hinaus wird jede gebrauchte Uhr mit unserer 12-monatigen Garantie ab dem Kaufdatum angeboten.<\/p>\n<p>Wenn Sie Fragen haben oder zus\u00e4tzliche Informationen zu dieser Uhr erhalten m\u00f6chten, k\u00f6nnen Sie uns gerne telefonisch oder per E-Mail kontaktieren. Wir werden Ihre Anfrage so schnell wie m\u00f6glich beantworten.<\/p>\n<p>Werfen Sie auch einen Blick auf unsere komplette Kollektion von Rolex <a href=\"https:\/\/langedykvintagewatches.com\/de\/rolex-brands-de\/datejust-lady-de\/\">Lady-Datejust<\/a> Uhren.<\/p>\n","protected":false},"featured_media":76714,"template":"","meta":{"_acf_changed":false},"product_brand":[],"product_cat":[1946,1943,2600],"product_tag":[],"class_list":{"0":"post-76353","1":"product","2":"type-product","3":"status-publish","4":"has-post-thumbnail","5":"product_cat-69173-de","6":"product_cat-datejust-lady-de","7":"product_cat-verkaufte-uhren","9":"first","10":"outofstock","11":"taxable","12":"shipping-taxable","13":"purchasable","14":"product-type-simple"},"acf":[],"_links":{"self":[{"href":"https:\/\/langedykvintagewatches.com\/de\/wp-json\/wp\/v2\/product\/76353","targetHints":{"allow":["GET"]}}],"collection":[{"href":"https:\/\/langedykvintagewatches.com\/de\/wp-json\/wp\/v2\/product"}],"about":[{"href":"https:\/\/langedykvintagewatches.com\/de\/wp-json\/wp\/v2\/types\/product"}],"wp:featuredmedia":[{"embeddable":true,"href":"https:\/\/langedykvintagewatches.com\/de\/wp-json\/wp\/v2\/media\/76714"}],"wp:attachment":[{"href":"https:\/\/langedykvintagewatches.com\/de\/wp-json\/wp\/v2\/media?parent=76353"}],"wp:term":[{"taxonomy":"product_brand","embeddable":true,"href":"https:\/\/langedykvintagewatches.com\/de\/wp-json\/wp\/v2\/product_brand?post=76353"},{"taxonomy":"product_cat","embeddable":true,"href":"https:\/\/langedykvintagewatches.com\/de\/wp-json\/wp\/v2\/product_cat?post=76353"},{"taxonomy":"product_tag","embeddable":true,"href":"https:\/\/langedykvintagewatches.com\/de\/wp-json\/wp\/v2\/product_tag?post=76353"}],"curies":[{"name":"wp","href":"https:\/\/api.w.org\/{rel}","templated":true}]}}