{"id":76291,"date":"2025-02-11T08:43:45","date_gmt":"2025-02-10T16:14:19","guid":{"rendered":"https:\/\/langedykvintagewatches.com\/?post_type=product&#038;p=76291"},"modified":"2026-02-11T15:27:01","modified_gmt":"2026-02-11T14:27:01","slug":"rolex-lady-datejust-69173-63","status":"publish","type":"product","link":"https:\/\/langedykvintagewatches.com\/de\/produkt\/rolex-lady-datejust-69173-63\/","title":{"rendered":"Rolex Lady-Datejust Blue Diamond 69173 1993 (Vollst\u00e4ndiger Satz)"},"content":{"rendered":"","protected":false},"excerpt":{"rendered":"<p>Rolex Oyster Perpetual Lady-Datejust Referenz 69173 aus dem Jahr 1993 einschlie\u00dflich der kompletten Satz. Die Lady-Datejust 69173 misst eine 26mm Gold und Edelstahl Geh\u00e4use, zweifarbige Jubil\u00e4um Armband und kannelierte 14k Gold L\u00fcnette. Diese Lady-Datejust 69173 verf\u00fcgt \u00fcber ein Automatikwerk Kaliber 2135 mit Schnellverstellung des Datums, ein kratzfestes Saphirglas und ein Blaues Zifferblatt mit Tritiumzeigern und Diamantmarkierungen.<\/p>\n<p>Jede Uhr, die von Langedyk Vintage Watches verkauft wird, wird mit einer LVW-Uhrenbox, einem Echtheitsbericht und einem kostenlosen weltweiten (versicherten) Versand geliefert. Dar\u00fcber hinaus wird jede gebrauchte Uhr mit unserer 12-monatigen Garantie ab dem Kaufdatum angeboten.<\/p>\n<p>Wenn Sie Fragen haben oder zus\u00e4tzliche Informationen zu dieser Uhr erhalten m\u00f6chten, k\u00f6nnen Sie uns gerne telefonisch oder per E-Mail kontaktieren. Wir werden Ihre Anfrage so schnell wie m\u00f6glich beantworten.<\/p>\n<p>Werfen Sie auch einen Blick auf unsere komplette Kollektion von Rolex <a href=\"https:\/\/langedykvintagewatches.com\/de\/rolex-brands-de\/datejust-lady-de\/\">Lady-Datejust <\/a>Uhren.<\/p>\n","protected":false},"featured_media":76316,"template":"","meta":{"_acf_changed":false},"product_brand":[],"product_cat":[1910,1946,2022,2023,1943,1914,1915],"product_tag":[],"class_list":{"0":"post-76291","1":"product","2":"type-product","3":"status-publish","4":"has-post-thumbnail","5":"product_cat-neu-eingetroffen","6":"product_cat-69173-de","7":"product_cat-armbanduhren","8":"product_cat-damenuhren","9":"product_cat-datejust-lady-de","10":"product_cat-rolex-de","11":"product_cat-rolex-brands-de","13":"first","14":"outofstock","15":"taxable","16":"shipping-taxable","17":"purchasable","18":"product-type-simple"},"acf":[],"_links":{"self":[{"href":"https:\/\/langedykvintagewatches.com\/de\/wp-json\/wp\/v2\/product\/76291","targetHints":{"allow":["GET"]}}],"collection":[{"href":"https:\/\/langedykvintagewatches.com\/de\/wp-json\/wp\/v2\/product"}],"about":[{"href":"https:\/\/langedykvintagewatches.com\/de\/wp-json\/wp\/v2\/types\/product"}],"wp:featuredmedia":[{"embeddable":true,"href":"https:\/\/langedykvintagewatches.com\/de\/wp-json\/wp\/v2\/media\/76316"}],"wp:attachment":[{"href":"https:\/\/langedykvintagewatches.com\/de\/wp-json\/wp\/v2\/media?parent=76291"}],"wp:term":[{"taxonomy":"product_brand","embeddable":true,"href":"https:\/\/langedykvintagewatches.com\/de\/wp-json\/wp\/v2\/product_brand?post=76291"},{"taxonomy":"product_cat","embeddable":true,"href":"https:\/\/langedykvintagewatches.com\/de\/wp-json\/wp\/v2\/product_cat?post=76291"},{"taxonomy":"product_tag","embeddable":true,"href":"https:\/\/langedykvintagewatches.com\/de\/wp-json\/wp\/v2\/product_tag?post=76291"}],"curies":[{"name":"wp","href":"https:\/\/api.w.org\/{rel}","templated":true}]}}