{"id":76150,"date":"2025-12-23T09:38:56","date_gmt":"2025-12-23T08:38:56","guid":{"rendered":"https:\/\/langedykvintagewatches.com\/?post_type=product&#038;p=76150"},"modified":"2026-04-07T09:05:40","modified_gmt":"2026-04-07T07:05:40","slug":"rolex-lady-datejust-279171","status":"publish","type":"product","link":"https:\/\/langedykvintagewatches.com\/de\/produkt\/rolex-lady-datejust-279171\/","title":{"rendered":"Rolex Lady-Datejust Choco Diamond 279171 2024 (Vollst\u00e4ndiger Satz)"},"content":{"rendered":"","protected":false},"excerpt":{"rendered":"<p>Rolex Oyster Perpetual Lady-Datejust Referenz 279171 aus dem Jahr 2024 mit komplettem Set. Die Lady-Datejust 279171 hat ein 28-mm-Geh\u00e4use aus Ros\u00e9gold und Edelstahl, ein zweifarbiges Jubil\u00e4umsarmband mit verdeckter Kronenschlie\u00dfe und eine L\u00fcnette aus 18 Karat Ros\u00e9gold. Diese Lady-Datejust 279171 verf\u00fcgt \u00fcber ein Automatikwerk Kaliber 2236 mit Schnellverstellung des Datums, ein kratzfestes Saphirglas und ein Schoko-Zifferblatt mit diamanten Schriftzeichen.<\/p>\n<p>Jede Uhr, die von Langedyk Vintage Watches verkauft wird, wird mit einer LVW-Uhrenbox, einem Echtheitsbericht und einem kostenlosen weltweiten (versicherten) Versand geliefert. Dar\u00fcber hinaus wird jede gebrauchte Uhr mit unserer 12-monatigen Garantie ab dem Kaufdatum angeboten.<\/p>\n<p>Wenn Sie Fragen haben oder zus\u00e4tzliche Informationen zu dieser Uhr erhalten m\u00f6chten, k\u00f6nnen Sie uns gerne telefonisch oder per E-Mail kontaktieren. Wir werden Ihre Anfrage so schnell wie m\u00f6glich beantworten.<\/p>\n<p>Werfen Sie auch einen Blick auf unser komplettes Angebot an Rolex <a href=\"https:\/\/langedykvintagewatches.com\/de\/rolex-brands-de\/datejust-lady-de\/\">Datejust<\/a> Uhren.<\/p>\n","protected":false},"featured_media":99599,"template":"","meta":{"_acf_changed":false},"product_brand":[],"product_cat":[1910,2022,2023,1943,1914,1915,2021],"product_tag":[],"class_list":{"0":"post-76150","1":"product","2":"type-product","3":"status-publish","4":"has-post-thumbnail","5":"product_cat-neu-eingetroffen","6":"product_cat-armbanduhren","7":"product_cat-damenuhren","8":"product_cat-datejust-lady-de","9":"product_cat-rolex-de","10":"product_cat-rolex-brands-de","11":"product_cat-unisex-armbanduhren","13":"first","14":"outofstock","15":"taxable","16":"shipping-taxable","17":"purchasable","18":"product-type-simple"},"acf":[],"_links":{"self":[{"href":"https:\/\/langedykvintagewatches.com\/de\/wp-json\/wp\/v2\/product\/76150","targetHints":{"allow":["GET"]}}],"collection":[{"href":"https:\/\/langedykvintagewatches.com\/de\/wp-json\/wp\/v2\/product"}],"about":[{"href":"https:\/\/langedykvintagewatches.com\/de\/wp-json\/wp\/v2\/types\/product"}],"wp:featuredmedia":[{"embeddable":true,"href":"https:\/\/langedykvintagewatches.com\/de\/wp-json\/wp\/v2\/media\/99599"}],"wp:attachment":[{"href":"https:\/\/langedykvintagewatches.com\/de\/wp-json\/wp\/v2\/media?parent=76150"}],"wp:term":[{"taxonomy":"product_brand","embeddable":true,"href":"https:\/\/langedykvintagewatches.com\/de\/wp-json\/wp\/v2\/product_brand?post=76150"},{"taxonomy":"product_cat","embeddable":true,"href":"https:\/\/langedykvintagewatches.com\/de\/wp-json\/wp\/v2\/product_cat?post=76150"},{"taxonomy":"product_tag","embeddable":true,"href":"https:\/\/langedykvintagewatches.com\/de\/wp-json\/wp\/v2\/product_tag?post=76150"}],"curies":[{"name":"wp","href":"https:\/\/api.w.org\/{rel}","templated":true}]}}