{"id":75130,"date":"2025-02-04T08:34:32","date_gmt":"2025-01-22T13:48:29","guid":{"rendered":"https:\/\/langedykvintagewatches.com\/?post_type=product&#038;p=75130"},"modified":"2026-04-07T09:06:30","modified_gmt":"2026-04-07T07:06:30","slug":"rolex-datejust-16233-84-2","status":"publish","type":"product","link":"https:\/\/langedykvintagewatches.com\/de\/produkt\/rolex-datejust-16233-84-2\/","title":{"rendered":"Rolex Oyster Perpetual Datejust White 16233 1991 (Vollst\u00e4ndiger Satz)"},"content":{"rendered":"","protected":false},"excerpt":{"rendered":"<p>Rolex Oyster Perpetual Datejust Referenz 16233 aus dem Jahr 1991. Die Datejust 16233 Datejust misst ein 36-mm-Edelstahlgeh\u00e4use, ein Gelbgold-Edelstahl-Jubil\u00e4umsarmband und eine kannelierte 18k Gelbgold-L\u00fcnette. Diese Datejust 16233 verf\u00fcgt \u00fcber ein Automatikwerk Kaliber 3135 mit Quickset-Datum-Funktion, ein kratzfestes Saphirglas und ein wei\u00dfes Zifferblatt.<\/p>\n<p>Auf jede gebrauchte Uhr, die wir verkaufen, gew\u00e4hren wir 12 Monate Garantie ab Kaufdatum. Jede von Langedyk Vintage Watches verkaufte Uhr wird mit einer LVW-Uhrenbox, einem Echtheitsbericht und einem kostenlosen weltweiten (versicherten) Versand geliefert.<\/p>\n<p>Wenn Sie Fragen haben oder zus\u00e4tzliche Informationen zu dieser Uhr erhalten m\u00f6chten, k\u00f6nnen Sie uns gerne telefonisch oder per E-Mail kontaktieren. Wir werden Ihre Anfrage so schnell wie m\u00f6glich beantworten.<\/p>\n<p>Werfen Sie auch einen Blick auf unser komplettes Angebot an Rolex <a href=\"https:\/\/langedykvintagewatches.com\/de\/rolex-brands-de\/datejust-de\/\">Datejust<\/a> Uhren.<\/p>\n","protected":false},"featured_media":75697,"template":"","meta":{"_acf_changed":false},"product_brand":[],"product_cat":[1909,1928,2022,2023,1922,1910,1914,1915,2021],"product_tag":[],"class_list":{"0":"post-75130","1":"product","2":"type-product","3":"status-publish","4":"has-post-thumbnail","5":"product_cat-herrenuhren","6":"product_cat-16233-de","7":"product_cat-armbanduhren","8":"product_cat-damenuhren","9":"product_cat-datejust-de","10":"product_cat-neu-eingetroffen","11":"product_cat-rolex-de","12":"product_cat-rolex-brands-de","13":"product_cat-unisex-armbanduhren","15":"first","16":"outofstock","17":"virtual","18":"taxable","19":"purchasable","20":"product-type-simple"},"acf":[],"_links":{"self":[{"href":"https:\/\/langedykvintagewatches.com\/de\/wp-json\/wp\/v2\/product\/75130","targetHints":{"allow":["GET"]}}],"collection":[{"href":"https:\/\/langedykvintagewatches.com\/de\/wp-json\/wp\/v2\/product"}],"about":[{"href":"https:\/\/langedykvintagewatches.com\/de\/wp-json\/wp\/v2\/types\/product"}],"wp:featuredmedia":[{"embeddable":true,"href":"https:\/\/langedykvintagewatches.com\/de\/wp-json\/wp\/v2\/media\/75697"}],"wp:attachment":[{"href":"https:\/\/langedykvintagewatches.com\/de\/wp-json\/wp\/v2\/media?parent=75130"}],"wp:term":[{"taxonomy":"product_brand","embeddable":true,"href":"https:\/\/langedykvintagewatches.com\/de\/wp-json\/wp\/v2\/product_brand?post=75130"},{"taxonomy":"product_cat","embeddable":true,"href":"https:\/\/langedykvintagewatches.com\/de\/wp-json\/wp\/v2\/product_cat?post=75130"},{"taxonomy":"product_tag","embeddable":true,"href":"https:\/\/langedykvintagewatches.com\/de\/wp-json\/wp\/v2\/product_tag?post=75130"}],"curies":[{"name":"wp","href":"https:\/\/api.w.org\/{rel}","templated":true}]}}