{"id":74643,"date":"2025-01-21T08:32:21","date_gmt":"2025-01-16T14:49:44","guid":{"rendered":"https:\/\/langedykvintagewatches.com\/?post_type=product&#038;p=74643"},"modified":"2026-04-07T08:58:30","modified_gmt":"2026-04-07T06:58:30","slug":"rolex-submariner-116610ln-4","status":"publish","type":"product","link":"https:\/\/langedykvintagewatches.com\/de\/produkt\/rolex-submariner-116610ln-4\/","title":{"rendered":"Rolex Submariner Black 116610LN 2018 (Vollst\u00e4ndiger Satz)"},"content":{"rendered":"","protected":false},"excerpt":{"rendered":"<p>Rolex Oyster Perpetual Submariner Referenz 116610LN aus dem Jahr 2019 inklusive Komplettset. Die Submariner 116610LN misst ein 40mm Edelstahlgeh\u00e4use, ein Edelstahl-Oyster-Armband mit Fliplock-Schlie\u00dfe und schwarzes drehbarer L\u00fcnette. Die Submariner 116610LN verf\u00fcgt \u00fcber ein Automatikkaliber 3135 mit Quickset-Datumsfunktion, ein kratzfestes Saphirglas und ein schwarzes Zifferblatt mit Luminova-Anzeige.<\/p>\n<p>Jede Uhr, die von Langedyk Vintage Watches verkauft wird, wird mit einer LVW-Uhrenbox, einem Echtheitsbericht und einem kostenlosen weltweiten (versicherten) Versand geliefert. Dar\u00fcber hinaus wird jede gebrauchte Uhr mit unserer 12-monatigen Garantie ab dem Kaufdatum angeboten.<\/p>\n<p>Werfen Sie auch einen Blick auf unsere komplette Kollektion von Rolex <a href=\"https:\/\/langedykvintagewatches.com\/de\/rolex-brands-de\/submariner-de\/\">Submariner<\/a> Uhren.<\/p>\n","protected":false},"featured_media":75030,"template":"","meta":{"_acf_changed":false},"product_brand":[],"product_cat":[1909,2022,1910,1915,1914,2001,2021],"product_tag":[],"class_list":{"0":"post-74643","1":"product","2":"type-product","3":"status-publish","4":"has-post-thumbnail","5":"product_cat-herrenuhren","6":"product_cat-armbanduhren","7":"product_cat-neu-eingetroffen","8":"product_cat-rolex-brands-de","9":"product_cat-rolex-de","10":"product_cat-submariner-de","11":"product_cat-unisex-armbanduhren","13":"first","14":"outofstock","15":"taxable","16":"shipping-taxable","17":"purchasable","18":"product-type-simple"},"acf":[],"_links":{"self":[{"href":"https:\/\/langedykvintagewatches.com\/de\/wp-json\/wp\/v2\/product\/74643","targetHints":{"allow":["GET"]}}],"collection":[{"href":"https:\/\/langedykvintagewatches.com\/de\/wp-json\/wp\/v2\/product"}],"about":[{"href":"https:\/\/langedykvintagewatches.com\/de\/wp-json\/wp\/v2\/types\/product"}],"wp:featuredmedia":[{"embeddable":true,"href":"https:\/\/langedykvintagewatches.com\/de\/wp-json\/wp\/v2\/media\/75030"}],"wp:attachment":[{"href":"https:\/\/langedykvintagewatches.com\/de\/wp-json\/wp\/v2\/media?parent=74643"}],"wp:term":[{"taxonomy":"product_brand","embeddable":true,"href":"https:\/\/langedykvintagewatches.com\/de\/wp-json\/wp\/v2\/product_brand?post=74643"},{"taxonomy":"product_cat","embeddable":true,"href":"https:\/\/langedykvintagewatches.com\/de\/wp-json\/wp\/v2\/product_cat?post=74643"},{"taxonomy":"product_tag","embeddable":true,"href":"https:\/\/langedykvintagewatches.com\/de\/wp-json\/wp\/v2\/product_tag?post=74643"}],"curies":[{"name":"wp","href":"https:\/\/api.w.org\/{rel}","templated":true}]}}