{"id":72614,"date":"2024-12-24T08:50:30","date_gmt":"2024-12-19T13:21:53","guid":{"rendered":"https:\/\/langedykvintagewatches.com\/?post_type=product&#038;p=72614"},"modified":"2024-12-24T08:50:30","modified_gmt":"2024-12-24T08:50:30","slug":"rolex-gmt-master-126711chnr","status":"publish","type":"product","link":"https:\/\/langedykvintagewatches.com\/de\/produkt\/rolex-gmt-master-126711chnr\/","title":{"rendered":"Rolex GMT-Master II Rootbeer 126711CHNR 2022 (Vollst\u00e4ndiger Satz)"},"content":{"rendered":"","protected":false},"excerpt":{"rendered":"<p>Rolex GMT-Master II Rootbeer Referenz 126711CHNR aus dem Jahr 2022 inklusive Komplettset. Die GMT-Master II 126711CHNR misst ein 40mm Ros\u00e9gold- und Edelstahlgeh\u00e4use, ein zweifarbiges Oyster-Armband mit Oysterclasp und CH\/NR Keramikl\u00fcnette. Die GMT-Master II 126711CHNR verf\u00fcgt \u00fcber ein Automatikkaliber 3285 mit Schnellverstellung des Datums, ein kratzfestes Saphirglas und ein schwarzes Zifferblatt mit Chromalight-Anzeige. Jede Uhr, die von Langedyk Vintage Watches verkauft wird, wird mit einer LVW-Uhrenbox, einem Echtheitsbericht und einem kostenlosen weltweiten (versicherten) Versand geliefert. Dar\u00fcber hinaus wird jede gebrauchte Uhr mit unserer 12-monatigen Garantie ab Kaufdatum angeboten.<\/p>\n<p>Wenn Sie Fragen haben oder zus\u00e4tzliche Informationen zu dieser Uhr erhalten m\u00f6chten, k\u00f6nnen Sie uns gerne telefonisch oder per E-Mail kontaktieren. Wir werden Ihre Anfrage so schnell wie m\u00f6glich beantworten.<\/p>\n<p>Werfen Sie auch einen Blick auf unser komplettes Angebot an Rolex<a href=\"https:\/\/langedykvintagewatches.com\/de\/rolex-brands-de\/gmt-master-ii-de\/\"> GMT-Master II<\/a> Uhren.<\/p>\n","protected":false},"featured_media":72979,"template":"","meta":{"_acf_changed":false},"product_brand":[],"product_cat":[1984,2022,1979,1909,1910,1914,1915,2021,2600],"product_tag":[],"class_list":{"0":"post-72614","1":"product","2":"type-product","3":"status-publish","4":"has-post-thumbnail","5":"product_cat-126711chnr-de","6":"product_cat-armbanduhren","7":"product_cat-gmt-master-ii-de","8":"product_cat-herrenuhren","9":"product_cat-neu-eingetroffen","10":"product_cat-rolex-de","11":"product_cat-rolex-brands-de","12":"product_cat-unisex-armbanduhren","13":"product_cat-verkaufte-uhren","15":"first","16":"outofstock","17":"taxable","18":"shipping-taxable","19":"purchasable","20":"product-type-simple"},"acf":[],"_links":{"self":[{"href":"https:\/\/langedykvintagewatches.com\/de\/wp-json\/wp\/v2\/product\/72614","targetHints":{"allow":["GET"]}}],"collection":[{"href":"https:\/\/langedykvintagewatches.com\/de\/wp-json\/wp\/v2\/product"}],"about":[{"href":"https:\/\/langedykvintagewatches.com\/de\/wp-json\/wp\/v2\/types\/product"}],"wp:featuredmedia":[{"embeddable":true,"href":"https:\/\/langedykvintagewatches.com\/de\/wp-json\/wp\/v2\/media\/72979"}],"wp:attachment":[{"href":"https:\/\/langedykvintagewatches.com\/de\/wp-json\/wp\/v2\/media?parent=72614"}],"wp:term":[{"taxonomy":"product_brand","embeddable":true,"href":"https:\/\/langedykvintagewatches.com\/de\/wp-json\/wp\/v2\/product_brand?post=72614"},{"taxonomy":"product_cat","embeddable":true,"href":"https:\/\/langedykvintagewatches.com\/de\/wp-json\/wp\/v2\/product_cat?post=72614"},{"taxonomy":"product_tag","embeddable":true,"href":"https:\/\/langedykvintagewatches.com\/de\/wp-json\/wp\/v2\/product_tag?post=72614"}],"curies":[{"name":"wp","href":"https:\/\/api.w.org\/{rel}","templated":true}]}}