{"id":71752,"date":"2024-12-17T08:34:19","date_gmt":"2024-12-14T10:22:32","guid":{"rendered":"https:\/\/langedykvintagewatches.com\/?post_type=product&#038;p=71752"},"modified":"2024-12-17T08:34:20","modified_gmt":"2024-12-17T08:34:20","slug":"rolex-datejust-116231-5","status":"publish","type":"product","link":"https:\/\/langedykvintagewatches.com\/de\/produkt\/rolex-datejust-116231-5\/","title":{"rendered":"Rolex Datejust Black Roman 116231 2005 (Vollst\u00e4ndiger Satz)"},"content":{"rendered":"","protected":false},"excerpt":{"rendered":"<p>Rolex Oyster Perpetual Datejust Referenz 116231 aus dem Jahr 2005 einschlie\u00dflich voller Satz. Die Datejust 116233 misst ein 36mm Ros\u00e9gold und Edelstahl Geh\u00e4use, ein zweifarbiges Jubilee Armband mit Kronenverschluss und kannelierte 18k Ros\u00e9gold L\u00fcnette. Diese Datejust 116231 verf\u00fcgt \u00fcber ein Automatikwerk Kaliber 3135 mit Schnellverstellung Datum Funktion, eine Kratzfestigkeit Saphirglas und ein schwarzes Zifferblatt mit R\u00f6mischen markierungen.<\/p>\n<p>Jede Uhr, die von Langedyk Vintage Watches verkauft wird, wird mit einer LVW-Uhrenbox, einem Echtheitsbericht und einem kostenlosen weltweiten (versicherten) Versand geliefert. Dar\u00fcber hinaus wird jede gebrauchte Uhr mit unserer 12-monatigen Garantie ab dem Kaufdatum angeboten.<\/p>\n<p>Wenn Sie Fragen haben oder zus\u00e4tzliche Informationen zu dieser Uhr erhalten m\u00f6chten, k\u00f6nnen Sie uns gerne telefonisch oder per E-Mail kontaktieren. Wir werden Ihre Anfrage so schnell wie m\u00f6glich beantworten.<\/p>\n<p>Werfen Sie bitte auch einen Blick auf unser komplettes Angebot an Rolex <a href=\"https:\/\/langedykvintagewatches.com\/de\/rolex-brands-de\/datejust-de\/\">Datejust <\/a>Uhren.<\/p>\n","protected":false},"featured_media":72282,"template":"","meta":{"_acf_changed":false},"product_brand":[],"product_cat":[1931,2022,1922,1909,1910,1914,1915,2021,2600],"product_tag":[],"class_list":{"0":"post-71752","1":"product","2":"type-product","3":"status-publish","4":"has-post-thumbnail","5":"product_cat-116231-de","6":"product_cat-armbanduhren","7":"product_cat-datejust-de","8":"product_cat-herrenuhren","9":"product_cat-neu-eingetroffen","10":"product_cat-rolex-de","11":"product_cat-rolex-brands-de","12":"product_cat-unisex-armbanduhren","13":"product_cat-verkaufte-uhren","15":"first","16":"outofstock","17":"taxable","18":"shipping-taxable","19":"purchasable","20":"product-type-simple"},"acf":[],"_links":{"self":[{"href":"https:\/\/langedykvintagewatches.com\/de\/wp-json\/wp\/v2\/product\/71752","targetHints":{"allow":["GET"]}}],"collection":[{"href":"https:\/\/langedykvintagewatches.com\/de\/wp-json\/wp\/v2\/product"}],"about":[{"href":"https:\/\/langedykvintagewatches.com\/de\/wp-json\/wp\/v2\/types\/product"}],"wp:featuredmedia":[{"embeddable":true,"href":"https:\/\/langedykvintagewatches.com\/de\/wp-json\/wp\/v2\/media\/72282"}],"wp:attachment":[{"href":"https:\/\/langedykvintagewatches.com\/de\/wp-json\/wp\/v2\/media?parent=71752"}],"wp:term":[{"taxonomy":"product_brand","embeddable":true,"href":"https:\/\/langedykvintagewatches.com\/de\/wp-json\/wp\/v2\/product_brand?post=71752"},{"taxonomy":"product_cat","embeddable":true,"href":"https:\/\/langedykvintagewatches.com\/de\/wp-json\/wp\/v2\/product_cat?post=71752"},{"taxonomy":"product_tag","embeddable":true,"href":"https:\/\/langedykvintagewatches.com\/de\/wp-json\/wp\/v2\/product_tag?post=71752"}],"curies":[{"name":"wp","href":"https:\/\/api.w.org\/{rel}","templated":true}]}}