{"id":70562,"date":"2024-11-26T08:52:25","date_gmt":"2024-11-21T14:50:24","guid":{"rendered":"https:\/\/langedykvintagewatches.com\/?post_type=product&#038;p=70562"},"modified":"2024-11-26T08:52:25","modified_gmt":"2024-11-26T08:52:25","slug":"rolex-day-date-18038-3","status":"publish","type":"product","link":"https:\/\/langedykvintagewatches.com\/de\/produkt\/rolex-day-date-18038-3\/","title":{"rendered":"Rolex Day-Date Champagne 18038 1983"},"content":{"rendered":"","protected":false},"excerpt":{"rendered":"<p>Rolex Oyster Perpetual Day-Date Referenz 18038 aus dem Jahr 1983. Die Day-Date 18038 misst ein 36-mm-Geh\u00e4use aus 18-kar\u00e4tigem Gold, ein 18-kar\u00e4tiges Pr\u00e4sidentenarmband mit Kronenschlie\u00dfe und eine kannelierte L\u00fcnette aus 18-kar\u00e4tigem Gold. Die Day-Date 18038 verf\u00fcgt \u00fcber ein Automatikwerk Kaliber 3055 mit Schnellverstellung von Datum und Wochentag, ein kratzfestes Saphirglas und ein champagnerfarbenes Stabzifferblatt mit Tritiumzeigern.<\/p>\n<p>Jede Uhr, die von Langedyk Vintage Watches verkauft wird, wird mit einer LVW-Uhrenbox, einem Echtheitsbericht und einem kostenlosen weltweiten (versicherten) Versand geliefert. Dar\u00fcber hinaus wird jede gebrauchte Uhr mit unserer 12-monatigen Garantie ab dem Kaufdatum angeboten.<\/p>\n<p>Wenn Sie Fragen haben oder zus\u00e4tzliche Informationen zu dieser Uhr erhalten m\u00f6chten, k\u00f6nnen Sie uns gerne telefonisch oder per E-Mail kontaktieren. Wir werden Ihre Anfrage so schnell wie m\u00f6glich beantworten.<\/p>\n<p>Werfen Sie auch einen Blick auf unsere komplette Kollektion von Rolex <a href=\"https:\/\/langedykvintagewatches.com\/de\/day-date-de\/\">Day-Date<\/a> Uhren.<\/p>\n","protected":false},"featured_media":71613,"template":"","meta":{"_acf_changed":false},"product_brand":[],"product_cat":[1952,2022,2023,1951,1909,1910,1914,1915,2021],"product_tag":[],"class_list":{"0":"post-70562","1":"product","2":"type-product","3":"status-publish","4":"has-post-thumbnail","5":"product_cat-18038-de","6":"product_cat-armbanduhren","7":"product_cat-damenuhren","8":"product_cat-day-date-de","9":"product_cat-herrenuhren","10":"product_cat-neu-eingetroffen","11":"product_cat-rolex-de","12":"product_cat-rolex-brands-de","13":"product_cat-unisex-armbanduhren","15":"first","16":"outofstock","17":"purchasable","18":"product-type-simple"},"acf":[],"_links":{"self":[{"href":"https:\/\/langedykvintagewatches.com\/de\/wp-json\/wp\/v2\/product\/70562","targetHints":{"allow":["GET"]}}],"collection":[{"href":"https:\/\/langedykvintagewatches.com\/de\/wp-json\/wp\/v2\/product"}],"about":[{"href":"https:\/\/langedykvintagewatches.com\/de\/wp-json\/wp\/v2\/types\/product"}],"wp:featuredmedia":[{"embeddable":true,"href":"https:\/\/langedykvintagewatches.com\/de\/wp-json\/wp\/v2\/media\/71613"}],"wp:attachment":[{"href":"https:\/\/langedykvintagewatches.com\/de\/wp-json\/wp\/v2\/media?parent=70562"}],"wp:term":[{"taxonomy":"product_brand","embeddable":true,"href":"https:\/\/langedykvintagewatches.com\/de\/wp-json\/wp\/v2\/product_brand?post=70562"},{"taxonomy":"product_cat","embeddable":true,"href":"https:\/\/langedykvintagewatches.com\/de\/wp-json\/wp\/v2\/product_cat?post=70562"},{"taxonomy":"product_tag","embeddable":true,"href":"https:\/\/langedykvintagewatches.com\/de\/wp-json\/wp\/v2\/product_tag?post=70562"}],"curies":[{"name":"wp","href":"https:\/\/api.w.org\/{rel}","templated":true}]}}