{"id":70559,"date":"2026-01-06T10:04:04","date_gmt":"2026-01-06T09:04:04","guid":{"rendered":"https:\/\/langedykvintagewatches.com\/?post_type=product&#038;p=70559"},"modified":"2026-01-06T10:04:12","modified_gmt":"2026-01-06T09:04:12","slug":"rolex-day-date-18238-24","status":"publish","type":"product","link":"https:\/\/langedykvintagewatches.com\/de\/produkt\/rolex-day-date-18238-24\/","title":{"rendered":"Rolex Day-Date Champagne Diamond 18238 1995"},"content":{"rendered":"","protected":false},"excerpt":{"rendered":"<p>Rolex Oyster Perpetual Day-Date Referenz 18238 aus dem Jahr 1995. Die Day-Date 18238 hat ein 36-mm-Geh\u00e4use aus 18-kar\u00e4tigem Gold, ein 18-kar\u00e4tiges President-Uhrenarmband mit Kronenschlie\u00dfe und eine kannelierte L\u00fcnette aus 18-kar\u00e4tigem Gold. Die Day-Date 18238 verf\u00fcgt \u00fcber ein Automatikwerk Kaliber 3155 mit doppelter Schnellverstellung von Datum und Wochentag, kratzfestes Saphirglas und ein champagnerfarbenes Zifferblatt.<\/p>\n<p>Jede von Langedyk Vintage Watches verkaufte Uhr wird mit einer LVW-Uhrenbox, einem Echtheitsbericht und einem kostenlosen weltweiten (versicherten) Versand geliefert. Dar\u00fcber hinaus wird jede gebrauchte Uhr mit unserer 12-monatigen Garantie ab dem Kaufdatum angeboten.<\/p>\n<p>Wenn Sie Fragen haben oder weitere Informationen zu dieser Uhr erhalten m\u00f6chten, k\u00f6nnen Sie uns gerne telefonisch oder per E-Mail kontaktieren. Wir werden so schnell wie m\u00f6glich auf Ihre Anfrage reagieren.<\/p>\n<p>Bitte schauen Sie sich auch unsere komplette Kollektion von Rolex <a href=\"https:\/\/langedykvintagewatches.com\/de\/day-date-de\/\">Day-Date<\/a> Uhren an.<\/p>\n","protected":false},"featured_media":100863,"template":"","meta":{"_acf_changed":false},"product_brand":[],"product_cat":[1909,1954,2022,1951,1910,1914,1915,2600],"product_tag":[],"class_list":{"0":"post-70559","1":"product","2":"type-product","3":"status-publish","4":"has-post-thumbnail","5":"product_cat-herrenuhren","6":"product_cat-18238-de","7":"product_cat-armbanduhren","8":"product_cat-day-date-de","9":"product_cat-neu-eingetroffen","10":"product_cat-rolex-de","11":"product_cat-rolex-brands-de","12":"product_cat-verkaufte-uhren","14":"first","15":"outofstock","16":"purchasable","17":"product-type-simple"},"acf":[],"_links":{"self":[{"href":"https:\/\/langedykvintagewatches.com\/de\/wp-json\/wp\/v2\/product\/70559","targetHints":{"allow":["GET"]}}],"collection":[{"href":"https:\/\/langedykvintagewatches.com\/de\/wp-json\/wp\/v2\/product"}],"about":[{"href":"https:\/\/langedykvintagewatches.com\/de\/wp-json\/wp\/v2\/types\/product"}],"wp:featuredmedia":[{"embeddable":true,"href":"https:\/\/langedykvintagewatches.com\/de\/wp-json\/wp\/v2\/media\/100863"}],"wp:attachment":[{"href":"https:\/\/langedykvintagewatches.com\/de\/wp-json\/wp\/v2\/media?parent=70559"}],"wp:term":[{"taxonomy":"product_brand","embeddable":true,"href":"https:\/\/langedykvintagewatches.com\/de\/wp-json\/wp\/v2\/product_brand?post=70559"},{"taxonomy":"product_cat","embeddable":true,"href":"https:\/\/langedykvintagewatches.com\/de\/wp-json\/wp\/v2\/product_cat?post=70559"},{"taxonomy":"product_tag","embeddable":true,"href":"https:\/\/langedykvintagewatches.com\/de\/wp-json\/wp\/v2\/product_tag?post=70559"}],"curies":[{"name":"wp","href":"https:\/\/api.w.org\/{rel}","templated":true}]}}