{"id":70484,"date":"2025-02-05T08:47:06","date_gmt":"2024-11-18T10:32:28","guid":{"rendered":"https:\/\/langedykvintagewatches.com\/?post_type=product&#038;p=70484"},"modified":"2026-04-07T09:06:05","modified_gmt":"2026-04-07T07:06:05","slug":"patek-philippe-aquanaut-5167r-2022-vollstandiger-satz-copy","status":"publish","type":"product","link":"https:\/\/langedykvintagewatches.com\/de\/produkt\/patek-philippe-aquanaut-5167r-2022-vollstandiger-satz-copy\/","title":{"rendered":"Patek Philippe Aquanaut 5168G 2019 (Vollst\u00e4ndiger Satz)"},"content":{"rendered":"","protected":false},"excerpt":{"rendered":"<div>Patek Philippe Aquanaut Referenz 5168G von 2019 mit komplettem Set. Die Aquanaut 5168G hat ein Wei\u00dfgoldgeh\u00e4use (42,2 mm), ein blaues Kautschukband mit Schmetterlingsschlie\u00dfe und eine Wei\u00dfgoldl\u00fcnette. Die Aquanaut 5168G verf\u00fcgt \u00fcber ein Automatikwerk Kaliber 324SC mit Schnellverstellung des Datums, ein kratzfestes Saphirglas und ein blaues Pr\u00e4gezifferblatt mit goldenen Appliken.<\/div>\n<div><\/div>\n<div>Wenn Sie Fragen haben oder zus\u00e4tzliche Informationen zu dieser Uhr erhalten m\u00f6chten, k\u00f6nnen Sie uns gerne telefonisch oder per E-Mail kontaktieren. Wir werden Ihre Anfrage so schnell wie m\u00f6glich beantworten.<\/div>\n","protected":false},"featured_media":70490,"template":"","meta":{"_acf_changed":false},"product_brand":[],"product_cat":[1909,2022,1910,2997,2021],"product_tag":[],"class_list":{"0":"post-70484","1":"product","2":"type-product","3":"status-publish","4":"has-post-thumbnail","5":"product_cat-herrenuhren","6":"product_cat-armbanduhren","7":"product_cat-neu-eingetroffen","8":"product_cat-patek-philippe-de","9":"product_cat-unisex-armbanduhren","11":"first","12":"outofstock","13":"taxable","14":"shipping-taxable","15":"purchasable","16":"product-type-simple"},"acf":[],"_links":{"self":[{"href":"https:\/\/langedykvintagewatches.com\/de\/wp-json\/wp\/v2\/product\/70484","targetHints":{"allow":["GET"]}}],"collection":[{"href":"https:\/\/langedykvintagewatches.com\/de\/wp-json\/wp\/v2\/product"}],"about":[{"href":"https:\/\/langedykvintagewatches.com\/de\/wp-json\/wp\/v2\/types\/product"}],"wp:featuredmedia":[{"embeddable":true,"href":"https:\/\/langedykvintagewatches.com\/de\/wp-json\/wp\/v2\/media\/70490"}],"wp:attachment":[{"href":"https:\/\/langedykvintagewatches.com\/de\/wp-json\/wp\/v2\/media?parent=70484"}],"wp:term":[{"taxonomy":"product_brand","embeddable":true,"href":"https:\/\/langedykvintagewatches.com\/de\/wp-json\/wp\/v2\/product_brand?post=70484"},{"taxonomy":"product_cat","embeddable":true,"href":"https:\/\/langedykvintagewatches.com\/de\/wp-json\/wp\/v2\/product_cat?post=70484"},{"taxonomy":"product_tag","embeddable":true,"href":"https:\/\/langedykvintagewatches.com\/de\/wp-json\/wp\/v2\/product_tag?post=70484"}],"curies":[{"name":"wp","href":"https:\/\/api.w.org\/{rel}","templated":true}]}}