{"id":69750,"date":"2024-11-19T08:46:14","date_gmt":"2024-11-14T15:10:08","guid":{"rendered":"https:\/\/langedykvintagewatches.com\/?post_type=product&#038;p=69750"},"modified":"2024-11-19T08:45:14","modified_gmt":"2024-11-19T08:45:14","slug":"rolex-daytona-126509","status":"publish","type":"product","link":"https:\/\/langedykvintagewatches.com\/de\/produkt\/rolex-daytona-126509\/","title":{"rendered":"Rolex Daytona Black 126509 2023 (Vollst\u00e4ndiger Satz)"},"content":{"rendered":"","protected":false},"excerpt":{"rendered":"<p>Rolex Daytona Referenz 126509 aus dem Jahr 2023 inklusive Komplettset. Die Rolex Daytona 126509 hat ein 40-mm-Wei\u00dfgoldgeh\u00e4use, ist mit einem Wei\u00dfgold-Oyster-Armband ausgestattet und verf\u00fcgt \u00fcber eine Wei\u00dfgoldl\u00fcnette. Die Rolex Daytona 126509 wird von einem hauseigenen Kaliber 4131 angetrieben, das \u00fcber eine Chronographenfunktion verf\u00fcgt, mit der sich Aktivit\u00e4ten pr\u00e4zise und einfach timen lassen. Diese Daytona hat ein schwarzes Zifferblatt und wird mit der Originalbox, den Rolex-Papieren und der Rolex-Servicekarte geliefert.<\/p>\n<p>Jede Uhr, die von Langedyk Vintage Watches verkauft wird, wird mit einer LVW-Uhrenbox, einem Echtheitsbericht und einem kostenlosen weltweiten (versicherten) Versand geliefert. Dar\u00fcber hinaus wird jede gebrauchte Uhr mit unserer 12-monatigen Garantie ab dem Kaufdatum angeboten.<\/p>\n<p>Wenn Sie Fragen haben oder zus\u00e4tzliche Informationen zu dieser Uhr erhalten m\u00f6chten, k\u00f6nnen Sie uns gerne telefonisch oder per E-Mail kontaktieren. Wir werden Ihre Anfrage so schnell wie m\u00f6glich beantworten.<\/p>\n<p>Werfen Sie bitte auch einen Blick auf unser komplettes Angebot an <a href=\"https:\/\/langedykvintagewatches.com\/de\/rolex-brands-de\/daytona-de\/\">Rolex Daytona<\/a> Uhren.<\/p>\n","protected":false},"featured_media":70331,"template":"","meta":{"_acf_changed":false},"product_brand":[],"product_cat":[2022,1963,1909,1910,1914,1915,2600],"product_tag":[],"class_list":{"0":"post-69750","1":"product","2":"type-product","3":"status-publish","4":"has-post-thumbnail","5":"product_cat-armbanduhren","6":"product_cat-daytona-de","7":"product_cat-herrenuhren","8":"product_cat-neu-eingetroffen","9":"product_cat-rolex-de","10":"product_cat-rolex-brands-de","11":"product_cat-verkaufte-uhren","13":"first","14":"outofstock","15":"taxable","16":"shipping-taxable","17":"purchasable","18":"product-type-simple"},"acf":[],"_links":{"self":[{"href":"https:\/\/langedykvintagewatches.com\/de\/wp-json\/wp\/v2\/product\/69750","targetHints":{"allow":["GET"]}}],"collection":[{"href":"https:\/\/langedykvintagewatches.com\/de\/wp-json\/wp\/v2\/product"}],"about":[{"href":"https:\/\/langedykvintagewatches.com\/de\/wp-json\/wp\/v2\/types\/product"}],"wp:featuredmedia":[{"embeddable":true,"href":"https:\/\/langedykvintagewatches.com\/de\/wp-json\/wp\/v2\/media\/70331"}],"wp:attachment":[{"href":"https:\/\/langedykvintagewatches.com\/de\/wp-json\/wp\/v2\/media?parent=69750"}],"wp:term":[{"taxonomy":"product_brand","embeddable":true,"href":"https:\/\/langedykvintagewatches.com\/de\/wp-json\/wp\/v2\/product_brand?post=69750"},{"taxonomy":"product_cat","embeddable":true,"href":"https:\/\/langedykvintagewatches.com\/de\/wp-json\/wp\/v2\/product_cat?post=69750"},{"taxonomy":"product_tag","embeddable":true,"href":"https:\/\/langedykvintagewatches.com\/de\/wp-json\/wp\/v2\/product_tag?post=69750"}],"curies":[{"name":"wp","href":"https:\/\/api.w.org\/{rel}","templated":true}]}}