{"id":69678,"date":"2024-11-19T08:45:09","date_gmt":"2024-11-07T15:12:47","guid":{"rendered":"https:\/\/langedykvintagewatches.com\/?post_type=product&#038;p=69678"},"modified":"2024-11-19T08:45:10","modified_gmt":"2024-11-19T08:45:10","slug":"rolex-sea-dweller-126600-3","status":"publish","type":"product","link":"https:\/\/langedykvintagewatches.com\/de\/produkt\/rolex-sea-dweller-126600-3\/","title":{"rendered":"Rolex Sea-Dweller Black &#8222;Red Line&#8220; 126600 2024 (Vollst\u00e4ndiger Satz)"},"content":{"rendered":"","protected":false},"excerpt":{"rendered":"<p>Rolex Sea-Dweller Reference 126600 aus dem Jahr 2024 inklusive Komplettset. Die Sea-Dweller Reference 126600 misst ein 43 mm gro\u00dfes Edelstahlgeh\u00e4use mit Heliumauslassventil, ein Edelstahl-Oysterbracelet mit Glidelock und schwarzer drehbarer L\u00fcnette. Die Sea-Dweller 126600 verf\u00fcgt \u00fcber ein Automatikwerk Kaliber 3235 mit Quickset-Datumsfunktion, ein kratzfestes Saphirglas und ein schwarzes &#8222;Red Line&#8220; Zifferblatt mit Chromalight-Anzeige.<\/p>\n<p>Jede Uhr aus unserer Kollektion wird mit einer LVW-Uhrenbox, einem Echtheitszertifikat und einer 12-monatigen Garantie geliefert. Dar\u00fcber hinaus werden alle unsere Uhren innerhalb Europas kostenlos und versichert versandt. Haben Sie Fragen oder m\u00f6chten Sie weitere Informationen zu dieser Uhr erhalten?<\/p>\n<p>Bitte z\u00f6gern Sie nicht, uns telefonisch zu kontaktieren oder uns eine E-Mail zu schicken. Wir werden versuchen, Ihre Anfrage so schnell wie m\u00f6glich innerhalb von 24 Stunden zu beantworten. Werfen Sie auch einen Blick auf unser komplettes Angebot an Rolex <a href=\"https:\/\/langedykvintagewatches.com\/de\/rolex-brands-de\/sea-dweller-de\/\">Sea-Dweller<\/a> Uhren.<\/p>\n","protected":false},"featured_media":70433,"template":"","meta":{"_acf_changed":false},"product_brand":[],"product_cat":[1909,1998,2022,1910,1914,1915,1993],"product_tag":[],"class_list":{"0":"post-69678","1":"product","2":"type-product","3":"status-publish","4":"has-post-thumbnail","5":"product_cat-herrenuhren","6":"product_cat-126600-de","7":"product_cat-armbanduhren","8":"product_cat-neu-eingetroffen","9":"product_cat-rolex-de","10":"product_cat-rolex-brands-de","11":"product_cat-sea-dweller-de","13":"first","14":"outofstock","15":"taxable","16":"shipping-taxable","17":"purchasable","18":"product-type-simple"},"acf":[],"_links":{"self":[{"href":"https:\/\/langedykvintagewatches.com\/de\/wp-json\/wp\/v2\/product\/69678","targetHints":{"allow":["GET"]}}],"collection":[{"href":"https:\/\/langedykvintagewatches.com\/de\/wp-json\/wp\/v2\/product"}],"about":[{"href":"https:\/\/langedykvintagewatches.com\/de\/wp-json\/wp\/v2\/types\/product"}],"wp:featuredmedia":[{"embeddable":true,"href":"https:\/\/langedykvintagewatches.com\/de\/wp-json\/wp\/v2\/media\/70433"}],"wp:attachment":[{"href":"https:\/\/langedykvintagewatches.com\/de\/wp-json\/wp\/v2\/media?parent=69678"}],"wp:term":[{"taxonomy":"product_brand","embeddable":true,"href":"https:\/\/langedykvintagewatches.com\/de\/wp-json\/wp\/v2\/product_brand?post=69678"},{"taxonomy":"product_cat","embeddable":true,"href":"https:\/\/langedykvintagewatches.com\/de\/wp-json\/wp\/v2\/product_cat?post=69678"},{"taxonomy":"product_tag","embeddable":true,"href":"https:\/\/langedykvintagewatches.com\/de\/wp-json\/wp\/v2\/product_tag?post=69678"}],"curies":[{"name":"wp","href":"https:\/\/api.w.org\/{rel}","templated":true}]}}